{"id":1974,"date":"2023-03-06T11:36:44","date_gmt":"2023-03-06T11:36:44","guid":{"rendered":"https:\/\/bricer.pt\/produto\/colmans-mostarda-tradicional-inglesa-frasco-100g\/"},"modified":"2023-10-25T09:05:26","modified_gmt":"2023-10-25T09:05:26","slug":"colmans-mostarda-tradicional-inglesa-frasco-100g","status":"publish","type":"product","link":"https:\/\/bricer.pt\/?product=colmans-mostarda-tradicional-inglesa-frasco-100g","title":{"rendered":"Colman\u2019s Mostarda Tradicional Inglesa Frasco 100g"},"content":{"rendered":"<p><strong>Colman\u2019s Mostarda Tradicional Inglesa Frasco 100g.<\/strong><\/p>\n<p>&nbsp;<\/p>\n<p><strong>Ingredientes<\/strong>: \u00c1gua, farinha de MOSTARDA (21%), a\u00e7\u00facar, sal, farinha de TRIGO, curcuma, acidificante (\u00e1cido c\u00edtrico), estabilizador (goma xantana).<\/p>\n<p><strong>Alerg\u00e9nios<\/strong>: ver MAI\u00daSCULAS.<\/p>\n<p><strong>Declara\u00e7\u00e3o Nutricional p\/100g:<\/strong> Energia 813kJ\/195kcal; L\u00edpidos 12g (dos quais saturados 0,7g); Hidratos de Carbono 13g (dos quais a\u00e7\u00facares 13g); Prote\u00edna 6,8g; Sal 8,5g.<\/p>\n","protected":false},"excerpt":{"rendered":"<p>Colman\u2019s Mostarda Tradicional Inglesa Frasco 100g. &nbsp; Ingredientes: \u00c1gua, farinha de MOSTARDA (21%), a\u00e7\u00facar, sal, farinha de TRIGO, curcuma, acidificante (\u00e1cido c\u00edtrico), estabilizador (goma xantana). Alerg\u00e9nios: ver MAI\u00daSCULAS. Declara\u00e7\u00e3o Nutricional p\/100g: Energia 813kJ\/195kcal; L\u00edpidos 12g (dos quais saturados 0,7g); Hidratos de Carbono 13g (dos quais a\u00e7\u00facares 13g); Prote\u00edna 6,8g; Sal 8,5g.<\/p>\n","protected":false},"featured_media":1975,"template":"","meta":[],"product_brand":[],"product_cat":[299,17],"product_tag":[],"class_list":{"0":"post-1974","1":"product","2":"type-product","3":"status-publish","4":"has-post-thumbnail","6":"product_cat-maionese-e-mostardas-mercearia","7":"product_cat-mercearia","8":"pa_marcas-colmans","9":"pa_pais-reino-unido","11":"first","12":"instock","13":"taxable","14":"shipping-taxable","15":"product-type-simple"},"_links":{"self":[{"href":"https:\/\/bricer.pt\/index.php?rest_route=\/wp\/v2\/product\/1974","targetHints":{"allow":["GET"]}}],"collection":[{"href":"https:\/\/bricer.pt\/index.php?rest_route=\/wp\/v2\/product"}],"about":[{"href":"https:\/\/bricer.pt\/index.php?rest_route=\/wp\/v2\/types\/product"}],"wp:featuredmedia":[{"embeddable":true,"href":"https:\/\/bricer.pt\/index.php?rest_route=\/wp\/v2\/media\/1975"}],"wp:attachment":[{"href":"https:\/\/bricer.pt\/index.php?rest_route=%2Fwp%2Fv2%2Fmedia&parent=1974"}],"wp:term":[{"taxonomy":"product_brand","embeddable":true,"href":"https:\/\/bricer.pt\/index.php?rest_route=%2Fwp%2Fv2%2Fproduct_brand&post=1974"},{"taxonomy":"product_cat","embeddable":true,"href":"https:\/\/bricer.pt\/index.php?rest_route=%2Fwp%2Fv2%2Fproduct_cat&post=1974"},{"taxonomy":"product_tag","embeddable":true,"href":"https:\/\/bricer.pt\/index.php?rest_route=%2Fwp%2Fv2%2Fproduct_tag&post=1974"}],"curies":[{"name":"wp","href":"https:\/\/api.w.org\/{rel}","templated":true}]}}