{"id":1972,"date":"2023-03-06T11:36:44","date_gmt":"2023-03-06T11:36:44","guid":{"rendered":"https:\/\/bricer.pt\/produto\/borchers-bff-adocante-em-po-c-stevia-frasco-75g\/"},"modified":"2023-04-17T08:01:00","modified_gmt":"2023-04-17T08:01:00","slug":"borchers-bff-adocante-em-po-c-stevia-frasco-75g","status":"publish","type":"product","link":"https:\/\/bricer.pt\/?product=borchers-bff-adocante-em-po-c-stevia-frasco-75g","title":{"rendered":"Borchers BFF Ado\u00e7ante em P\u00f3 c\/ &#8220;Stevia&#8221; Frasco 75g"},"content":{"rendered":"<p><strong>Borchers BFF Ado\u00e7ante em P\u00f3 c\/ &#8220;Stevia&#8221; Frasco 75g.<\/strong><\/p>\n<p>&nbsp;<\/p>\n<p><strong>Ingredientes<\/strong>.: Maltodextrina, ado\u00e7ante: glicos\u00eddeos de esteviol (E960) (3%).<\/p>\n<p><strong>Declara\u00e7\u00e3o Nutricional p\/100g:<\/strong> Energia 1615kJ\/380kcal; L\u00edpidos 0g (dos quais saturados 0g); Hidratos de Carbono 95g (dos quais a\u00e7\u00facares 6,6g); Prote\u00ednas 0g; Sal 0g.<\/p>\n","protected":false},"excerpt":{"rendered":"<p>Borchers BFF Ado\u00e7ante em P\u00f3 c\/ &#8220;Stevia&#8221; Frasco 75g. &nbsp; Ingredientes.: Maltodextrina, ado\u00e7ante: glicos\u00eddeos de esteviol (E960) (3%). Declara\u00e7\u00e3o Nutricional p\/100g: Energia 1615kJ\/380kcal; L\u00edpidos 0g (dos quais saturados 0g); Hidratos de Carbono 95g (dos quais a\u00e7\u00facares 6,6g); Prote\u00ednas 0g; Sal 0g.<\/p>\n","protected":false},"featured_media":1973,"template":"","meta":[],"product_brand":[],"product_cat":[275,76],"product_tag":[],"class_list":{"0":"post-1972","1":"product","2":"type-product","3":"status-publish","4":"has-post-thumbnail","6":"product_cat-acucar-adocante","7":"product_cat-mercearia-doce","8":"pa_marcas-borchers-bff","9":"pa_pais-alemanha","11":"first","12":"instock","13":"taxable","14":"shipping-taxable","15":"product-type-simple"},"_links":{"self":[{"href":"https:\/\/bricer.pt\/index.php?rest_route=\/wp\/v2\/product\/1972","targetHints":{"allow":["GET"]}}],"collection":[{"href":"https:\/\/bricer.pt\/index.php?rest_route=\/wp\/v2\/product"}],"about":[{"href":"https:\/\/bricer.pt\/index.php?rest_route=\/wp\/v2\/types\/product"}],"wp:featuredmedia":[{"embeddable":true,"href":"https:\/\/bricer.pt\/index.php?rest_route=\/wp\/v2\/media\/1973"}],"wp:attachment":[{"href":"https:\/\/bricer.pt\/index.php?rest_route=%2Fwp%2Fv2%2Fmedia&parent=1972"}],"wp:term":[{"taxonomy":"product_brand","embeddable":true,"href":"https:\/\/bricer.pt\/index.php?rest_route=%2Fwp%2Fv2%2Fproduct_brand&post=1972"},{"taxonomy":"product_cat","embeddable":true,"href":"https:\/\/bricer.pt\/index.php?rest_route=%2Fwp%2Fv2%2Fproduct_cat&post=1972"},{"taxonomy":"product_tag","embeddable":true,"href":"https:\/\/bricer.pt\/index.php?rest_route=%2Fwp%2Fv2%2Fproduct_tag&post=1972"}],"curies":[{"name":"wp","href":"https:\/\/api.w.org\/{rel}","templated":true}]}}