{"id":1970,"date":"2023-03-06T11:36:44","date_gmt":"2023-03-06T11:36:44","guid":{"rendered":"https:\/\/bricer.pt\/produto\/quaker-cruesli-multifrutos-emb-450g\/"},"modified":"2023-04-17T08:01:00","modified_gmt":"2023-04-17T08:01:00","slug":"quaker-cruesli-multifrutos-emb-450g","status":"publish","type":"product","link":"https:\/\/bricer.pt\/?product=quaker-cruesli-multifrutos-emb-450g","title":{"rendered":"Quaker &#8220;Cruesli &#8221; Multifrutos  Emb. 450g"},"content":{"rendered":"<p><strong>Quaker &#8220;Cruesli &#8221; Multifrutos Emb. 450g.<\/strong><\/p>\n<p>&nbsp;<\/p>\n<p><strong>Ingredientes<\/strong>: AVEIA de trigo integral (29%), TRIGO integral (17%), xarope de glicose, a\u00e7\u00facar, \u00f3leo vegetal (\u00f3leo de girassol, \u00f3leo de coco), coco seco (5,3%), banana seca (3,8%), oligofrutose, passas (2,8%), papaia seca (2,2%), abacaxi seco (1,7%), ma\u00e7\u00e3 seca (1,3%), farinha de linha, farinha de trigo, agente de gelifica\u00e7\u00e3o (glicerol), mel (0,4%), sabor natural de banana e outros sabores naturais, antioxidante (tocoferol).<\/p>\n<p><strong>Alerg\u00e9nios<\/strong>: Ver MAI\u00daSCULAS. Este produto \u00e9 fabricado numa linha de produ\u00e7\u00e3o em que diferentes tipos de nozes s\u00e3o processados.<\/p>\n<p><strong>Declara\u00e7\u00e3o Nutricional p\/100g:<\/strong> Energia 1842kJ\/445kcal; L\u00edpidos 16g (dos quais saturados 4,3g); Hidratos de Carbono 62g (dos quais a\u00e7\u00facares 19g); Fibra 10g; Prote\u00ednas 6,7g; Sal 0,03g; Tiamina 0,17mg; F\u00f3sforo 195mg.<\/p>\n","protected":false},"excerpt":{"rendered":"<p>Quaker &#8220;Cruesli &#8221; Multifrutos Emb. 450g. &nbsp; Ingredientes: AVEIA de trigo integral (29%), TRIGO integral (17%), xarope de glicose, a\u00e7\u00facar, \u00f3leo vegetal (\u00f3leo de girassol, \u00f3leo de coco), coco seco (5,3%), banana seca (3,8%), oligofrutose, passas (2,8%), papaia seca (2,2%), abacaxi seco (1,7%), ma\u00e7\u00e3 seca (1,3%), farinha de linha, farinha de trigo, agente de gelifica\u00e7\u00e3o [&hellip;]<\/p>\n","protected":false},"featured_media":1971,"template":"","meta":[],"product_brand":[],"product_cat":[76,82],"product_tag":[],"class_list":{"0":"post-1970","1":"product","2":"type-product","3":"status-publish","4":"has-post-thumbnail","6":"product_cat-mercearia-doce","7":"product_cat-pequeno-almoco","8":"pa_marcas-quaker","9":"pa_pais-paises-baixos","11":"first","12":"instock","13":"taxable","14":"shipping-taxable","15":"product-type-simple"},"_links":{"self":[{"href":"https:\/\/bricer.pt\/index.php?rest_route=\/wp\/v2\/product\/1970","targetHints":{"allow":["GET"]}}],"collection":[{"href":"https:\/\/bricer.pt\/index.php?rest_route=\/wp\/v2\/product"}],"about":[{"href":"https:\/\/bricer.pt\/index.php?rest_route=\/wp\/v2\/types\/product"}],"wp:featuredmedia":[{"embeddable":true,"href":"https:\/\/bricer.pt\/index.php?rest_route=\/wp\/v2\/media\/1971"}],"wp:attachment":[{"href":"https:\/\/bricer.pt\/index.php?rest_route=%2Fwp%2Fv2%2Fmedia&parent=1970"}],"wp:term":[{"taxonomy":"product_brand","embeddable":true,"href":"https:\/\/bricer.pt\/index.php?rest_route=%2Fwp%2Fv2%2Fproduct_brand&post=1970"},{"taxonomy":"product_cat","embeddable":true,"href":"https:\/\/bricer.pt\/index.php?rest_route=%2Fwp%2Fv2%2Fproduct_cat&post=1970"},{"taxonomy":"product_tag","embeddable":true,"href":"https:\/\/bricer.pt\/index.php?rest_route=%2Fwp%2Fv2%2Fproduct_tag&post=1970"}],"curies":[{"name":"wp","href":"https:\/\/api.w.org\/{rel}","templated":true}]}}