{"id":1968,"date":"2023-03-06T11:36:44","date_gmt":"2023-03-06T11:36:44","guid":{"rendered":"https:\/\/bricer.pt\/produto\/quaker-cruesli-c-passas-emb-450g\/"},"modified":"2023-04-17T08:01:00","modified_gmt":"2023-04-17T08:01:00","slug":"quaker-cruesli-c-passas-emb-450g","status":"publish","type":"product","link":"https:\/\/bricer.pt\/?product=quaker-cruesli-c-passas-emb-450g","title":{"rendered":"Quaker &#8220;Cruesli&#8221; c\/ Passas  Emb. 450g"},"content":{"rendered":"<p><strong>Quaker &#8220;Cruesli&#8221; c\/ Passas Emb. 450g.<\/strong><\/p>\n<p>&nbsp;<\/p>\n<p><strong>Ingredientes<\/strong>: AVEIA integral (33%), TRIGO integral (19%), xarope de glicose, \u00f3leo de girassol, a\u00e7\u00facar, passas (7%), oligofrutose, AVEL\u00c3S (1,5%),farinha de arroz, FARINHA de TRIGO, gelificante (glicerol), mel (0,5 %), sabor natural de passas e outros sabores naturais, antioxidante (tocoferol).<\/p>\n<p><strong>Alerg\u00e9nios<\/strong>: Ver MAI\u00daSCULAS. Este produto \u00e9 fabricado numa linha de produ\u00e7\u00e3o em que os diferentes tipos de nozes s\u00e3o processados.<\/p>\n<p><strong>Declara\u00e7\u00e3o Nutricional p\/100g:<\/strong> Energia 1783kJ\/430kcal; L\u00edpidos 14g (dos quais saturados 1,4g);Hidratos de Carbono 62g (dos quais a\u00e7\u00facares 16g); Fibra 9,9g; Prote\u00ednas 7,1g; Sal &lt;0,01g; Tiamina 0,19mg; F\u00f3sforo 219mg; Ferro 2,1mg.<\/p>\n","protected":false},"excerpt":{"rendered":"<p>Quaker &#8220;Cruesli&#8221; c\/ Passas Emb. 450g. &nbsp; Ingredientes: AVEIA integral (33%), TRIGO integral (19%), xarope de glicose, \u00f3leo de girassol, a\u00e7\u00facar, passas (7%), oligofrutose, AVEL\u00c3S (1,5%),farinha de arroz, FARINHA de TRIGO, gelificante (glicerol), mel (0,5 %), sabor natural de passas e outros sabores naturais, antioxidante (tocoferol). Alerg\u00e9nios: Ver MAI\u00daSCULAS. Este produto \u00e9 fabricado numa linha [&hellip;]<\/p>\n","protected":false},"featured_media":1969,"template":"","meta":[],"product_brand":[],"product_cat":[76,82],"product_tag":[],"class_list":{"0":"post-1968","1":"product","2":"type-product","3":"status-publish","4":"has-post-thumbnail","6":"product_cat-mercearia-doce","7":"product_cat-pequeno-almoco","8":"pa_marcas-quaker","9":"pa_pais-estados-unidos-da-america","11":"first","12":"instock","13":"taxable","14":"shipping-taxable","15":"product-type-simple"},"_links":{"self":[{"href":"https:\/\/bricer.pt\/index.php?rest_route=\/wp\/v2\/product\/1968","targetHints":{"allow":["GET"]}}],"collection":[{"href":"https:\/\/bricer.pt\/index.php?rest_route=\/wp\/v2\/product"}],"about":[{"href":"https:\/\/bricer.pt\/index.php?rest_route=\/wp\/v2\/types\/product"}],"wp:featuredmedia":[{"embeddable":true,"href":"https:\/\/bricer.pt\/index.php?rest_route=\/wp\/v2\/media\/1969"}],"wp:attachment":[{"href":"https:\/\/bricer.pt\/index.php?rest_route=%2Fwp%2Fv2%2Fmedia&parent=1968"}],"wp:term":[{"taxonomy":"product_brand","embeddable":true,"href":"https:\/\/bricer.pt\/index.php?rest_route=%2Fwp%2Fv2%2Fproduct_brand&post=1968"},{"taxonomy":"product_cat","embeddable":true,"href":"https:\/\/bricer.pt\/index.php?rest_route=%2Fwp%2Fv2%2Fproduct_cat&post=1968"},{"taxonomy":"product_tag","embeddable":true,"href":"https:\/\/bricer.pt\/index.php?rest_route=%2Fwp%2Fv2%2Fproduct_tag&post=1968"}],"curies":[{"name":"wp","href":"https:\/\/api.w.org\/{rel}","templated":true}]}}