{"id":1964,"date":"2023-03-06T11:36:44","date_gmt":"2023-03-06T11:36:44","guid":{"rendered":"https:\/\/bricer.pt\/produto\/completa-natas-p-cafe-emb-200g\/"},"modified":"2023-04-17T08:01:00","modified_gmt":"2023-04-17T08:01:00","slug":"completa-natas-p-cafe-emb-200g","status":"publish","type":"product","link":"https:\/\/bricer.pt\/?product=completa-natas-p-cafe-emb-200g","title":{"rendered":"Completa Natas p\/ Caf\u00e9  Emb. 200g"},"content":{"rendered":"<p><strong>Completa Natas p\/ Caf\u00e9 Emb. 200g.<\/strong><\/p>\n<p>&nbsp;<\/p>\n<p><strong>Ingredientes<\/strong>: Xarope de glicose, \u00f3leo de coco (totalmente hidrogenado), estabilizadores: E340, E452; prote\u00edna do LEITE, emulsificante: E471; agente antiaglomerante: E551; corante: caroteno.<\/p>\n<p><strong>Alerg\u00e9nios<\/strong>: ver MAI\u00daSCULAS.<\/p>\n<p><strong>Declara\u00e7\u00e3o Nutricional p\/100g:<\/strong> Energia 2320kJ\/550kcal; L\u00edpidos 35,0g (dos quais saturados 34,6g); Hidratos de Carbono 57,2g (dos quais a\u00e7\u00facares 10,0g); Prote\u00ednas 2,2g, Sal 0,5g.<\/p>\n","protected":false},"excerpt":{"rendered":"<p>Completa Natas p\/ Caf\u00e9 Emb. 200g. &nbsp; Ingredientes: Xarope de glicose, \u00f3leo de coco (totalmente hidrogenado), estabilizadores: E340, E452; prote\u00edna do LEITE, emulsificante: E471; agente antiaglomerante: E551; corante: caroteno. Alerg\u00e9nios: ver MAI\u00daSCULAS. Declara\u00e7\u00e3o Nutricional p\/100g: Energia 2320kJ\/550kcal; L\u00edpidos 35,0g (dos quais saturados 34,6g); Hidratos de Carbono 57,2g (dos quais a\u00e7\u00facares 10,0g); Prote\u00ednas 2,2g, Sal 0,5g.<\/p>\n","protected":false},"featured_media":1965,"template":"","meta":[],"product_brand":[],"product_cat":[76,133],"product_tag":[],"class_list":{"0":"post-1964","1":"product","2":"type-product","3":"status-publish","4":"has-post-thumbnail","6":"product_cat-mercearia-doce","7":"product_cat-preparados-sobremesas","8":"pa_marcas-completa","9":"pa_pais-paises-baixos","11":"first","12":"instock","13":"taxable","14":"shipping-taxable","15":"product-type-simple"},"_links":{"self":[{"href":"https:\/\/bricer.pt\/index.php?rest_route=\/wp\/v2\/product\/1964","targetHints":{"allow":["GET"]}}],"collection":[{"href":"https:\/\/bricer.pt\/index.php?rest_route=\/wp\/v2\/product"}],"about":[{"href":"https:\/\/bricer.pt\/index.php?rest_route=\/wp\/v2\/types\/product"}],"wp:featuredmedia":[{"embeddable":true,"href":"https:\/\/bricer.pt\/index.php?rest_route=\/wp\/v2\/media\/1965"}],"wp:attachment":[{"href":"https:\/\/bricer.pt\/index.php?rest_route=%2Fwp%2Fv2%2Fmedia&parent=1964"}],"wp:term":[{"taxonomy":"product_brand","embeddable":true,"href":"https:\/\/bricer.pt\/index.php?rest_route=%2Fwp%2Fv2%2Fproduct_brand&post=1964"},{"taxonomy":"product_cat","embeddable":true,"href":"https:\/\/bricer.pt\/index.php?rest_route=%2Fwp%2Fv2%2Fproduct_cat&post=1964"},{"taxonomy":"product_tag","embeddable":true,"href":"https:\/\/bricer.pt\/index.php?rest_route=%2Fwp%2Fv2%2Fproduct_tag&post=1964"}],"curies":[{"name":"wp","href":"https:\/\/api.w.org\/{rel}","templated":true}]}}