{"id":1960,"date":"2023-03-06T11:36:44","date_gmt":"2023-03-06T11:36:44","guid":{"rendered":"https:\/\/bricer.pt\/produto\/dr-oetker-fixador-de-natas-emb-24g-3-x-8g\/"},"modified":"2023-04-17T08:01:00","modified_gmt":"2023-04-17T08:01:00","slug":"dr-oetker-fixador-de-natas-emb-24g-3-x-8g","status":"publish","type":"product","link":"https:\/\/bricer.pt\/?product=dr-oetker-fixador-de-natas-emb-24g-3-x-8g","title":{"rendered":"Dr. Oetker Fixador de Natas  Emb. 24g (3 x 8g)"},"content":{"rendered":"<p><strong>Dr. Oetker Fixador de Natas Emb. 24g (3 x 8g).<\/strong><\/p>\n<p>&nbsp;<\/p>\n<p><strong>Ingredientes<\/strong>: dextrose, amido modificado (E1412), anti-aglomerante (fosfato de c\u00e1lcio (E341)).<\/p>\n<p><strong>Informa\u00e7\u00e3o Nutricional:<\/strong> Energia 0 kJ\/0kcal; L\u00edpidos 0g (dos quais saturados 0g); Hidratos de Carbono0g (dos quais a\u00e7\u00facares 0g); Fibra 0g; Prote\u00ednas 0g; Sal 0g.<\/p>\n","protected":false},"excerpt":{"rendered":"<p>Dr. Oetker Fixador de Natas Emb. 24g (3 x 8g). &nbsp; Ingredientes: dextrose, amido modificado (E1412), anti-aglomerante (fosfato de c\u00e1lcio (E341)). Informa\u00e7\u00e3o Nutricional: Energia 0 kJ\/0kcal; L\u00edpidos 0g (dos quais saturados 0g); Hidratos de Carbono0g (dos quais a\u00e7\u00facares 0g); Fibra 0g; Prote\u00ednas 0g; Sal 0g.<\/p>\n","protected":false},"featured_media":1961,"template":"","meta":[],"product_brand":[],"product_cat":[76,134,135],"product_tag":[],"class_list":{"0":"post-1960","1":"product","2":"type-product","3":"status-publish","4":"has-post-thumbnail","6":"product_cat-mercearia-doce","7":"product_cat-preparados-pastelariamercearia-doce","8":"product_cat-preparados-sobremesas-preparados-pastelariamercearia-doce","9":"pa_marcas-dr-oetker","10":"pa_pais-alemanha","12":"first","13":"instock","14":"taxable","15":"shipping-taxable","16":"product-type-simple"},"_links":{"self":[{"href":"https:\/\/bricer.pt\/index.php?rest_route=\/wp\/v2\/product\/1960","targetHints":{"allow":["GET"]}}],"collection":[{"href":"https:\/\/bricer.pt\/index.php?rest_route=\/wp\/v2\/product"}],"about":[{"href":"https:\/\/bricer.pt\/index.php?rest_route=\/wp\/v2\/types\/product"}],"wp:featuredmedia":[{"embeddable":true,"href":"https:\/\/bricer.pt\/index.php?rest_route=\/wp\/v2\/media\/1961"}],"wp:attachment":[{"href":"https:\/\/bricer.pt\/index.php?rest_route=%2Fwp%2Fv2%2Fmedia&parent=1960"}],"wp:term":[{"taxonomy":"product_brand","embeddable":true,"href":"https:\/\/bricer.pt\/index.php?rest_route=%2Fwp%2Fv2%2Fproduct_brand&post=1960"},{"taxonomy":"product_cat","embeddable":true,"href":"https:\/\/bricer.pt\/index.php?rest_route=%2Fwp%2Fv2%2Fproduct_cat&post=1960"},{"taxonomy":"product_tag","embeddable":true,"href":"https:\/\/bricer.pt\/index.php?rest_route=%2Fwp%2Fv2%2Fproduct_tag&post=1960"}],"curies":[{"name":"wp","href":"https:\/\/api.w.org\/{rel}","templated":true}]}}