{"id":1954,"date":"2023-03-06T11:36:44","date_gmt":"2023-03-06T11:36:44","guid":{"rendered":"https:\/\/bricer.pt\/produto\/dr-pepper-refrigerante-lata-330ml\/"},"modified":"2025-10-14T08:58:42","modified_gmt":"2025-10-14T08:58:42","slug":"dr-pepper-refrigerante-lata-330ml","status":"publish","type":"product","link":"https:\/\/bricer.pt\/?product=dr-pepper-refrigerante-lata-330ml","title":{"rendered":"Dr Pepper Refrigerante  Lata 330ml"},"content":{"rendered":"<p><strong>Dr Pepper Refrigerante Lata 330ml.<\/strong><\/p>\n<p>&nbsp;<\/p>\n<p><strong>Ingredientes<\/strong>: \u00c1gua, a\u00e7\u00facar, di\u00f3xido de carbono, corante (caramelo E150d), acidificante: \u00e1cido fosf\u00f3rico, aromas, inclu\u00edndo cafe\u00edna (0,01g por 100ml), ado\u00e7antes (sucralose, acessulfame-K).<\/p>\n<p><strong>Alerg\u00e9nicos<\/strong>: Ver MAI\u00daSCULAS<\/p>\n<p><strong>Declara\u00e7\u00e3o Nutricional p\/100ml:<\/strong> Energia 119kJ\/28kcal; L\u00edpidos 0g (dos quais<br \/>\nsaturados 0g); Hidratos de Carbono 6,9g (dos quais a\u00e7\u00facares 6,8g); Prote\u00ednas<br \/>\n0g; Sal 0,01g.<\/p>\n","protected":false},"excerpt":{"rendered":"<p>Dr Pepper Refrigerante Lata 330ml. &nbsp; Ingredientes: \u00c1gua, a\u00e7\u00facar, di\u00f3xido de carbono, corante (caramelo E150d), acidificante: \u00e1cido fosf\u00f3rico, aromas, inclu\u00edndo cafe\u00edna (0,01g por 100ml), ado\u00e7antes (sucralose, acessulfame-K). Alerg\u00e9nicos: Ver MAI\u00daSCULAS Declara\u00e7\u00e3o Nutricional p\/100ml: Energia 119kJ\/28kcal; L\u00edpidos 0g (dos quais saturados 0g); Hidratos de Carbono 6,9g (dos quais a\u00e7\u00facares 6,8g); Prote\u00ednas 0g; Sal 0,01g.<\/p>\n","protected":false},"featured_media":1955,"template":"","meta":[],"product_brand":[],"product_cat":[20,21],"product_tag":[],"class_list":{"0":"post-1954","1":"product","2":"type-product","3":"status-publish","4":"has-post-thumbnail","6":"product_cat-bebidas","7":"product_cat-refrigerantes-bebidas","8":"pa_marcas-dr-pepper","9":"pa_pais-estados-unidos-da-america","11":"first","12":"outofstock","13":"taxable","14":"shipping-taxable","15":"product-type-simple"},"_links":{"self":[{"href":"https:\/\/bricer.pt\/index.php?rest_route=\/wp\/v2\/product\/1954","targetHints":{"allow":["GET"]}}],"collection":[{"href":"https:\/\/bricer.pt\/index.php?rest_route=\/wp\/v2\/product"}],"about":[{"href":"https:\/\/bricer.pt\/index.php?rest_route=\/wp\/v2\/types\/product"}],"wp:featuredmedia":[{"embeddable":true,"href":"https:\/\/bricer.pt\/index.php?rest_route=\/wp\/v2\/media\/1955"}],"wp:attachment":[{"href":"https:\/\/bricer.pt\/index.php?rest_route=%2Fwp%2Fv2%2Fmedia&parent=1954"}],"wp:term":[{"taxonomy":"product_brand","embeddable":true,"href":"https:\/\/bricer.pt\/index.php?rest_route=%2Fwp%2Fv2%2Fproduct_brand&post=1954"},{"taxonomy":"product_cat","embeddable":true,"href":"https:\/\/bricer.pt\/index.php?rest_route=%2Fwp%2Fv2%2Fproduct_cat&post=1954"},{"taxonomy":"product_tag","embeddable":true,"href":"https:\/\/bricer.pt\/index.php?rest_route=%2Fwp%2Fv2%2Fproduct_tag&post=1954"}],"curies":[{"name":"wp","href":"https:\/\/api.w.org\/{rel}","templated":true}]}}