{"id":1952,"date":"2023-03-06T11:36:44","date_gmt":"2023-03-06T11:36:44","guid":{"rendered":"https:\/\/bricer.pt\/produto\/old-jamaica-refrigerante-ginger-beer-lata-330ml\/"},"modified":"2025-10-14T08:58:05","modified_gmt":"2025-10-14T08:58:05","slug":"old-jamaica-refrigerante-ginger-beer-lata-330ml","status":"publish","type":"product","link":"https:\/\/bricer.pt\/?product=old-jamaica-refrigerante-ginger-beer-lata-330ml","title":{"rendered":"Old Jamaica Refrigerante \u201cGinger Beer\u201d  Lata 330ml"},"content":{"rendered":"<p><strong>Old Jamaica Refrigerante \u201cGinger Beer\u201d Lata 330ml.<\/strong><\/p>\n<p>&nbsp;<\/p>\n<p><strong>Ingredientes<\/strong>: \u00c1gua gaseificada, a\u00e7\u00facar, acidificante (\u00e1cido c\u00edtrico), estabilizadores (goma ar\u00e1bica, extracto de quilaia), conservante (benzoato de s\u00f3dio), aromatizantes (incluindo extracto de raiz de gengibre).<\/p>\n<p><strong>Alerg\u00e9nicos<\/strong>: Ver MAI\u00daSCULA<\/p>\n<p><strong>Declara\u00e7\u00e3o Nutricional p\/100ml:<\/strong> Energia 260kJ\/61kcal; L\u00edpidos &lt;0,1g (dos quais saturados &lt;0,1g); Hidratos de Carbono 15,2g (dos quais a\u00e7\u00facares 15,2g); Prote\u00ednas &lt;0,1g; Sal 0,01g.<\/p>\n","protected":false},"excerpt":{"rendered":"<p>Old Jamaica Refrigerante \u201cGinger Beer\u201d Lata 330ml. &nbsp; Ingredientes: \u00c1gua gaseificada, a\u00e7\u00facar, acidificante (\u00e1cido c\u00edtrico), estabilizadores (goma ar\u00e1bica, extracto de quilaia), conservante (benzoato de s\u00f3dio), aromatizantes (incluindo extracto de raiz de gengibre). Alerg\u00e9nicos: Ver MAI\u00daSCULA Declara\u00e7\u00e3o Nutricional p\/100ml: Energia 260kJ\/61kcal; L\u00edpidos &lt;0,1g (dos quais saturados &lt;0,1g); Hidratos de Carbono 15,2g (dos quais a\u00e7\u00facares 15,2g); Prote\u00ednas [&hellip;]<\/p>\n","protected":false},"featured_media":1953,"template":"","meta":[],"product_brand":[],"product_cat":[20,21],"product_tag":[],"class_list":{"0":"post-1952","1":"product","2":"type-product","3":"status-publish","4":"has-post-thumbnail","6":"product_cat-bebidas","7":"product_cat-refrigerantes-bebidas","8":"pa_marcas-old-jamaica","9":"pa_pais-reino-unido","11":"first","12":"outofstock","13":"taxable","14":"shipping-taxable","15":"product-type-simple"},"_links":{"self":[{"href":"https:\/\/bricer.pt\/index.php?rest_route=\/wp\/v2\/product\/1952","targetHints":{"allow":["GET"]}}],"collection":[{"href":"https:\/\/bricer.pt\/index.php?rest_route=\/wp\/v2\/product"}],"about":[{"href":"https:\/\/bricer.pt\/index.php?rest_route=\/wp\/v2\/types\/product"}],"wp:featuredmedia":[{"embeddable":true,"href":"https:\/\/bricer.pt\/index.php?rest_route=\/wp\/v2\/media\/1953"}],"wp:attachment":[{"href":"https:\/\/bricer.pt\/index.php?rest_route=%2Fwp%2Fv2%2Fmedia&parent=1952"}],"wp:term":[{"taxonomy":"product_brand","embeddable":true,"href":"https:\/\/bricer.pt\/index.php?rest_route=%2Fwp%2Fv2%2Fproduct_brand&post=1952"},{"taxonomy":"product_cat","embeddable":true,"href":"https:\/\/bricer.pt\/index.php?rest_route=%2Fwp%2Fv2%2Fproduct_cat&post=1952"},{"taxonomy":"product_tag","embeddable":true,"href":"https:\/\/bricer.pt\/index.php?rest_route=%2Fwp%2Fv2%2Fproduct_tag&post=1952"}],"curies":[{"name":"wp","href":"https:\/\/api.w.org\/{rel}","templated":true}]}}