{"id":1948,"date":"2023-03-06T11:36:44","date_gmt":"2023-03-06T11:36:44","guid":{"rendered":"https:\/\/bricer.pt\/produto\/ocean-spray-refrigerante-de-sumo-de-arando-classico-cx-1l\/"},"modified":"2026-04-14T14:54:10","modified_gmt":"2026-04-14T14:54:10","slug":"ocean-spray-refrigerante-de-sumo-de-arando-classico-cx-1l","status":"publish","type":"product","link":"https:\/\/bricer.pt\/?product=ocean-spray-refrigerante-de-sumo-de-arando-classico-cx-1l","title":{"rendered":"Ocean Spray Refrigerante de Sumo de Arando Cl\u00e1ssico  Cx. 1L"},"content":{"rendered":"<p><strong>Ocean Spray Refrigerante de Sumo de Arando Cl\u00e1ssico Cx. 1L.<\/strong><\/p>\n<p>&nbsp;<\/p>\n<p><strong>Ingredientes<\/strong>: \u00c1gua, sumo de arando de concentrado (27%), a\u00e7\u00facar, xarope de\u00a0 glucose-frutose, vitamina C, concentrado de frutas e vegetais (cenoura, arando). Sem corantes, aromas ou ado\u00e7antes. Os arandos s\u00e3o cultivados nos EUA, Canad\u00e1 e Chile.<\/p>\n<p><strong>Alerg\u00e9nicos<\/strong>: Ver MAI\u00daSCULAS.<\/p>\n<p><strong>Declara\u00e7\u00e3o Nutricional p\/100ml:<\/strong> Energia 211kJ\/50kcal; L\u00edpidos 0g (dos quais saturados 0g); Hidratos de Carbono 12,6g; (dos quais a\u00e7\u00facares 11,6g); Prote\u00ednas 0g; Sal 0g; Vitamina C 48mg.<\/p>\n","protected":false},"excerpt":{"rendered":"<p>Ocean Spray Refrigerante de Sumo de Arando Cl\u00e1ssico Cx. 1L. &nbsp; Ingredientes: \u00c1gua, sumo de arando de concentrado (27%), a\u00e7\u00facar, xarope de\u00a0 glucose-frutose, vitamina C, concentrado de frutas e vegetais (cenoura, arando). Sem corantes, aromas ou ado\u00e7antes. Os arandos s\u00e3o cultivados nos EUA, Canad\u00e1 e Chile. Alerg\u00e9nicos: Ver MAI\u00daSCULAS. Declara\u00e7\u00e3o Nutricional p\/100ml: Energia 211kJ\/50kcal; L\u00edpidos [&hellip;]<\/p>\n","protected":false},"featured_media":1949,"template":"","meta":[],"product_brand":[],"product_cat":[20,21],"product_tag":[],"class_list":{"0":"post-1948","1":"product","2":"type-product","3":"status-publish","4":"has-post-thumbnail","6":"product_cat-bebidas","7":"product_cat-refrigerantes-bebidas","8":"pa_marcas-ocean-spray","9":"pa_pais-estados-unidos-da-america","11":"first","12":"outofstock","13":"taxable","14":"shipping-taxable","15":"product-type-simple"},"_links":{"self":[{"href":"https:\/\/bricer.pt\/index.php?rest_route=\/wp\/v2\/product\/1948","targetHints":{"allow":["GET"]}}],"collection":[{"href":"https:\/\/bricer.pt\/index.php?rest_route=\/wp\/v2\/product"}],"about":[{"href":"https:\/\/bricer.pt\/index.php?rest_route=\/wp\/v2\/types\/product"}],"wp:featuredmedia":[{"embeddable":true,"href":"https:\/\/bricer.pt\/index.php?rest_route=\/wp\/v2\/media\/1949"}],"wp:attachment":[{"href":"https:\/\/bricer.pt\/index.php?rest_route=%2Fwp%2Fv2%2Fmedia&parent=1948"}],"wp:term":[{"taxonomy":"product_brand","embeddable":true,"href":"https:\/\/bricer.pt\/index.php?rest_route=%2Fwp%2Fv2%2Fproduct_brand&post=1948"},{"taxonomy":"product_cat","embeddable":true,"href":"https:\/\/bricer.pt\/index.php?rest_route=%2Fwp%2Fv2%2Fproduct_cat&post=1948"},{"taxonomy":"product_tag","embeddable":true,"href":"https:\/\/bricer.pt\/index.php?rest_route=%2Fwp%2Fv2%2Fproduct_tag&post=1948"}],"curies":[{"name":"wp","href":"https:\/\/api.w.org\/{rel}","templated":true}]}}