{"id":1900,"date":"2023-03-06T11:33:34","date_gmt":"2023-03-06T11:33:34","guid":{"rendered":"https:\/\/bricer.pt\/produto\/doves-farm-bolachas-de-chocolate-double-bio-s-gluten-180g\/"},"modified":"2025-11-20T11:45:39","modified_gmt":"2025-11-20T11:45:39","slug":"doves-farm-bolachas-de-chocolate-double-bio-s-gluten-180g","status":"publish","type":"product","link":"https:\/\/bricer.pt\/?product=doves-farm-bolachas-de-chocolate-double-bio-s-gluten-180g","title":{"rendered":"Doves Farm Bolachas de Chocolate &#8220;Double&#8221; Bio s\/ Gl\u00faten 180g"},"content":{"rendered":"<p><strong>Doves Farm Bolachas de Chocolate &#8220;Double&#8221; Bio s\/ Gl\u00faten 180g<\/strong><\/p>\n<p><img decoding=\"async\" class=\"alignnone wp-image-13165\" src=\"https:\/\/bricer.pt\/wp-content\/uploads\/2020\/04\/BRICER_SELOS_BIO_LOW-300x286.png\" alt=\"\" width=\"100\" height=\"95\" \/><img decoding=\"async\" class=\"alignnone wp-image-13167\" src=\"https:\/\/bricer.pt\/wp-content\/uploads\/2020\/04\/BRICER_SELOS_GLUTEN_LOW-300x286.png\" alt=\"\" width=\"100\" height=\"95\" \/><img decoding=\"async\" class=\"alignnone wp-image-13168\" src=\"https:\/\/bricer.pt\/wp-content\/uploads\/2020\/04\/BRICER_SELOS_LACTOSE_LOW-300x286.png\" alt=\"\" width=\"100\" height=\"95\" \/><\/p>\n<p><strong>Ingredientes:<\/strong> farinha de arroz integral *, a\u00e7\u00facar *, lascas de chocolate * 16% (a\u00e7\u00facar *, massa de cacau *, manteiga de cacau *), \u00f3leo de palma *, farinha de milho*, amido de batata *, xarope de milho *, cacau em p\u00f3* 4%, farinha de quinoa *, levedantes (bicarbonato de s\u00f3dio e fosfato mono-c\u00e1lcio), alfarroba*, amido de milho*. Pepitas de chocolate cont\u00eam 55% de s\u00f3lidos de cacau, no m\u00ednimo.<br \/>\n*De produ\u00e7\u00e3o Biol\u00f3gica.<\/p>\n<p><strong>Alerg\u00e9nios<\/strong>: ver MA\u00cdSCULAS. SEM GL\u00daTEN, LEITE, AMENDOIM, OVO.<\/p>\n<p><strong>Declara\u00e7\u00e3o Nutricional p\/100g:<\/strong> Energia 2026kJ\/484kcal; L\u00edpidos 24,1g (dos quais saturados 11,8g); Hidratos de Carbono 61,1g (dos quais a\u00e7\u00facares 27,6g); Fibra 2,9g; Prote\u00ednas 4,3g; Sal 0,45g.<\/p>\n","protected":false},"excerpt":{"rendered":"<p>Doves Farm Bolachas de Chocolate &#8220;Double&#8221; Bio s\/ Gl\u00faten 180g Ingredientes: farinha de arroz integral *, a\u00e7\u00facar *, lascas de chocolate * 16% (a\u00e7\u00facar *, massa de cacau *, manteiga de cacau *), \u00f3leo de palma *, farinha de milho*, amido de batata *, xarope de milho *, cacau em p\u00f3* 4%, farinha de quinoa [&hellip;]<\/p>\n","protected":false},"featured_media":1901,"template":"","meta":[],"product_brand":[],"product_cat":[69,123],"product_tag":[],"class_list":{"0":"post-1900","1":"product","2":"type-product","3":"status-publish","4":"has-post-thumbnail","6":"product_cat-alimentacao-saudavel","7":"product_cat-produtos-s-gluten","8":"pa_biologica-biologica","9":"pa_marcas-doves-farm","10":"pa_pais-reino-unido","11":"pa_sem-gluten-sem-gluten","13":"first","14":"outofstock","15":"taxable","16":"shipping-taxable","17":"product-type-simple"},"_links":{"self":[{"href":"https:\/\/bricer.pt\/index.php?rest_route=\/wp\/v2\/product\/1900","targetHints":{"allow":["GET"]}}],"collection":[{"href":"https:\/\/bricer.pt\/index.php?rest_route=\/wp\/v2\/product"}],"about":[{"href":"https:\/\/bricer.pt\/index.php?rest_route=\/wp\/v2\/types\/product"}],"wp:featuredmedia":[{"embeddable":true,"href":"https:\/\/bricer.pt\/index.php?rest_route=\/wp\/v2\/media\/1901"}],"wp:attachment":[{"href":"https:\/\/bricer.pt\/index.php?rest_route=%2Fwp%2Fv2%2Fmedia&parent=1900"}],"wp:term":[{"taxonomy":"product_brand","embeddable":true,"href":"https:\/\/bricer.pt\/index.php?rest_route=%2Fwp%2Fv2%2Fproduct_brand&post=1900"},{"taxonomy":"product_cat","embeddable":true,"href":"https:\/\/bricer.pt\/index.php?rest_route=%2Fwp%2Fv2%2Fproduct_cat&post=1900"},{"taxonomy":"product_tag","embeddable":true,"href":"https:\/\/bricer.pt\/index.php?rest_route=%2Fwp%2Fv2%2Fproduct_tag&post=1900"}],"curies":[{"name":"wp","href":"https:\/\/api.w.org\/{rel}","templated":true}]}}