{"id":1884,"date":"2023-03-06T11:33:34","date_gmt":"2023-03-06T11:33:34","guid":{"rendered":"https:\/\/bricer.pt\/produto\/doves-farm-mistura-p-panquecas-s-gluten-emb-300g\/"},"modified":"2025-10-14T08:55:19","modified_gmt":"2025-10-14T08:55:19","slug":"doves-farm-mistura-p-panquecas-s-gluten-emb-300g","status":"publish","type":"product","link":"https:\/\/bricer.pt\/?product=doves-farm-mistura-p-panquecas-s-gluten-emb-300g","title":{"rendered":"Doves Farm Mistura p\/ Panquecas s\/ Gl\u00faten  Emb. 300g"},"content":{"rendered":"<p><strong>Doves Farm Mistura p\/ Panquecas s\/ Gl\u00faten Emb. 300g<\/strong><\/p>\n<p><img decoding=\"async\" class=\"alignnone wp-image-13167\" src=\"https:\/\/bricer.pt\/wp-content\/uploads\/2020\/04\/BRICER_SELOS_GLUTEN_LOW-300x286.png\" alt=\"\" width=\"100\" height=\"95\" \/><\/p>\n<p><strong>Ingredientes<\/strong>: farinha mistura (arroz, batata, tapioca, milho, trigo sarraceno), farinha de gr\u00e3o de bico, agentes de aumento (fosfato mono-c\u00e1lcio e bicarbonato de s\u00f3dio), amido de milho.<\/p>\n<p><strong>Alerg\u00e9neos<\/strong>: isento de gl\u00faten, ovo.<\/p>\n<p><strong>Declara\u00e7\u00e3o Nutricional p\/100g:<\/strong> Energia 996kJ\/236kcal; L\u00edpidos 5,7g (dos quais saturados 0,8g); Hidratos de Carbono 41g (dos quais a\u00e7\u00facares 2,2g); Fibra 1,9g; Prote\u00ednas 4,4g; Sal 0,58g.<\/p>\n","protected":false},"excerpt":{"rendered":"<p>Doves Farm Mistura p\/ Panquecas s\/ Gl\u00faten Emb. 300g Ingredientes: farinha mistura (arroz, batata, tapioca, milho, trigo sarraceno), farinha de gr\u00e3o de bico, agentes de aumento (fosfato mono-c\u00e1lcio e bicarbonato de s\u00f3dio), amido de milho. Alerg\u00e9neos: isento de gl\u00faten, ovo. Declara\u00e7\u00e3o Nutricional p\/100g: Energia 996kJ\/236kcal; L\u00edpidos 5,7g (dos quais saturados 0,8g); Hidratos de Carbono 41g [&hellip;]<\/p>\n","protected":false},"featured_media":1885,"template":"","meta":[],"product_brand":[],"product_cat":[69,123],"product_tag":[],"class_list":{"0":"post-1884","1":"product","2":"type-product","3":"status-publish","4":"has-post-thumbnail","6":"product_cat-alimentacao-saudavel","7":"product_cat-produtos-s-gluten","8":"pa_biologica-biologica","9":"pa_marcas-doves-farm","10":"pa_pais-reino-unido","11":"pa_sem-gluten-sem-gluten","13":"first","14":"instock","15":"taxable","16":"shipping-taxable","17":"product-type-simple"},"_links":{"self":[{"href":"https:\/\/bricer.pt\/index.php?rest_route=\/wp\/v2\/product\/1884","targetHints":{"allow":["GET"]}}],"collection":[{"href":"https:\/\/bricer.pt\/index.php?rest_route=\/wp\/v2\/product"}],"about":[{"href":"https:\/\/bricer.pt\/index.php?rest_route=\/wp\/v2\/types\/product"}],"wp:featuredmedia":[{"embeddable":true,"href":"https:\/\/bricer.pt\/index.php?rest_route=\/wp\/v2\/media\/1885"}],"wp:attachment":[{"href":"https:\/\/bricer.pt\/index.php?rest_route=%2Fwp%2Fv2%2Fmedia&parent=1884"}],"wp:term":[{"taxonomy":"product_brand","embeddable":true,"href":"https:\/\/bricer.pt\/index.php?rest_route=%2Fwp%2Fv2%2Fproduct_brand&post=1884"},{"taxonomy":"product_cat","embeddable":true,"href":"https:\/\/bricer.pt\/index.php?rest_route=%2Fwp%2Fv2%2Fproduct_cat&post=1884"},{"taxonomy":"product_tag","embeddable":true,"href":"https:\/\/bricer.pt\/index.php?rest_route=%2Fwp%2Fv2%2Fproduct_tag&post=1884"}],"curies":[{"name":"wp","href":"https:\/\/api.w.org\/{rel}","templated":true}]}}