{"id":1882,"date":"2023-03-06T11:33:34","date_gmt":"2023-03-06T11:33:34","guid":{"rendered":"https:\/\/bricer.pt\/produto\/doves-farm-farinha-de-quinoa-bio-s-gluten-emb-110g\/"},"modified":"2025-10-14T08:55:58","modified_gmt":"2025-10-14T08:55:58","slug":"doves-farm-farinha-de-quinoa-bio-s-gluten-emb-110g","status":"publish","type":"product","link":"https:\/\/bricer.pt\/?product=doves-farm-farinha-de-quinoa-bio-s-gluten-emb-110g","title":{"rendered":"Doves Farm Farinha de Quinoa Bio s\/ Gl\u00faten Emb. 110g"},"content":{"rendered":"<p><strong>Doves Farm Farinha de Quinoa Bio s\/ Gl\u00faten\u00a0 \u00a0Emb. 110g<\/strong><\/p>\n<p><img decoding=\"async\" class=\"alignnone wp-image-13165\" src=\"https:\/\/bricer.pt\/wp-content\/uploads\/2020\/04\/BRICER_SELOS_BIO_LOW-300x286.png\" alt=\"\" width=\"100\" height=\"95\" \/><img decoding=\"async\" class=\"alignnone wp-image-13167\" src=\"https:\/\/bricer.pt\/wp-content\/uploads\/2020\/04\/BRICER_SELOS_GLUTEN_LOW-300x286.png\" alt=\"\" width=\"100\" height=\"95\" \/><\/p>\n<p><strong>Ingrediente<\/strong>: Farinha de Quinoa<\/p>\n<p><strong>Alerg\u00e9nicas<\/strong>: Isento de Gl\u00faten<\/p>\n<p><strong>Declara\u00e7\u00e3o Nutricional p\/100g:<\/strong> Energia 1535kJ\/363kcal; L\u00edpidos 5,5g (dos quais saturados 0,6g); Hidratos de Carbono 63,9g (dos quais a\u00e7\u00facares 2,2g); Fibra 4,7g; Prote\u00ednas 12,1g; Sal 0,24g.<\/p>\n","protected":false},"excerpt":{"rendered":"<p>Doves Farm Farinha de Quinoa Bio s\/ Gl\u00faten\u00a0 \u00a0Emb. 110g Ingrediente: Farinha de Quinoa Alerg\u00e9nicas: Isento de Gl\u00faten Declara\u00e7\u00e3o Nutricional p\/100g: Energia 1535kJ\/363kcal; L\u00edpidos 5,5g (dos quais saturados 0,6g); Hidratos de Carbono 63,9g (dos quais a\u00e7\u00facares 2,2g); Fibra 4,7g; Prote\u00ednas 12,1g; Sal 0,24g.<\/p>\n","protected":false},"featured_media":1883,"template":"","meta":[],"product_brand":[],"product_cat":[69,123],"product_tag":[],"class_list":{"0":"post-1882","1":"product","2":"type-product","3":"status-publish","4":"has-post-thumbnail","6":"product_cat-alimentacao-saudavel","7":"product_cat-produtos-s-gluten","8":"pa_biologica-biologica","9":"pa_marcas-doves-farm","10":"pa_pais-reino-unido","11":"pa_sem-gluten-sem-gluten","13":"first","14":"outofstock","15":"taxable","16":"shipping-taxable","17":"product-type-simple"},"_links":{"self":[{"href":"https:\/\/bricer.pt\/index.php?rest_route=\/wp\/v2\/product\/1882","targetHints":{"allow":["GET"]}}],"collection":[{"href":"https:\/\/bricer.pt\/index.php?rest_route=\/wp\/v2\/product"}],"about":[{"href":"https:\/\/bricer.pt\/index.php?rest_route=\/wp\/v2\/types\/product"}],"wp:featuredmedia":[{"embeddable":true,"href":"https:\/\/bricer.pt\/index.php?rest_route=\/wp\/v2\/media\/1883"}],"wp:attachment":[{"href":"https:\/\/bricer.pt\/index.php?rest_route=%2Fwp%2Fv2%2Fmedia&parent=1882"}],"wp:term":[{"taxonomy":"product_brand","embeddable":true,"href":"https:\/\/bricer.pt\/index.php?rest_route=%2Fwp%2Fv2%2Fproduct_brand&post=1882"},{"taxonomy":"product_cat","embeddable":true,"href":"https:\/\/bricer.pt\/index.php?rest_route=%2Fwp%2Fv2%2Fproduct_cat&post=1882"},{"taxonomy":"product_tag","embeddable":true,"href":"https:\/\/bricer.pt\/index.php?rest_route=%2Fwp%2Fv2%2Fproduct_tag&post=1882"}],"curies":[{"name":"wp","href":"https:\/\/api.w.org\/{rel}","templated":true}]}}