{"id":1874,"date":"2023-03-06T11:33:34","date_gmt":"2023-03-06T11:33:34","guid":{"rendered":"https:\/\/bricer.pt\/produto\/doves-farm-farinha-de-trigo-sarraceno-integral-bio-emb-1kg\/"},"modified":"2025-10-14T08:53:58","modified_gmt":"2025-10-14T08:53:58","slug":"doves-farm-farinha-de-trigo-sarraceno-integral-bio-emb-1kg","status":"publish","type":"product","link":"https:\/\/bricer.pt\/?product=doves-farm-farinha-de-trigo-sarraceno-integral-bio-emb-1kg","title":{"rendered":"Doves Farm Farinha de Trigo-Sarraceno Integral Bio Emb.:1kg"},"content":{"rendered":"<p><strong>Doves Farm Farinha de Trigo-Sarraceno Integral Bio Emb.:1kg<\/strong><\/p>\n<p><img decoding=\"async\" class=\"alignnone wp-image-13165\" src=\"https:\/\/bricer.pt\/wp-content\/uploads\/2020\/04\/BRICER_SELOS_BIO_LOW-300x286.png\" alt=\"\" width=\"100\" height=\"95\" \/><\/p>\n<p><strong>Ingredientes:<\/strong> Farinha de Trigo Sarraceno. Produ\u00e7\u00e3o de agricultura biol\u00f3gica. Pode conter vest\u00edgios de CEVADA, CENTEIO e TRIGO.<\/p>\n<p><strong>Declara\u00e7\u00e3o Nutricional p\/100g:<\/strong> Energia 1480kJ\/349kcal; L\u00edpidos 2,1g (dos quais saturados 0,4g), Hidratos de Carbono 68g (dos quais a\u00e7\u00facares 0,8g); Fibra 3,1g; Prote\u00ednas 13g; Sal 0,03g.<\/p>\n","protected":false},"excerpt":{"rendered":"<p>Doves Farm Farinha de Trigo-Sarraceno Integral Bio Emb.:1kg Ingredientes: Farinha de Trigo Sarraceno. Produ\u00e7\u00e3o de agricultura biol\u00f3gica. Pode conter vest\u00edgios de CEVADA, CENTEIO e TRIGO. Declara\u00e7\u00e3o Nutricional p\/100g: Energia 1480kJ\/349kcal; L\u00edpidos 2,1g (dos quais saturados 0,4g), Hidratos de Carbono 68g (dos quais a\u00e7\u00facares 0,8g); Fibra 3,1g; Prote\u00ednas 13g; Sal 0,03g.<\/p>\n","protected":false},"featured_media":1875,"template":"","meta":[],"product_brand":[],"product_cat":[69,370],"product_tag":[],"class_list":{"0":"post-1874","1":"product","2":"type-product","3":"status-publish","4":"has-post-thumbnail","6":"product_cat-alimentacao-saudavel","7":"product_cat-produtos-biologicos","8":"pa_biologica-biologica","9":"pa_marcas-doves-farm","10":"pa_pais-reino-unido","12":"first","13":"outofstock","14":"taxable","15":"shipping-taxable","16":"product-type-simple"},"_links":{"self":[{"href":"https:\/\/bricer.pt\/index.php?rest_route=\/wp\/v2\/product\/1874","targetHints":{"allow":["GET"]}}],"collection":[{"href":"https:\/\/bricer.pt\/index.php?rest_route=\/wp\/v2\/product"}],"about":[{"href":"https:\/\/bricer.pt\/index.php?rest_route=\/wp\/v2\/types\/product"}],"wp:featuredmedia":[{"embeddable":true,"href":"https:\/\/bricer.pt\/index.php?rest_route=\/wp\/v2\/media\/1875"}],"wp:attachment":[{"href":"https:\/\/bricer.pt\/index.php?rest_route=%2Fwp%2Fv2%2Fmedia&parent=1874"}],"wp:term":[{"taxonomy":"product_brand","embeddable":true,"href":"https:\/\/bricer.pt\/index.php?rest_route=%2Fwp%2Fv2%2Fproduct_brand&post=1874"},{"taxonomy":"product_cat","embeddable":true,"href":"https:\/\/bricer.pt\/index.php?rest_route=%2Fwp%2Fv2%2Fproduct_cat&post=1874"},{"taxonomy":"product_tag","embeddable":true,"href":"https:\/\/bricer.pt\/index.php?rest_route=%2Fwp%2Fv2%2Fproduct_tag&post=1874"}],"curies":[{"name":"wp","href":"https:\/\/api.w.org\/{rel}","templated":true}]}}