{"id":1873,"date":"2023-03-06T11:33:34","date_gmt":"2023-03-06T11:33:34","guid":{"rendered":"https:\/\/bricer.pt\/produto\/wax-lyrical-difusor-ultrasonico-kingsley-emb-1-unidade\/"},"modified":"2023-04-17T08:00:55","modified_gmt":"2023-04-17T08:00:55","slug":"wax-lyrical-difusor-ultrasonico-kingsley-emb-1-unidade","status":"publish","type":"product","link":"https:\/\/bricer.pt\/?product=wax-lyrical-difusor-ultrasonico-kingsley-emb-1-unidade","title":{"rendered":"Wax Lyrical Difusor Ultrasonico &#8220;Kingsley&#8221;  Emb. 1 Unidade"},"content":{"rendered":"<p><strong>Wax Lyrical Difusor Ultrasonico &#8220;Kingsley&#8221;<\/strong> Emb. 1 Unidade.<\/p>\n<p>&nbsp;<\/p>\n<p><strong>Caracter\u00edsticas: <\/strong>\u00c9 um modelo cer\u00e2mico deslumbrante, decorado com um delicado desenho em folha de ouro. O \u00f3leo de Cedro Branco e Assam dispersa uma fragr\u00e2ncia leve e doce que se abre com notas frutadas de bergamota zesty, lim\u00e3o e p\u00eara doce, levando a um cora\u00e7\u00e3o floral de jasmim, l\u00edrio e rosa sobre uma base lenhosa e terrosa de patchouli, cedro branco liso e alm\u00edscar. Difusores ultrass\u00f3nicos oferecem uma das formas mais simples e elegantes de dispersar a fragr\u00e2ncia em sua casa. Apenas 100ml de \u00e1gua e 2-3 gotas de \u00f3leo difusor ir\u00e3o durar 4 horas. Ligue-se, adicione o seu \u00f3leo e desfrute da fragr\u00e2ncia premium em toda a sua casa.<\/p>\n","protected":false},"excerpt":{"rendered":"<p>Wax Lyrical Difusor Ultrasonico &#8220;Kingsley&#8221; Emb. 1 Unidade. &nbsp; Caracter\u00edsticas: \u00c9 um modelo cer\u00e2mico deslumbrante, decorado com um delicado desenho em folha de ouro. O \u00f3leo de Cedro Branco e Assam dispersa uma fragr\u00e2ncia leve e doce que se abre com notas frutadas de bergamota zesty, lim\u00e3o e p\u00eara doce, levando a um cora\u00e7\u00e3o floral [&hellip;]<\/p>\n","protected":false},"featured_media":0,"template":"","meta":[],"product_brand":[],"product_cat":[287,55],"product_tag":[],"class_list":{"0":"post-1873","1":"product","2":"type-product","3":"status-publish","5":"product_cat-ambientadores-para-casa","6":"product_cat-dph","7":"pa_marcas-wax-lyrical","8":"pa_pais-reino-unido","10":"first","11":"instock","12":"taxable","13":"shipping-taxable","14":"product-type-simple"},"_links":{"self":[{"href":"https:\/\/bricer.pt\/index.php?rest_route=\/wp\/v2\/product\/1873","targetHints":{"allow":["GET"]}}],"collection":[{"href":"https:\/\/bricer.pt\/index.php?rest_route=\/wp\/v2\/product"}],"about":[{"href":"https:\/\/bricer.pt\/index.php?rest_route=\/wp\/v2\/types\/product"}],"wp:attachment":[{"href":"https:\/\/bricer.pt\/index.php?rest_route=%2Fwp%2Fv2%2Fmedia&parent=1873"}],"wp:term":[{"taxonomy":"product_brand","embeddable":true,"href":"https:\/\/bricer.pt\/index.php?rest_route=%2Fwp%2Fv2%2Fproduct_brand&post=1873"},{"taxonomy":"product_cat","embeddable":true,"href":"https:\/\/bricer.pt\/index.php?rest_route=%2Fwp%2Fv2%2Fproduct_cat&post=1873"},{"taxonomy":"product_tag","embeddable":true,"href":"https:\/\/bricer.pt\/index.php?rest_route=%2Fwp%2Fv2%2Fproduct_tag&post=1873"}],"curies":[{"name":"wp","href":"https:\/\/api.w.org\/{rel}","templated":true}]}}