{"id":1869,"date":"2023-03-06T11:33:34","date_gmt":"2023-03-06T11:33:34","guid":{"rendered":"https:\/\/bricer.pt\/produto\/wax-lyrical-rhs-difusor-c-sticks-hydrangea-emb-180ml\/"},"modified":"2023-04-17T08:00:55","modified_gmt":"2023-04-17T08:00:55","slug":"wax-lyrical-rhs-difusor-c-sticks-hydrangea-emb-180ml","status":"publish","type":"product","link":"https:\/\/bricer.pt\/?product=wax-lyrical-rhs-difusor-c-sticks-hydrangea-emb-180ml","title":{"rendered":"Wax Lyrical RHS Difusor c\/ Sticks &#8220;Hydrangea&#8221; Emb. 180ml"},"content":{"rendered":"<p><strong>Wax Lyrical RHS Difusor c\/ Sticks &#8220;Hydrangea&#8221;<\/strong> Emb. 180ml.<\/p>\n<p>&nbsp;<\/p>\n<p><strong>Ingredientes<\/strong>: Um belo bouquet de rosa e jasmim complementam estes aromas de hort\u00eansia enquanto a folha verde traz um ar de frescura e um toque subtil de \u00e2mbar e especiarias acrescenta um calor duradouro.<\/p>\n<p><strong>Ingredientes<\/strong>: [Augeo Clean Multi, Phenethyl alcohol] 1-(1,2,3,4,5,6,7,8-Octahydro-2,3,8,8-tetramethyl-2-naphthalenyl)ethanone, 3 and 4-(4-Hydroxy-4-methylpentyl)-3-cyclohexene-1-carboxaldehyde, 4-tert-Butylcyclohexyl acetate, Linalool, alpha-iso-Methylionone. Pode produzir rea\u00e7\u00e3o al\u00e9rgica.<\/p>\n<p>&nbsp;<\/p>\n","protected":false},"excerpt":{"rendered":"<p>Wax Lyrical RHS Difusor c\/ Sticks &#8220;Hydrangea&#8221; Emb. 180ml. &nbsp; Ingredientes: Um belo bouquet de rosa e jasmim complementam estes aromas de hort\u00eansia enquanto a folha verde traz um ar de frescura e um toque subtil de \u00e2mbar e especiarias acrescenta um calor duradouro. Ingredientes: [Augeo Clean Multi, Phenethyl alcohol] 1-(1,2,3,4,5,6,7,8-Octahydro-2,3,8,8-tetramethyl-2-naphthalenyl)ethanone, 3 and 4-(4-Hydroxy-4-methylpentyl)-3-cyclohexene-1-carboxaldehyde, 4-tert-Butylcyclohexyl [&hellip;]<\/p>\n","protected":false},"featured_media":0,"template":"","meta":[],"product_brand":[],"product_cat":[287,55],"product_tag":[],"class_list":{"0":"post-1869","1":"product","2":"type-product","3":"status-publish","5":"product_cat-ambientadores-para-casa","6":"product_cat-dph","7":"pa_marcas-wax-lyrical","8":"pa_pais-reino-unido","10":"first","11":"instock","12":"taxable","13":"shipping-taxable","14":"product-type-simple"},"_links":{"self":[{"href":"https:\/\/bricer.pt\/index.php?rest_route=\/wp\/v2\/product\/1869","targetHints":{"allow":["GET"]}}],"collection":[{"href":"https:\/\/bricer.pt\/index.php?rest_route=\/wp\/v2\/product"}],"about":[{"href":"https:\/\/bricer.pt\/index.php?rest_route=\/wp\/v2\/types\/product"}],"wp:attachment":[{"href":"https:\/\/bricer.pt\/index.php?rest_route=%2Fwp%2Fv2%2Fmedia&parent=1869"}],"wp:term":[{"taxonomy":"product_brand","embeddable":true,"href":"https:\/\/bricer.pt\/index.php?rest_route=%2Fwp%2Fv2%2Fproduct_brand&post=1869"},{"taxonomy":"product_cat","embeddable":true,"href":"https:\/\/bricer.pt\/index.php?rest_route=%2Fwp%2Fv2%2Fproduct_cat&post=1869"},{"taxonomy":"product_tag","embeddable":true,"href":"https:\/\/bricer.pt\/index.php?rest_route=%2Fwp%2Fv2%2Fproduct_tag&post=1869"}],"curies":[{"name":"wp","href":"https:\/\/api.w.org\/{rel}","templated":true}]}}