{"id":1867,"date":"2023-03-06T11:26:05","date_gmt":"2023-03-06T11:26:05","guid":{"rendered":"https:\/\/bricer.pt\/produto\/wax-lyrical-rhs-recarga-p-difusor-cereja-rosa-200ml\/"},"modified":"2023-04-17T08:00:51","modified_gmt":"2023-04-17T08:00:51","slug":"wax-lyrical-rhs-recarga-p-difusor-cereja-rosa-200ml","status":"publish","type":"product","link":"https:\/\/bricer.pt\/?product=wax-lyrical-rhs-recarga-p-difusor-cereja-rosa-200ml","title":{"rendered":"Wax Lyrical RHS Recarga  p\/  Difusor  &#8220;Cereja &#038; Rosa&#8221; 200ml"},"content":{"rendered":"<p><strong>Wax Lyrical RHS Recarga p\/ Difusor &#8220;Cereja &amp; Rosa&#8221;<\/strong> Emb.: 200ml.<\/p>\n<p>&nbsp;<\/p>\n<p><strong>Caracter\u00edsticas<\/strong>: Uma fragr\u00e2ncia exuberante de ch\u00e1 verde fresco e rosa \u00e9 combinada com notas frutadas de cereja e levantada por notas verdes de ger\u00e2nio, caules orvalhados e \u00edris r\u00e9gia, suportada por uma base quente e doce de baunilha.<\/p>\n<p><strong>Advert\u00eancias<\/strong>: N\u00e3o coloque em superf\u00edcies pintadas ou sint\u00e9ticas. N\u00e3o \u00e9 para consumo. Pode produzir uma rea\u00e7\u00e3o al\u00e9rgica da pele. Descarte o recipiente no local de descarte aprovado, de acordo com os regulamentos locais. Lavar as m\u00e3os depois do contacto com a pele no manuseamento.<\/p>\n<p>&nbsp;<\/p>\n<p>&nbsp;<\/p>\n<p>&nbsp;<\/p>\n","protected":false},"excerpt":{"rendered":"<p>Wax Lyrical RHS Recarga p\/ Difusor &#8220;Cereja &amp; Rosa&#8221; Emb.: 200ml. &nbsp; Caracter\u00edsticas: Uma fragr\u00e2ncia exuberante de ch\u00e1 verde fresco e rosa \u00e9 combinada com notas frutadas de cereja e levantada por notas verdes de ger\u00e2nio, caules orvalhados e \u00edris r\u00e9gia, suportada por uma base quente e doce de baunilha. Advert\u00eancias: N\u00e3o coloque em superf\u00edcies [&hellip;]<\/p>\n","protected":false},"featured_media":0,"template":"","meta":[],"product_brand":[],"product_cat":[289,55,290],"product_tag":[],"class_list":{"0":"post-1867","1":"product","2":"type-product","3":"status-publish","5":"product_cat-ambientadores-para-casadph","6":"product_cat-dph","7":"product_cat-velas-ambientadores-para-casadph","8":"pa_marcas-wax-lyrical","9":"pa_pais-reino-unido","11":"first","12":"instock","13":"taxable","14":"shipping-taxable","15":"product-type-simple"},"_links":{"self":[{"href":"https:\/\/bricer.pt\/index.php?rest_route=\/wp\/v2\/product\/1867","targetHints":{"allow":["GET"]}}],"collection":[{"href":"https:\/\/bricer.pt\/index.php?rest_route=\/wp\/v2\/product"}],"about":[{"href":"https:\/\/bricer.pt\/index.php?rest_route=\/wp\/v2\/types\/product"}],"wp:attachment":[{"href":"https:\/\/bricer.pt\/index.php?rest_route=%2Fwp%2Fv2%2Fmedia&parent=1867"}],"wp:term":[{"taxonomy":"product_brand","embeddable":true,"href":"https:\/\/bricer.pt\/index.php?rest_route=%2Fwp%2Fv2%2Fproduct_brand&post=1867"},{"taxonomy":"product_cat","embeddable":true,"href":"https:\/\/bricer.pt\/index.php?rest_route=%2Fwp%2Fv2%2Fproduct_cat&post=1867"},{"taxonomy":"product_tag","embeddable":true,"href":"https:\/\/bricer.pt\/index.php?rest_route=%2Fwp%2Fv2%2Fproduct_tag&post=1867"}],"curies":[{"name":"wp","href":"https:\/\/api.w.org\/{rel}","templated":true}]}}