{"id":1862,"date":"2023-03-06T11:26:05","date_gmt":"2023-03-06T11:26:05","guid":{"rendered":"https:\/\/bricer.pt\/produto\/wax-lyrical-colony-difusor-c-varetas-wild-honeysuckle-emb-100ml\/"},"modified":"2023-04-17T08:00:50","modified_gmt":"2023-04-17T08:00:50","slug":"wax-lyrical-colony-difusor-c-varetas-wild-honeysuckle-emb-100ml","status":"publish","type":"product","link":"https:\/\/bricer.pt\/?product=wax-lyrical-colony-difusor-c-varetas-wild-honeysuckle-emb-100ml","title":{"rendered":"Wax Lyrical COLONY Difusor c\/ Varetas &#8220;Wild Honeysuckle&#8221; Emb. 100ml"},"content":{"rendered":"<p><strong>Wax Lyrical COLONY Difusor c\/ Varetas &#8220;Wild Honeysuckle&#8221;<\/strong> Emb. 100ml.<\/p>\n<p>&nbsp;<\/p>\n<p><strong>Caracter\u00edsticas: <\/strong>Fresca mas doce, esta fragr\u00e2ncia de madressilva exala notas quentes de bals\u00e2micas e florais. Complementando o leve toque deste aroma, as notas verdes herb\u00e1ceas descansam suavemente sobre uma base de alm\u00edscar e \u00e2mbar. Este pequeno difusor de cana \u00e9 elegantemente subtil no design e tipicamente ousado na fragr\u00e2ncia de Col\u00f3nia. As palhetas de fibra branca difundem elegantemente 100ml de fragr\u00e2ncia por toda a sua casa.<\/p>\n<p>&nbsp;<\/p>\n","protected":false},"excerpt":{"rendered":"<p>Wax Lyrical COLONY Difusor c\/ Varetas &#8220;Wild Honeysuckle&#8221; Emb. 100ml. &nbsp; Caracter\u00edsticas: Fresca mas doce, esta fragr\u00e2ncia de madressilva exala notas quentes de bals\u00e2micas e florais. Complementando o leve toque deste aroma, as notas verdes herb\u00e1ceas descansam suavemente sobre uma base de alm\u00edscar e \u00e2mbar. Este pequeno difusor de cana \u00e9 elegantemente subtil no design [&hellip;]<\/p>\n","protected":false},"featured_media":0,"template":"","meta":[],"product_brand":[],"product_cat":[287,55],"product_tag":[],"class_list":{"0":"post-1862","1":"product","2":"type-product","3":"status-publish","5":"product_cat-ambientadores-para-casa","6":"product_cat-dph","7":"pa_marcas-wax-lyrical","8":"pa_pais-reino-unido","10":"first","11":"instock","12":"taxable","13":"shipping-taxable","14":"product-type-simple"},"_links":{"self":[{"href":"https:\/\/bricer.pt\/index.php?rest_route=\/wp\/v2\/product\/1862","targetHints":{"allow":["GET"]}}],"collection":[{"href":"https:\/\/bricer.pt\/index.php?rest_route=\/wp\/v2\/product"}],"about":[{"href":"https:\/\/bricer.pt\/index.php?rest_route=\/wp\/v2\/types\/product"}],"wp:attachment":[{"href":"https:\/\/bricer.pt\/index.php?rest_route=%2Fwp%2Fv2%2Fmedia&parent=1862"}],"wp:term":[{"taxonomy":"product_brand","embeddable":true,"href":"https:\/\/bricer.pt\/index.php?rest_route=%2Fwp%2Fv2%2Fproduct_brand&post=1862"},{"taxonomy":"product_cat","embeddable":true,"href":"https:\/\/bricer.pt\/index.php?rest_route=%2Fwp%2Fv2%2Fproduct_cat&post=1862"},{"taxonomy":"product_tag","embeddable":true,"href":"https:\/\/bricer.pt\/index.php?rest_route=%2Fwp%2Fv2%2Fproduct_tag&post=1862"}],"curies":[{"name":"wp","href":"https:\/\/api.w.org\/{rel}","templated":true}]}}