{"id":1860,"date":"2023-03-06T11:26:05","date_gmt":"2023-03-06T11:26:05","guid":{"rendered":"https:\/\/bricer.pt\/produto\/actoner-solucao-higienizante-70-hidroalcoolica\/"},"modified":"2023-04-17T08:00:50","modified_gmt":"2023-04-17T08:00:50","slug":"actoner-solucao-higienizante-70-hidroalcoolica","status":"publish","type":"product","link":"https:\/\/bricer.pt\/?product=actoner-solucao-higienizante-70-hidroalcoolica","title":{"rendered":"Actoner Solu\u00e7\u00e3o higienizante 70% hidroalco\u00f3lica"},"content":{"rendered":"","protected":false},"excerpt":{"rendered":"","protected":false},"featured_media":1861,"template":"","meta":[],"product_brand":[],"product_cat":[55,247],"product_tag":[],"class_list":{"0":"post-1860","1":"product","2":"type-product","3":"status-publish","4":"has-post-thumbnail","6":"product_cat-dph","7":"product_cat-higiene-e-beleza-dph","8":"pa_pais-espanha","10":"first","11":"instock","12":"taxable","13":"shipping-taxable","14":"product-type-simple"},"_links":{"self":[{"href":"https:\/\/bricer.pt\/index.php?rest_route=\/wp\/v2\/product\/1860","targetHints":{"allow":["GET"]}}],"collection":[{"href":"https:\/\/bricer.pt\/index.php?rest_route=\/wp\/v2\/product"}],"about":[{"href":"https:\/\/bricer.pt\/index.php?rest_route=\/wp\/v2\/types\/product"}],"wp:featuredmedia":[{"embeddable":true,"href":"https:\/\/bricer.pt\/index.php?rest_route=\/wp\/v2\/media\/1861"}],"wp:attachment":[{"href":"https:\/\/bricer.pt\/index.php?rest_route=%2Fwp%2Fv2%2Fmedia&parent=1860"}],"wp:term":[{"taxonomy":"product_brand","embeddable":true,"href":"https:\/\/bricer.pt\/index.php?rest_route=%2Fwp%2Fv2%2Fproduct_brand&post=1860"},{"taxonomy":"product_cat","embeddable":true,"href":"https:\/\/bricer.pt\/index.php?rest_route=%2Fwp%2Fv2%2Fproduct_cat&post=1860"},{"taxonomy":"product_tag","embeddable":true,"href":"https:\/\/bricer.pt\/index.php?rest_route=%2Fwp%2Fv2%2Fproduct_tag&post=1860"}],"curies":[{"name":"wp","href":"https:\/\/api.w.org\/{rel}","templated":true}]}}