{"id":1840,"date":"2023-03-06T11:19:35","date_gmt":"2023-03-06T11:19:35","guid":{"rendered":"https:\/\/bricer.pt\/produto\/wax-lyrical-mie-difusor-c-varetas-cerejas-vermelhas-emb-40ml\/"},"modified":"2023-04-17T08:00:47","modified_gmt":"2023-04-17T08:00:47","slug":"wax-lyrical-mie-difusor-c-varetas-cerejas-vermelhas-emb-40ml","status":"publish","type":"product","link":"https:\/\/bricer.pt\/?product=wax-lyrical-mie-difusor-c-varetas-cerejas-vermelhas-emb-40ml","title":{"rendered":"Wax Lyrical MIE Difusor c\/ Varetas &#8220;Cerejas Vermelhas&#8221; Emb.: 40ml"},"content":{"rendered":"<p><strong>Wax Lyrical MIE Difusor c\/ Varetas &#8220;Cerejas Vermelhas&#8221;<\/strong> Emb.: 40ml.<\/p>\n<p>&nbsp;<\/p>\n<p><strong>Caracter\u00edsticas<\/strong>: A fragr\u00e2ncia de cerejas vermelhas encher\u00e1 o seu quarto com uma fragr\u00e2ncia de cerejas frutadas suportada por uma base de baunilha doce.<\/p>\n<p><strong>Ingredientes<\/strong>: Augeo Clean Multi, 1-(1,2,3,4,5,6,7,8-Octahydro-2,3,8,8-tetramethyl-2-naphthalenyl) ethanone, delta-1-(2,6,6-Trimethyl-3-cyclohexen-1-yl)-2-buten-1-one. Pode produzir rea\u00e7\u00e3o al\u00e9rgica.<\/p>\n<p><strong>Advert\u00eancias<\/strong>: Ler as instru\u00e7\u00f5es antes de usar. Guardar a embalagem para refer\u00eancia futura. Se necessitar de conselho m\u00e9dico ter \u00e0 m\u00e3o o UFI, embalagem ou o rotulo original. Manter longe do alcance de crian\u00e7as e animais. Eliminar o conte\u00fado\/recipiente de acordo com a legisla\u00e7\u00e3o. N\u00e3o colocar em superf\u00edcies pintadas, polidas ou sint\u00e9ticas. Este produto N\u00e3o \u00e9 para consumo. Em contacto com os olhos pode causar severas irrita\u00e7\u00f5es: Lavar cuidadosamente com \u00e1gua abundante por v\u00e1rios minutos. Remover lentes de contacto para lavagem mais completa. Se a irrita\u00e7\u00e3o persistir, consultar o m\u00e9dico. Lavar as m\u00e3os depois do contacto com a pele no manuseamento.<\/p>\n","protected":false},"excerpt":{"rendered":"<p>Wax Lyrical MIE Difusor c\/ Varetas &#8220;Cerejas Vermelhas&#8221; Emb.: 40ml. &nbsp; Caracter\u00edsticas: A fragr\u00e2ncia de cerejas vermelhas encher\u00e1 o seu quarto com uma fragr\u00e2ncia de cerejas frutadas suportada por uma base de baunilha doce. Ingredientes: Augeo Clean Multi, 1-(1,2,3,4,5,6,7,8-Octahydro-2,3,8,8-tetramethyl-2-naphthalenyl) ethanone, delta-1-(2,6,6-Trimethyl-3-cyclohexen-1-yl)-2-buten-1-one. Pode produzir rea\u00e7\u00e3o al\u00e9rgica. Advert\u00eancias: Ler as instru\u00e7\u00f5es antes de usar. Guardar a embalagem [&hellip;]<\/p>\n","protected":false},"featured_media":0,"template":"","meta":[],"product_brand":[],"product_cat":[287,55],"product_tag":[],"class_list":{"0":"post-1840","1":"product","2":"type-product","3":"status-publish","5":"product_cat-ambientadores-para-casa","6":"product_cat-dph","7":"pa_marcas-wax-lyrical","8":"pa_pais-reino-unido","10":"first","11":"instock","12":"taxable","13":"shipping-taxable","14":"product-type-simple"},"_links":{"self":[{"href":"https:\/\/bricer.pt\/index.php?rest_route=\/wp\/v2\/product\/1840","targetHints":{"allow":["GET"]}}],"collection":[{"href":"https:\/\/bricer.pt\/index.php?rest_route=\/wp\/v2\/product"}],"about":[{"href":"https:\/\/bricer.pt\/index.php?rest_route=\/wp\/v2\/types\/product"}],"wp:attachment":[{"href":"https:\/\/bricer.pt\/index.php?rest_route=%2Fwp%2Fv2%2Fmedia&parent=1840"}],"wp:term":[{"taxonomy":"product_brand","embeddable":true,"href":"https:\/\/bricer.pt\/index.php?rest_route=%2Fwp%2Fv2%2Fproduct_brand&post=1840"},{"taxonomy":"product_cat","embeddable":true,"href":"https:\/\/bricer.pt\/index.php?rest_route=%2Fwp%2Fv2%2Fproduct_cat&post=1840"},{"taxonomy":"product_tag","embeddable":true,"href":"https:\/\/bricer.pt\/index.php?rest_route=%2Fwp%2Fv2%2Fproduct_tag&post=1840"}],"curies":[{"name":"wp","href":"https:\/\/api.w.org\/{rel}","templated":true}]}}