{"id":1825,"date":"2023-03-06T11:19:35","date_gmt":"2023-03-06T11:19:35","guid":{"rendered":"https:\/\/bricer.pt\/produto\/vaseline-vaselina-p-labios-original-lata-20g\/"},"modified":"2023-04-17T08:00:46","modified_gmt":"2023-04-17T08:00:46","slug":"vaseline-vaselina-p-labios-original-lata-20g","status":"publish","type":"product","link":"https:\/\/bricer.pt\/?product=vaseline-vaselina-p-labios-original-lata-20g","title":{"rendered":"Vaseline Vaselina p\/ L\u00e1bios Original Lata 20g"},"content":{"rendered":"<p><strong>Vaseline Vaselina p\/ L\u00e1bios Original<\/strong> Lata 20g.<\/p>\n<p>&nbsp;<\/p>\n<p><strong>Caracter\u00edsticas<\/strong>: O b\u00e1lsamo de l\u00e1bios Vaseline Lip Therapy \u00e9 uma ajuda indispens\u00e1vel no cuidado da pele sens\u00edvel dos l\u00e1bios em todas as esta\u00e7\u00f5es do ano. Hidrata em profundidade e nutre intensamente proporciona um al\u00edvio imediato aos l\u00e1bios secos.<\/p>\n<p><strong>Ingredientes<\/strong>: Petrolatum (100%).<\/p>\n<p><strong>Instru\u00e7\u00f5es<\/strong>: Aplique nos l\u00e1bios a qualquer momento do dia, conforme necess\u00e1rio.<\/p>\n<p><strong>Advert\u00eancias<\/strong>: Uso Externo.<\/p>\n<p>&nbsp;<\/p>\n","protected":false},"excerpt":{"rendered":"<p>Vaseline Vaselina p\/ L\u00e1bios Original Lata 20g. &nbsp; Caracter\u00edsticas: O b\u00e1lsamo de l\u00e1bios Vaseline Lip Therapy \u00e9 uma ajuda indispens\u00e1vel no cuidado da pele sens\u00edvel dos l\u00e1bios em todas as esta\u00e7\u00f5es do ano. Hidrata em profundidade e nutre intensamente proporciona um al\u00edvio imediato aos l\u00e1bios secos. Ingredientes: Petrolatum (100%). Instru\u00e7\u00f5es: Aplique nos l\u00e1bios a qualquer [&hellip;]<\/p>\n","protected":false},"featured_media":1826,"template":"","meta":[],"product_brand":[],"product_cat":[55,285],"product_tag":[],"class_list":{"0":"post-1825","1":"product","2":"type-product","3":"status-publish","4":"has-post-thumbnail","6":"product_cat-dph","7":"product_cat-hidratacao","8":"pa_marcas-vaseline","9":"pa_pais-reino-unido","11":"first","12":"instock","13":"taxable","14":"shipping-taxable","15":"product-type-simple"},"_links":{"self":[{"href":"https:\/\/bricer.pt\/index.php?rest_route=\/wp\/v2\/product\/1825","targetHints":{"allow":["GET"]}}],"collection":[{"href":"https:\/\/bricer.pt\/index.php?rest_route=\/wp\/v2\/product"}],"about":[{"href":"https:\/\/bricer.pt\/index.php?rest_route=\/wp\/v2\/types\/product"}],"wp:featuredmedia":[{"embeddable":true,"href":"https:\/\/bricer.pt\/index.php?rest_route=\/wp\/v2\/media\/1826"}],"wp:attachment":[{"href":"https:\/\/bricer.pt\/index.php?rest_route=%2Fwp%2Fv2%2Fmedia&parent=1825"}],"wp:term":[{"taxonomy":"product_brand","embeddable":true,"href":"https:\/\/bricer.pt\/index.php?rest_route=%2Fwp%2Fv2%2Fproduct_brand&post=1825"},{"taxonomy":"product_cat","embeddable":true,"href":"https:\/\/bricer.pt\/index.php?rest_route=%2Fwp%2Fv2%2Fproduct_cat&post=1825"},{"taxonomy":"product_tag","embeddable":true,"href":"https:\/\/bricer.pt\/index.php?rest_route=%2Fwp%2Fv2%2Fproduct_tag&post=1825"}],"curies":[{"name":"wp","href":"https:\/\/api.w.org\/{rel}","templated":true}]}}