{"id":1821,"date":"2023-03-06T11:19:31","date_gmt":"2023-03-06T11:19:31","guid":{"rendered":"https:\/\/bricer.pt\/produto\/vaseline-vaselina-boiao-100ml\/"},"modified":"2023-04-17T08:00:44","modified_gmt":"2023-04-17T08:00:44","slug":"vaseline-vaselina-boiao-100ml","status":"publish","type":"product","link":"https:\/\/bricer.pt\/?product=vaseline-vaselina-boiao-100ml","title":{"rendered":"Vaseline Vaselina Boi\u00e3o 100ml"},"content":{"rendered":"<p><strong>Vaseline Vaselina<\/strong> Boi\u00e3o 100ml.<\/p>\n<p>&nbsp;<\/p>\n<p><strong>Caracter\u00edsticas<\/strong>: Protege temporariamente e ajuda a aliviar a pele gretada ou rachada.<\/p>\n<p><strong>Utiliza\u00e7\u00e3o<\/strong>: Aplicar em qualquer zona do corpo, para um cuidado completo.<\/p>\n<div class=\"ingredient header1 headline3-fontFix\"><strong>Ingredientes<\/strong>: White Petrolatum, usp (100%).<\/div>\n<div class=\"definition paragraph paragraph2-fontFix\">\n<p>&nbsp;<\/p>\n<\/div>\n","protected":false},"excerpt":{"rendered":"<p>Vaseline Vaselina Boi\u00e3o 100ml. &nbsp; Caracter\u00edsticas: Protege temporariamente e ajuda a aliviar a pele gretada ou rachada. Utiliza\u00e7\u00e3o: Aplicar em qualquer zona do corpo, para um cuidado completo. Ingredientes: White Petrolatum, usp (100%). &nbsp;<\/p>\n","protected":false},"featured_media":1822,"template":"","meta":[],"product_brand":[],"product_cat":[55,285],"product_tag":[],"class_list":{"0":"post-1821","1":"product","2":"type-product","3":"status-publish","4":"has-post-thumbnail","6":"product_cat-dph","7":"product_cat-hidratacao","8":"pa_marcas-vaseline","9":"pa_pais-reino-unido","11":"first","12":"instock","13":"taxable","14":"shipping-taxable","15":"product-type-simple"},"_links":{"self":[{"href":"https:\/\/bricer.pt\/index.php?rest_route=\/wp\/v2\/product\/1821","targetHints":{"allow":["GET"]}}],"collection":[{"href":"https:\/\/bricer.pt\/index.php?rest_route=\/wp\/v2\/product"}],"about":[{"href":"https:\/\/bricer.pt\/index.php?rest_route=\/wp\/v2\/types\/product"}],"wp:featuredmedia":[{"embeddable":true,"href":"https:\/\/bricer.pt\/index.php?rest_route=\/wp\/v2\/media\/1822"}],"wp:attachment":[{"href":"https:\/\/bricer.pt\/index.php?rest_route=%2Fwp%2Fv2%2Fmedia&parent=1821"}],"wp:term":[{"taxonomy":"product_brand","embeddable":true,"href":"https:\/\/bricer.pt\/index.php?rest_route=%2Fwp%2Fv2%2Fproduct_brand&post=1821"},{"taxonomy":"product_cat","embeddable":true,"href":"https:\/\/bricer.pt\/index.php?rest_route=%2Fwp%2Fv2%2Fproduct_cat&post=1821"},{"taxonomy":"product_tag","embeddable":true,"href":"https:\/\/bricer.pt\/index.php?rest_route=%2Fwp%2Fv2%2Fproduct_tag&post=1821"}],"curies":[{"name":"wp","href":"https:\/\/api.w.org\/{rel}","templated":true}]}}