{"id":1760,"date":"2023-03-06T11:19:23","date_gmt":"2023-03-06T11:19:23","guid":{"rendered":"https:\/\/bricer.pt\/produto\/thomy-mostarda-suave-tubo-200ml\/"},"modified":"2025-10-14T07:57:26","modified_gmt":"2025-10-14T07:57:26","slug":"thomy-mostarda-suave-tubo-200ml","status":"publish","type":"product","link":"https:\/\/bricer.pt\/?product=thomy-mostarda-suave-tubo-200ml","title":{"rendered":"Thomy Mostarda Suave Tubo 200ml"},"content":{"rendered":"<p><strong>Thomy Mostarda Suave Tubo 200ml.<\/strong><\/p>\n<p>&nbsp;<\/p>\n<p><strong>Ingredientes:<\/strong> \u00e1gua, sementes de MOSTARDA, vinagre de brandy, sal iodado, a\u00e7\u00facar, especiarias (curcuma, coentros, paprica, pimenta da jamaica), ac\u00facar.<\/p>\n<p><strong>Alerg\u00e9nios:<\/strong> Ver MAI\u00daSCULAS. Pode conter vest\u00edgios de LEITE.<\/p>\n<p><strong>Declara\u00e7\u00e3o Nutricional p\/100ml:<\/strong> Energia 495kJ\/119kcal; L\u00edpidos 7,3g (dos quais \u00e1cidos gordos saturados 1,5g); Hidratos de Carbono 3,8g (dos quais ac\u00facares 1,9g); Fibra 3,1g; Prote\u00edna 6,7g; Sal 3,9g.<\/p>\n","protected":false},"excerpt":{"rendered":"<p>Thomy Mostarda Suave Tubo 200ml. &nbsp; Ingredientes: \u00e1gua, sementes de MOSTARDA, vinagre de brandy, sal iodado, a\u00e7\u00facar, especiarias (curcuma, coentros, paprica, pimenta da jamaica), ac\u00facar. Alerg\u00e9nios: Ver MAI\u00daSCULAS. Pode conter vest\u00edgios de LEITE. Declara\u00e7\u00e3o Nutricional p\/100ml: Energia 495kJ\/119kcal; L\u00edpidos 7,3g (dos quais \u00e1cidos gordos saturados 1,5g); Hidratos de Carbono 3,8g (dos quais ac\u00facares 1,9g); Fibra [&hellip;]<\/p>\n","protected":false},"featured_media":1761,"template":"","meta":[],"product_brand":[],"product_cat":[36,205],"product_tag":[],"class_list":{"0":"post-1760","1":"product","2":"type-product","3":"status-publish","4":"has-post-thumbnail","6":"product_cat-mercearia-salgada","7":"product_cat-mostardas","8":"pa_marcas-thomy","9":"pa_pais-alemanha","11":"first","12":"instock","13":"taxable","14":"shipping-taxable","15":"product-type-simple"},"_links":{"self":[{"href":"https:\/\/bricer.pt\/index.php?rest_route=\/wp\/v2\/product\/1760","targetHints":{"allow":["GET"]}}],"collection":[{"href":"https:\/\/bricer.pt\/index.php?rest_route=\/wp\/v2\/product"}],"about":[{"href":"https:\/\/bricer.pt\/index.php?rest_route=\/wp\/v2\/types\/product"}],"wp:featuredmedia":[{"embeddable":true,"href":"https:\/\/bricer.pt\/index.php?rest_route=\/wp\/v2\/media\/1761"}],"wp:attachment":[{"href":"https:\/\/bricer.pt\/index.php?rest_route=%2Fwp%2Fv2%2Fmedia&parent=1760"}],"wp:term":[{"taxonomy":"product_brand","embeddable":true,"href":"https:\/\/bricer.pt\/index.php?rest_route=%2Fwp%2Fv2%2Fproduct_brand&post=1760"},{"taxonomy":"product_cat","embeddable":true,"href":"https:\/\/bricer.pt\/index.php?rest_route=%2Fwp%2Fv2%2Fproduct_cat&post=1760"},{"taxonomy":"product_tag","embeddable":true,"href":"https:\/\/bricer.pt\/index.php?rest_route=%2Fwp%2Fv2%2Fproduct_tag&post=1760"}],"curies":[{"name":"wp","href":"https:\/\/api.w.org\/{rel}","templated":true}]}}