{"id":1757,"date":"2023-03-06T11:19:23","date_gmt":"2023-03-06T11:19:23","guid":{"rendered":"https:\/\/bricer.pt\/produto\/thomy-molho-remoulade-gourmet-tubo-200ml\/"},"modified":"2023-04-17T08:00:37","modified_gmt":"2023-04-17T08:00:37","slug":"thomy-molho-remoulade-gourmet-tubo-200ml","status":"publish","type":"product","link":"https:\/\/bricer.pt\/?product=thomy-molho-remoulade-gourmet-tubo-200ml","title":{"rendered":"Thomy Molho &#8221;Remoulade Gourmet&#8221; Tubo 200ml"},"content":{"rendered":"<p><strong>Thomy Molho &#8221;Remoulade Gourmet&#8221; Tubo 200ml.<\/strong><\/p>\n<p>&nbsp;<\/p>\n<p><strong>Ingredientes:<\/strong> 57% de \u00f3leo de girassol, 16% pickles, vinagre, \u00e1gua, a\u00e7\u00facar, 4,8% de gema de OVO*, cebola, sementes de MOSTARDA, alcaparras, sal, ervas, especiarias, sal, aromatizantes, acidificante: \u00e1cido l\u00e1tico. [cont\u00e9m: LEITE, AIPO].<br \/>\n*De ovos de capoeira.<\/p>\n<p><strong>Alerg\u00e9nios:<\/strong> Ver MAI\u00daSCULAS.<\/p>\n<p><strong>Declara\u00e7\u00e3o Nutricional p\/100ml:<\/strong> Energia 2269kJ\/542kcal; L\u00edpidos 57g (dos quais \u00e1cidos gordos saturados 5,8g); Hidratos de Carbono 5,4g (dos quais a\u00e7\u00facares 5,1g); Fibra 0,6g; Prote\u00ednas 1,1g; Sal 1,5g.<\/p>\n","protected":false},"excerpt":{"rendered":"<p>Thomy Molho &#8221;Remoulade Gourmet&#8221; Tubo 200ml. &nbsp; Ingredientes: 57% de \u00f3leo de girassol, 16% pickles, vinagre, \u00e1gua, a\u00e7\u00facar, 4,8% de gema de OVO*, cebola, sementes de MOSTARDA, alcaparras, sal, ervas, especiarias, sal, aromatizantes, acidificante: \u00e1cido l\u00e1tico. [cont\u00e9m: LEITE, AIPO]. *De ovos de capoeira. Alerg\u00e9nios: Ver MAI\u00daSCULAS. Declara\u00e7\u00e3o Nutricional p\/100ml: Energia 2269kJ\/542kcal; L\u00edpidos 57g (dos quais [&hellip;]<\/p>\n","protected":false},"featured_media":1758,"template":"","meta":[],"product_brand":[],"product_cat":[36,85],"product_tag":[],"class_list":{"0":"post-1757","1":"product","2":"type-product","3":"status-publish","4":"has-post-thumbnail","6":"product_cat-mercearia-salgada","7":"product_cat-molhos-mercearia-salgada","8":"pa_marcas-thomy","9":"pa_pais-alemanha","11":"first","12":"outofstock","13":"taxable","14":"shipping-taxable","15":"product-type-simple"},"_links":{"self":[{"href":"https:\/\/bricer.pt\/index.php?rest_route=\/wp\/v2\/product\/1757","targetHints":{"allow":["GET"]}}],"collection":[{"href":"https:\/\/bricer.pt\/index.php?rest_route=\/wp\/v2\/product"}],"about":[{"href":"https:\/\/bricer.pt\/index.php?rest_route=\/wp\/v2\/types\/product"}],"wp:featuredmedia":[{"embeddable":true,"href":"https:\/\/bricer.pt\/index.php?rest_route=\/wp\/v2\/media\/1758"}],"wp:attachment":[{"href":"https:\/\/bricer.pt\/index.php?rest_route=%2Fwp%2Fv2%2Fmedia&parent=1757"}],"wp:term":[{"taxonomy":"product_brand","embeddable":true,"href":"https:\/\/bricer.pt\/index.php?rest_route=%2Fwp%2Fv2%2Fproduct_brand&post=1757"},{"taxonomy":"product_cat","embeddable":true,"href":"https:\/\/bricer.pt\/index.php?rest_route=%2Fwp%2Fv2%2Fproduct_cat&post=1757"},{"taxonomy":"product_tag","embeddable":true,"href":"https:\/\/bricer.pt\/index.php?rest_route=%2Fwp%2Fv2%2Fproduct_tag&post=1757"}],"curies":[{"name":"wp","href":"https:\/\/api.w.org\/{rel}","templated":true}]}}