{"id":1755,"date":"2023-03-06T11:19:23","date_gmt":"2023-03-06T11:19:23","guid":{"rendered":"https:\/\/bricer.pt\/produto\/thomy-molho-holandaise-tetrapack-250ml\/"},"modified":"2025-09-17T10:07:28","modified_gmt":"2025-09-17T10:07:28","slug":"thomy-molho-holandaise-tetrapack-250ml","status":"publish","type":"product","link":"https:\/\/bricer.pt\/?product=thomy-molho-holandaise-tetrapack-250ml","title":{"rendered":"Thomy Molho &#8221;Holandaise&#8221; Tetrapack 250ml"},"content":{"rendered":"<p><strong>Thomy Molho &#8221;Holandaise&#8221; Tetrapack 250ml.<\/strong><\/p>\n<p>&nbsp;<\/p>\n<p><strong>Ingredientes<\/strong>: \u00c1gua, 20% de \u00f3leo de girassol, gema de OVO, amido modificado, a\u00e7\u00facar, sumo de lim\u00e3o a partir de concentrado, sal iodado, vinagre de vinho branco, cebola em p\u00f3, extrato de levedura, aromas (cont\u00e9m OVO, LEITE, \u00f3leo de MOSTARDA), espessante: goma xantana.<\/p>\n<p><strong>Alerg\u00e9nios<\/strong>: Ver MAI\u00daSCULAS<\/p>\n<p><strong>Declara\u00e7\u00e3o Nutricional p\/100ml:<\/strong> Energia 893kJ\/216kcal; L\u00edpidos 21,6g (dos quais saturados 2,4g); Hidratos de Carbono 4,3g (dos quais a\u00e7\u00facares 1,9g); Fibra 0,2g; Prote\u00ednas 0,9g; Sal 1,3g.<\/p>\n","protected":false},"excerpt":{"rendered":"<p>Thomy Molho &#8221;Holandaise&#8221; Tetrapack 250ml. &nbsp; Ingredientes: \u00c1gua, 20% de \u00f3leo de girassol, gema de OVO, amido modificado, a\u00e7\u00facar, sumo de lim\u00e3o a partir de concentrado, sal iodado, vinagre de vinho branco, cebola em p\u00f3, extrato de levedura, aromas (cont\u00e9m OVO, LEITE, \u00f3leo de MOSTARDA), espessante: goma xantana. Alerg\u00e9nios: Ver MAI\u00daSCULAS Declara\u00e7\u00e3o Nutricional p\/100ml: Energia [&hellip;]<\/p>\n","protected":false},"featured_media":1756,"template":"","meta":[],"product_brand":[],"product_cat":[36,85],"product_tag":[],"class_list":{"0":"post-1755","1":"product","2":"type-product","3":"status-publish","4":"has-post-thumbnail","6":"product_cat-mercearia-salgada","7":"product_cat-molhos-mercearia-salgada","8":"pa_marcas-thomy","9":"pa_pais-alemanha","11":"first","12":"instock","13":"taxable","14":"shipping-taxable","15":"product-type-simple"},"_links":{"self":[{"href":"https:\/\/bricer.pt\/index.php?rest_route=\/wp\/v2\/product\/1755","targetHints":{"allow":["GET"]}}],"collection":[{"href":"https:\/\/bricer.pt\/index.php?rest_route=\/wp\/v2\/product"}],"about":[{"href":"https:\/\/bricer.pt\/index.php?rest_route=\/wp\/v2\/types\/product"}],"wp:featuredmedia":[{"embeddable":true,"href":"https:\/\/bricer.pt\/index.php?rest_route=\/wp\/v2\/media\/1756"}],"wp:attachment":[{"href":"https:\/\/bricer.pt\/index.php?rest_route=%2Fwp%2Fv2%2Fmedia&parent=1755"}],"wp:term":[{"taxonomy":"product_brand","embeddable":true,"href":"https:\/\/bricer.pt\/index.php?rest_route=%2Fwp%2Fv2%2Fproduct_brand&post=1755"},{"taxonomy":"product_cat","embeddable":true,"href":"https:\/\/bricer.pt\/index.php?rest_route=%2Fwp%2Fv2%2Fproduct_cat&post=1755"},{"taxonomy":"product_tag","embeddable":true,"href":"https:\/\/bricer.pt\/index.php?rest_route=%2Fwp%2Fv2%2Fproduct_tag&post=1755"}],"curies":[{"name":"wp","href":"https:\/\/api.w.org\/{rel}","templated":true}]}}