{"id":1747,"date":"2023-03-06T11:19:19","date_gmt":"2023-03-06T11:19:19","guid":{"rendered":"https:\/\/bricer.pt\/produto\/thomy-molho-de-creme-de-queijo-tetrapack-250ml\/"},"modified":"2025-09-17T10:09:24","modified_gmt":"2025-09-17T10:09:24","slug":"thomy-molho-de-creme-de-queijo-tetrapack-250ml","status":"publish","type":"product","link":"https:\/\/bricer.pt\/?product=thomy-molho-de-creme-de-queijo-tetrapack-250ml","title":{"rendered":"Thomy Molho de Creme de Queijo Tetrapack 250ml"},"content":{"rendered":"<p><strong>Thomy Molho de Creme de Queijo Tetrapack 250ml.<\/strong><\/p>\n<p>&nbsp;<\/p>\n<p><strong>Ingredientes<\/strong>: \u00c1gua, 10% NATAS batidas, 4,5% de QUEIJO, amido modificado, gema de OVO, sal iodado, aroma (cont\u00e9m LEITE), a\u00e7\u00facar, extrato de levedura, espessante: goma xantana.<\/p>\n<p><strong>Alerg\u00e9nios<\/strong>: Ver MAI\u00daSCULAS<\/p>\n<p><strong>Declara\u00e7\u00e3o Nutricional p\/100ml:<\/strong> Energia 293kJ\/70kcal; L\u00edpidos 4,8g (dos quais saturados 3,0g); Hidratos de Carbono 4,4g (dos quais a\u00e7\u00facares 1,1g); Fibra 0,2g; Prote\u00ednas 2,4g; Sal 1,1g.<\/p>\n","protected":false},"excerpt":{"rendered":"<p>Thomy Molho de Creme de Queijo Tetrapack 250ml. &nbsp; Ingredientes: \u00c1gua, 10% NATAS batidas, 4,5% de QUEIJO, amido modificado, gema de OVO, sal iodado, aroma (cont\u00e9m LEITE), a\u00e7\u00facar, extrato de levedura, espessante: goma xantana. Alerg\u00e9nios: Ver MAI\u00daSCULAS Declara\u00e7\u00e3o Nutricional p\/100ml: Energia 293kJ\/70kcal; L\u00edpidos 4,8g (dos quais saturados 3,0g); Hidratos de Carbono 4,4g (dos quais a\u00e7\u00facares [&hellip;]<\/p>\n","protected":false},"featured_media":1748,"template":"","meta":[],"product_brand":[],"product_cat":[36,85],"product_tag":[],"class_list":{"0":"post-1747","1":"product","2":"type-product","3":"status-publish","4":"has-post-thumbnail","6":"product_cat-mercearia-salgada","7":"product_cat-molhos-mercearia-salgada","8":"pa_marcas-thomy","9":"pa_pais-alemanha","11":"first","12":"instock","13":"taxable","14":"shipping-taxable","15":"product-type-simple"},"_links":{"self":[{"href":"https:\/\/bricer.pt\/index.php?rest_route=\/wp\/v2\/product\/1747","targetHints":{"allow":["GET"]}}],"collection":[{"href":"https:\/\/bricer.pt\/index.php?rest_route=\/wp\/v2\/product"}],"about":[{"href":"https:\/\/bricer.pt\/index.php?rest_route=\/wp\/v2\/types\/product"}],"wp:featuredmedia":[{"embeddable":true,"href":"https:\/\/bricer.pt\/index.php?rest_route=\/wp\/v2\/media\/1748"}],"wp:attachment":[{"href":"https:\/\/bricer.pt\/index.php?rest_route=%2Fwp%2Fv2%2Fmedia&parent=1747"}],"wp:term":[{"taxonomy":"product_brand","embeddable":true,"href":"https:\/\/bricer.pt\/index.php?rest_route=%2Fwp%2Fv2%2Fproduct_brand&post=1747"},{"taxonomy":"product_cat","embeddable":true,"href":"https:\/\/bricer.pt\/index.php?rest_route=%2Fwp%2Fv2%2Fproduct_cat&post=1747"},{"taxonomy":"product_tag","embeddable":true,"href":"https:\/\/bricer.pt\/index.php?rest_route=%2Fwp%2Fv2%2Fproduct_tag&post=1747"}],"curies":[{"name":"wp","href":"https:\/\/api.w.org\/{rel}","templated":true}]}}