{"id":1745,"date":"2023-03-06T11:19:19","date_gmt":"2023-03-06T11:19:19","guid":{"rendered":"https:\/\/bricer.pt\/produto\/thomy-molho-bechamel-tetrapack-250ml\/"},"modified":"2025-09-17T10:09:50","modified_gmt":"2025-09-17T10:09:50","slug":"thomy-molho-bechamel-tetrapack-250ml","status":"publish","type":"product","link":"https:\/\/bricer.pt\/?product=thomy-molho-bechamel-tetrapack-250ml","title":{"rendered":"Thomy Molho &#8221;B\u00e9chamel&#8221; Tetrapack 250ml"},"content":{"rendered":"<p><strong>Thomy Molho &#8221;B\u00e9chamel&#8221; Tetrapack 250ml.<\/strong><\/p>\n<p>&nbsp;<\/p>\n<p><strong>Ingredientes<\/strong>: \u00c1gua, \u00f3leo de girassol, amido modificado, farinha de TRIGO, LEITE desnatado em p\u00f3, gema de OVO, cebola, noz-moscada, sal iodado, aroma, a\u00e7\u00facar, extrato de levedura, espessante: goma xantana.<\/p>\n<p><strong>Alerg\u00e9nios<\/strong>: Ver MAI\u00daSCULAS. Pode conter vest\u00edgios de aipo, mostarda e soja.<\/p>\n<p><strong> Declara\u00e7\u00e3o Nutricional p\/ 100ml:<\/strong> Energia 766kJ\/185kcal; L\u00edpidos 17,7g (dos quais saturados 1,8g); Hidratos de Carbono 5,1g (dos quais a\u00e7\u00facares 1,4g); Fibra 0,2g; Prote\u00ednas 1,4g; Sal 0,94g.<\/p>\n","protected":false},"excerpt":{"rendered":"<p>Thomy Molho &#8221;B\u00e9chamel&#8221; Tetrapack 250ml. &nbsp; Ingredientes: \u00c1gua, \u00f3leo de girassol, amido modificado, farinha de TRIGO, LEITE desnatado em p\u00f3, gema de OVO, cebola, noz-moscada, sal iodado, aroma, a\u00e7\u00facar, extrato de levedura, espessante: goma xantana. Alerg\u00e9nios: Ver MAI\u00daSCULAS. Pode conter vest\u00edgios de aipo, mostarda e soja. Declara\u00e7\u00e3o Nutricional p\/ 100ml: Energia 766kJ\/185kcal; L\u00edpidos 17,7g (dos [&hellip;]<\/p>\n","protected":false},"featured_media":1746,"template":"","meta":[],"product_brand":[],"product_cat":[36,85],"product_tag":[],"class_list":{"0":"post-1745","1":"product","2":"type-product","3":"status-publish","4":"has-post-thumbnail","6":"product_cat-mercearia-salgada","7":"product_cat-molhos-mercearia-salgada","8":"pa_marcas-thomy","9":"pa_pais-alemanha","11":"first","12":"instock","13":"taxable","14":"shipping-taxable","15":"product-type-simple"},"_links":{"self":[{"href":"https:\/\/bricer.pt\/index.php?rest_route=\/wp\/v2\/product\/1745","targetHints":{"allow":["GET"]}}],"collection":[{"href":"https:\/\/bricer.pt\/index.php?rest_route=\/wp\/v2\/product"}],"about":[{"href":"https:\/\/bricer.pt\/index.php?rest_route=\/wp\/v2\/types\/product"}],"wp:featuredmedia":[{"embeddable":true,"href":"https:\/\/bricer.pt\/index.php?rest_route=\/wp\/v2\/media\/1746"}],"wp:attachment":[{"href":"https:\/\/bricer.pt\/index.php?rest_route=%2Fwp%2Fv2%2Fmedia&parent=1745"}],"wp:term":[{"taxonomy":"product_brand","embeddable":true,"href":"https:\/\/bricer.pt\/index.php?rest_route=%2Fwp%2Fv2%2Fproduct_brand&post=1745"},{"taxonomy":"product_cat","embeddable":true,"href":"https:\/\/bricer.pt\/index.php?rest_route=%2Fwp%2Fv2%2Fproduct_cat&post=1745"},{"taxonomy":"product_tag","embeddable":true,"href":"https:\/\/bricer.pt\/index.php?rest_route=%2Fwp%2Fv2%2Fproduct_tag&post=1745"}],"curies":[{"name":"wp","href":"https:\/\/api.w.org\/{rel}","templated":true}]}}