{"id":1741,"date":"2023-03-06T11:19:19","date_gmt":"2023-03-06T11:19:19","guid":{"rendered":"https:\/\/bricer.pt\/produto\/thomy-creme-remoulade-gourmet-frasco-250ml\/"},"modified":"2023-04-17T08:00:35","modified_gmt":"2023-04-17T08:00:35","slug":"thomy-creme-remoulade-gourmet-frasco-250ml","status":"publish","type":"product","link":"https:\/\/bricer.pt\/?product=thomy-creme-remoulade-gourmet-frasco-250ml","title":{"rendered":"Thomy Creme &#8221;Remoulade Gourmet&#8221; Frasco 250ml"},"content":{"rendered":"<p><strong>Thomy Creme &#8221;Remoulade Gourmet&#8221; Frasco 250ml.<\/strong><\/p>\n<p>&nbsp;<\/p>\n<p><strong>Ingredientes:<\/strong> 57% de \u00f3leo de girassol, 16% picles, vinagre, \u00e1gua, a\u00e7\u00facar, 4,8% de<br \/>\ngema de ovo *, cebola, MOSTARDA, alcaparras, sal, ervas, especiarias, sal,<br \/>\naromatizantes, acidificante: \u00e1cido l\u00e1tico. [cont\u00e9m: LEITE, AIPO,] * de OVOS<br \/>\nde capoeira.<\/p>\n<p><strong>Alerg\u00e9nios:<\/strong> Ver MAI\u00daSCULAS<\/p>\n<p><strong>Declara\u00e7\u00e3o Nutricional p\/100ml<\/strong>: Energia 2269kJ\/542kcal; L\u00edpidos<br \/>\n57g (dos quais \u00e1cidos gordos saturados 5,8g); Hidratos de Carbono 5,4g (dos<br \/>\nquais a\u00e7\u00facares 5,1g); Fibra 0,6g; Prote\u00ednas 1,1g; Sal 1,5g.<\/p>\n","protected":false},"excerpt":{"rendered":"<p>Thomy Creme &#8221;Remoulade Gourmet&#8221; Frasco 250ml. &nbsp; Ingredientes: 57% de \u00f3leo de girassol, 16% picles, vinagre, \u00e1gua, a\u00e7\u00facar, 4,8% de gema de ovo *, cebola, MOSTARDA, alcaparras, sal, ervas, especiarias, sal, aromatizantes, acidificante: \u00e1cido l\u00e1tico. [cont\u00e9m: LEITE, AIPO,] * de OVOS de capoeira. Alerg\u00e9nios: Ver MAI\u00daSCULAS Declara\u00e7\u00e3o Nutricional p\/100ml: Energia 2269kJ\/542kcal; L\u00edpidos 57g (dos quais [&hellip;]<\/p>\n","protected":false},"featured_media":1742,"template":"","meta":[],"product_brand":[],"product_cat":[36,85],"product_tag":[],"class_list":{"0":"post-1741","1":"product","2":"type-product","3":"status-publish","4":"has-post-thumbnail","6":"product_cat-mercearia-salgada","7":"product_cat-molhos-mercearia-salgada","8":"pa_marcas-thomy","9":"pa_pais-alemanha","11":"first","12":"instock","13":"taxable","14":"shipping-taxable","15":"product-type-simple"},"_links":{"self":[{"href":"https:\/\/bricer.pt\/index.php?rest_route=\/wp\/v2\/product\/1741","targetHints":{"allow":["GET"]}}],"collection":[{"href":"https:\/\/bricer.pt\/index.php?rest_route=\/wp\/v2\/product"}],"about":[{"href":"https:\/\/bricer.pt\/index.php?rest_route=\/wp\/v2\/types\/product"}],"wp:featuredmedia":[{"embeddable":true,"href":"https:\/\/bricer.pt\/index.php?rest_route=\/wp\/v2\/media\/1742"}],"wp:attachment":[{"href":"https:\/\/bricer.pt\/index.php?rest_route=%2Fwp%2Fv2%2Fmedia&parent=1741"}],"wp:term":[{"taxonomy":"product_brand","embeddable":true,"href":"https:\/\/bricer.pt\/index.php?rest_route=%2Fwp%2Fv2%2Fproduct_brand&post=1741"},{"taxonomy":"product_cat","embeddable":true,"href":"https:\/\/bricer.pt\/index.php?rest_route=%2Fwp%2Fv2%2Fproduct_cat&post=1741"},{"taxonomy":"product_tag","embeddable":true,"href":"https:\/\/bricer.pt\/index.php?rest_route=%2Fwp%2Fv2%2Fproduct_tag&post=1741"}],"curies":[{"name":"wp","href":"https:\/\/api.w.org\/{rel}","templated":true}]}}