{"id":1735,"date":"2023-03-06T11:19:19","date_gmt":"2023-03-06T11:19:19","guid":{"rendered":"https:\/\/bricer.pt\/produto\/taylor-colledge-pasta-de-baunilha-bio-cx-50g\/"},"modified":"2023-04-18T13:30:05","modified_gmt":"2023-04-18T13:30:05","slug":"taylor-colledge-pasta-de-baunilha-bio-cx-50g","status":"publish","type":"product","link":"https:\/\/bricer.pt\/?product=taylor-colledge-pasta-de-baunilha-bio-cx-50g","title":{"rendered":"Taylor &#038; Colledge Pasta de Baunilha Bio Cx. 50g"},"content":{"rendered":"<p><strong>Taylor &amp; Colledge Pasta de Baunilha Bio<\/strong> Cx. 50g<\/p>\n<p><img decoding=\"async\" class=\"alignnone  wp-image-13165\" src=\"https:\/\/bricer.pt\/wp-content\/uploads\/2020\/04\/BRICER_SELOS_BIO_LOW-300x286.png\" alt=\"\" width=\"100\" height=\"95\" \/><\/p>\n<p><strong>Ingredientes<\/strong>: 47% extracto de baunilha com sementes de baunilha Bio, a\u00e7\u00facar Bio, fibra alimentares: inulina Bio; espessante: astr\u00e1galos. De agricultura biol\u00f3gica fora da UE. Pasta de baunilha feita a partir de gr\u00e3os de baunilha naturais.<\/p>\n<p><strong>Alerg\u00e9nios<\/strong>: Ver MAI\u00daSCULAS.<\/p>\n<p><strong>Declara\u00e7\u00e3o Nutricional p\/100g:<\/strong> Energia 869kJ\/208kcal; L\u00edpidos 0g (dos quais saturados 0g); Hidratos de Carbono 57g (dos quais a\u00e7\u00facares 48g); Prote\u00ednas 0g; Sal &gt;0,1g.<\/p>\n","protected":false},"excerpt":{"rendered":"<p>Taylor &amp; Colledge Pasta de Baunilha Bio Cx. 50g Ingredientes: 47% extracto de baunilha com sementes de baunilha Bio, a\u00e7\u00facar Bio, fibra alimentares: inulina Bio; espessante: astr\u00e1galos. De agricultura biol\u00f3gica fora da UE. Pasta de baunilha feita a partir de gr\u00e3os de baunilha naturais. Alerg\u00e9nios: Ver MAI\u00daSCULAS. Declara\u00e7\u00e3o Nutricional p\/100g: Energia 869kJ\/208kcal; L\u00edpidos 0g (dos [&hellip;]<\/p>\n","protected":false},"featured_media":1736,"template":"","meta":[],"product_brand":[],"product_cat":[69,370],"product_tag":[],"class_list":{"0":"post-1735","1":"product","2":"type-product","3":"status-publish","4":"has-post-thumbnail","6":"product_cat-alimentacao-saudavel","7":"product_cat-produtos-biologicos","8":"pa_marcas-taylor-colledge","9":"pa_pais-reino-unido","11":"first","12":"instock","13":"taxable","14":"shipping-taxable","15":"product-type-simple"},"_links":{"self":[{"href":"https:\/\/bricer.pt\/index.php?rest_route=\/wp\/v2\/product\/1735","targetHints":{"allow":["GET"]}}],"collection":[{"href":"https:\/\/bricer.pt\/index.php?rest_route=\/wp\/v2\/product"}],"about":[{"href":"https:\/\/bricer.pt\/index.php?rest_route=\/wp\/v2\/types\/product"}],"wp:featuredmedia":[{"embeddable":true,"href":"https:\/\/bricer.pt\/index.php?rest_route=\/wp\/v2\/media\/1736"}],"wp:attachment":[{"href":"https:\/\/bricer.pt\/index.php?rest_route=%2Fwp%2Fv2%2Fmedia&parent=1735"}],"wp:term":[{"taxonomy":"product_brand","embeddable":true,"href":"https:\/\/bricer.pt\/index.php?rest_route=%2Fwp%2Fv2%2Fproduct_brand&post=1735"},{"taxonomy":"product_cat","embeddable":true,"href":"https:\/\/bricer.pt\/index.php?rest_route=%2Fwp%2Fv2%2Fproduct_cat&post=1735"},{"taxonomy":"product_tag","embeddable":true,"href":"https:\/\/bricer.pt\/index.php?rest_route=%2Fwp%2Fv2%2Fproduct_tag&post=1735"}],"curies":[{"name":"wp","href":"https:\/\/api.w.org\/{rel}","templated":true}]}}