{"id":1733,"date":"2023-03-06T11:19:19","date_gmt":"2023-03-06T11:19:19","guid":{"rendered":"https:\/\/bricer.pt\/produto\/taylor-colledge-extracto-de-graos-de-baunilha-bio-frasco-100ml\/"},"modified":"2025-11-20T11:44:53","modified_gmt":"2025-11-20T11:44:53","slug":"taylor-colledge-extracto-de-graos-de-baunilha-bio-frasco-100ml","status":"publish","type":"product","link":"https:\/\/bricer.pt\/?product=taylor-colledge-extracto-de-graos-de-baunilha-bio-frasco-100ml","title":{"rendered":"Taylor &#038; Colledge Extracto de Gr\u00e3os de Baunilha Bio Frasco 100ml"},"content":{"rendered":"<p><strong>Taylor &amp; Colledge Extracto de Gr\u00e3os de Baunilha Bio<\/strong> Frasco 100ml.<\/p>\n<p><img decoding=\"async\" class=\"alignnone  wp-image-13165\" src=\"https:\/\/bricer.pt\/wp-content\/uploads\/2020\/04\/BRICER_SELOS_BIO_LOW-300x286.png\" alt=\"\" width=\"100\" height=\"95\" \/><\/p>\n<p><strong>Ingredientes<\/strong>: extracto puro de baunilha Bourbon Bio (agente de extra\u00e7\u00e3o: \u00e1gua, \u00e1lcool Bio 25% vol.), a\u00e7\u00facar Bio. De agricultura biol\u00f3gica fora da UE.<\/p>\n<p><strong>Alerg\u00e9nios<\/strong>: Ver MAI\u00daSCULAS.<\/p>\n<p><strong>Declara\u00e7\u00e3o Nutricional p\/100ml:<\/strong> Energia 1100kJ\/263kcal; L\u00edpidos 0g (dos quais saturados 0g); Hidratos de Carbono 5g (dos quais a\u00e7\u00facares 5g); Prote\u00ednas 0g; Sal &gt;0,1g.<\/p>\n","protected":false},"excerpt":{"rendered":"<p>Taylor &amp; Colledge Extracto de Gr\u00e3os de Baunilha Bio Frasco 100ml. Ingredientes: extracto puro de baunilha Bourbon Bio (agente de extra\u00e7\u00e3o: \u00e1gua, \u00e1lcool Bio 25% vol.), a\u00e7\u00facar Bio. De agricultura biol\u00f3gica fora da UE. Alerg\u00e9nios: Ver MAI\u00daSCULAS. Declara\u00e7\u00e3o Nutricional p\/100ml: Energia 1100kJ\/263kcal; L\u00edpidos 0g (dos quais saturados 0g); Hidratos de Carbono 5g (dos quais a\u00e7\u00facares [&hellip;]<\/p>\n","protected":false},"featured_media":1734,"template":"","meta":[],"product_brand":[],"product_cat":[69,370],"product_tag":[],"class_list":{"0":"post-1733","1":"product","2":"type-product","3":"status-publish","4":"has-post-thumbnail","6":"product_cat-alimentacao-saudavel","7":"product_cat-produtos-biologicos","8":"pa_marcas-taylor-colledge","9":"pa_pais-reino-unido","11":"first","12":"instock","13":"taxable","14":"shipping-taxable","15":"product-type-simple"},"_links":{"self":[{"href":"https:\/\/bricer.pt\/index.php?rest_route=\/wp\/v2\/product\/1733","targetHints":{"allow":["GET"]}}],"collection":[{"href":"https:\/\/bricer.pt\/index.php?rest_route=\/wp\/v2\/product"}],"about":[{"href":"https:\/\/bricer.pt\/index.php?rest_route=\/wp\/v2\/types\/product"}],"wp:featuredmedia":[{"embeddable":true,"href":"https:\/\/bricer.pt\/index.php?rest_route=\/wp\/v2\/media\/1734"}],"wp:attachment":[{"href":"https:\/\/bricer.pt\/index.php?rest_route=%2Fwp%2Fv2%2Fmedia&parent=1733"}],"wp:term":[{"taxonomy":"product_brand","embeddable":true,"href":"https:\/\/bricer.pt\/index.php?rest_route=%2Fwp%2Fv2%2Fproduct_brand&post=1733"},{"taxonomy":"product_cat","embeddable":true,"href":"https:\/\/bricer.pt\/index.php?rest_route=%2Fwp%2Fv2%2Fproduct_cat&post=1733"},{"taxonomy":"product_tag","embeddable":true,"href":"https:\/\/bricer.pt\/index.php?rest_route=%2Fwp%2Fv2%2Fproduct_tag&post=1733"}],"curies":[{"name":"wp","href":"https:\/\/api.w.org\/{rel}","templated":true}]}}