{"id":1725,"date":"2023-03-06T11:19:19","date_gmt":"2023-03-06T11:19:19","guid":{"rendered":"https:\/\/bricer.pt\/produto\/sudocrem-creme-tubo-30g\/"},"modified":"2023-04-17T08:00:34","modified_gmt":"2023-04-17T08:00:34","slug":"sudocrem-creme-tubo-30g","status":"publish","type":"product","link":"https:\/\/bricer.pt\/?product=sudocrem-creme-tubo-30g","title":{"rendered":"Sudocrem Creme Tubo 30g"},"content":{"rendered":"<p><strong>Sudocrem Creme<\/strong> Tubo 30g.<\/p>\n<p>&nbsp;<\/p>\n<p><strong>Caracter\u00edsticas<\/strong>: O Sudocrem Skin Care Cream ajuda a tratar uma s\u00e9rie de condi\u00e7\u00f5es de pele, incluindo erup\u00e7\u00f5es cut\u00e2neas, queimaduras solares e feridas superficiais. Adequado para adultos e crian\u00e7as desde o nascimento. Um creme anti-s\u00e9ptico de cicatriza\u00e7\u00e3o branco adequado para as Erup\u00e7\u00f5es de Nappy Rash e algumas outras condi\u00e7\u00f5es de pele, tais como pele escamosa, \u00e1reas de pele irritada e pele seca. O creme de tratamento de pele Sudocrem \u00e9 tamb\u00e9m ideal para aplica\u00e7\u00e3o na pele ap\u00f3s exposi\u00e7\u00e3o solar.<\/p>\n<p><strong>Ingredientes<\/strong>: Purified Water, Zinc Oxide, Paraffin Wax, Lanolin (Hypo Allergenic), Microcrystalline wax, Sorbitan Sesquioleate, Benzyl Benzoate, Beeswax, Benzyl Alcohol, Linalyl Acetate, Propylene Glycol, Benzyl Cinnamate, Lavender Oil, Citric Acid, BHA, Liquid Paraffin.<\/p>\n<p><strong>Instru\u00e7\u00f5es<\/strong>: Aplicar uma fina camada uniforme na \u00e1rea afectada, quando necess\u00e1rio.<\/p>\n<p><strong>Advert\u00eancias<\/strong>: Apenas para uso externo.<\/p>\n<p>&nbsp;<\/p>\n<p>&nbsp;<\/p>\n","protected":false},"excerpt":{"rendered":"<p>Sudocrem Creme Tubo 30g. &nbsp; Caracter\u00edsticas: O Sudocrem Skin Care Cream ajuda a tratar uma s\u00e9rie de condi\u00e7\u00f5es de pele, incluindo erup\u00e7\u00f5es cut\u00e2neas, queimaduras solares e feridas superficiais. Adequado para adultos e crian\u00e7as desde o nascimento. Um creme anti-s\u00e9ptico de cicatriza\u00e7\u00e3o branco adequado para as Erup\u00e7\u00f5es de Nappy Rash e algumas outras condi\u00e7\u00f5es de pele, [&hellip;]<\/p>\n","protected":false},"featured_media":1726,"template":"","meta":[],"product_brand":[],"product_cat":[55,225,226],"product_tag":[],"class_list":{"0":"post-1725","1":"product","2":"type-product","3":"status-publish","4":"has-post-thumbnail","6":"product_cat-dph","7":"product_cat-hidratacaodph","8":"product_cat-higiene-e-beleza-cabelo-hidratacaodph","9":"pa_marcas-sudocrem","10":"pa_pais-reino-unido","12":"first","13":"instock","14":"taxable","15":"shipping-taxable","16":"product-type-simple"},"_links":{"self":[{"href":"https:\/\/bricer.pt\/index.php?rest_route=\/wp\/v2\/product\/1725","targetHints":{"allow":["GET"]}}],"collection":[{"href":"https:\/\/bricer.pt\/index.php?rest_route=\/wp\/v2\/product"}],"about":[{"href":"https:\/\/bricer.pt\/index.php?rest_route=\/wp\/v2\/types\/product"}],"wp:featuredmedia":[{"embeddable":true,"href":"https:\/\/bricer.pt\/index.php?rest_route=\/wp\/v2\/media\/1726"}],"wp:attachment":[{"href":"https:\/\/bricer.pt\/index.php?rest_route=%2Fwp%2Fv2%2Fmedia&parent=1725"}],"wp:term":[{"taxonomy":"product_brand","embeddable":true,"href":"https:\/\/bricer.pt\/index.php?rest_route=%2Fwp%2Fv2%2Fproduct_brand&post=1725"},{"taxonomy":"product_cat","embeddable":true,"href":"https:\/\/bricer.pt\/index.php?rest_route=%2Fwp%2Fv2%2Fproduct_cat&post=1725"},{"taxonomy":"product_tag","embeddable":true,"href":"https:\/\/bricer.pt\/index.php?rest_route=%2Fwp%2Fv2%2Fproduct_tag&post=1725"}],"curies":[{"name":"wp","href":"https:\/\/api.w.org\/{rel}","templated":true}]}}