{"id":1699,"date":"2023-03-06T11:18:41","date_gmt":"2023-03-06T11:18:41","guid":{"rendered":"https:\/\/bricer.pt\/produto\/sacchi-tartufi-sal-c-trufa-preta-frasco-120g\/"},"modified":"2024-03-04T08:25:21","modified_gmt":"2024-03-04T08:25:21","slug":"sacchi-tartufi-sal-c-trufa-preta-frasco-120g","status":"publish","type":"product","link":"https:\/\/bricer.pt\/?product=sacchi-tartufi-sal-c-trufa-preta-frasco-120g","title":{"rendered":"Sacchi Tartufi Sal c\/ Trufa Preta Frasco 120g"},"content":{"rendered":"<p><strong>Sacchi Tartufi Sal c\/ Trufa Preta<\/strong> Frasco 120g.<\/p>\n<p>&nbsp;<\/p>\n<p><strong>Ingredientes<\/strong>: Sal, trufa preta 2% (Tubermelanosporum Vittad.), aroma.<\/p>\n<p><strong>Alerg\u00e9nios<\/strong>: Ver MAI\u00daSCULAS.<\/p>\n<p><strong>Informa\u00e7\u00f5es Nutricionais:<\/strong> N\u00e3o Dispon\u00edvel.<\/p>\n","protected":false},"excerpt":{"rendered":"<p>Sacchi Tartufi Sal c\/ Trufa Preta Frasco 120g. &nbsp; Ingredientes: Sal, trufa preta 2% (Tubermelanosporum Vittad.), aroma. Alerg\u00e9nios: Ver MAI\u00daSCULAS. Informa\u00e7\u00f5es Nutricionais: N\u00e3o Dispon\u00edvel.<\/p>\n","protected":false},"featured_media":1700,"template":"","meta":[],"product_brand":[],"product_cat":[145,178],"product_tag":[],"class_list":{"0":"post-1699","1":"product","2":"type-product","3":"status-publish","4":"has-post-thumbnail","6":"product_cat-produtos-premium","7":"product_cat-sal","8":"pa_marcas-sacchi-tartufi","9":"pa_pais-italia","11":"first","12":"instock","13":"taxable","14":"shipping-taxable","15":"product-type-simple"},"_links":{"self":[{"href":"https:\/\/bricer.pt\/index.php?rest_route=\/wp\/v2\/product\/1699","targetHints":{"allow":["GET"]}}],"collection":[{"href":"https:\/\/bricer.pt\/index.php?rest_route=\/wp\/v2\/product"}],"about":[{"href":"https:\/\/bricer.pt\/index.php?rest_route=\/wp\/v2\/types\/product"}],"wp:featuredmedia":[{"embeddable":true,"href":"https:\/\/bricer.pt\/index.php?rest_route=\/wp\/v2\/media\/1700"}],"wp:attachment":[{"href":"https:\/\/bricer.pt\/index.php?rest_route=%2Fwp%2Fv2%2Fmedia&parent=1699"}],"wp:term":[{"taxonomy":"product_brand","embeddable":true,"href":"https:\/\/bricer.pt\/index.php?rest_route=%2Fwp%2Fv2%2Fproduct_brand&post=1699"},{"taxonomy":"product_cat","embeddable":true,"href":"https:\/\/bricer.pt\/index.php?rest_route=%2Fwp%2Fv2%2Fproduct_cat&post=1699"},{"taxonomy":"product_tag","embeddable":true,"href":"https:\/\/bricer.pt\/index.php?rest_route=%2Fwp%2Fv2%2Fproduct_tag&post=1699"}],"curies":[{"name":"wp","href":"https:\/\/api.w.org\/{rel}","templated":true}]}}