{"id":1687,"date":"2023-03-06T11:18:41","date_gmt":"2023-03-06T11:18:41","guid":{"rendered":"https:\/\/bricer.pt\/produto\/sabita-tandoori-frasco-30g\/"},"modified":"2023-04-17T08:00:28","modified_gmt":"2023-04-17T08:00:28","slug":"sabita-tandoori-frasco-30g","status":"publish","type":"product","link":"https:\/\/bricer.pt\/?product=sabita-tandoori-frasco-30g","title":{"rendered":"Sabita Tandoori Frasco 30g"},"content":{"rendered":"<p><strong>Sabita Tandoori<\/strong> Frasco 30g.<\/p>\n<p>&nbsp;<\/p>\n<p><strong>Ingredientes<\/strong>: especiarias (paprica, coentro, cebola, alho, gengibre, cominho, pimentas, canela), sal de cozinha, sumo de beterraba de concentrado, maltodextrina, tempero, aroma, gordura de palma, regulador de acidez: \u00e1cido c\u00edtrico.<\/p>\n<p><strong>Alerg\u00e9nios<\/strong>: Ver MAI\u00daSCULAS.<\/p>\n<p><strong> Declara\u00e7\u00e3o Nutricional p\/100g:<\/strong> Energia 1001kJ\/239kcal; L\u00edpidos 7,2g (dos quais saturados 1,0g); Hidratos de Carbono 29g (dos quais a\u00e7\u00facares 21g); Fibra 11g; Prote\u00ednas 9,1g; Sal 34,6g.<\/p>\n","protected":false},"excerpt":{"rendered":"<p>Sabita Tandoori Frasco 30g. &nbsp; Ingredientes: especiarias (paprica, coentro, cebola, alho, gengibre, cominho, pimentas, canela), sal de cozinha, sumo de beterraba de concentrado, maltodextrina, tempero, aroma, gordura de palma, regulador de acidez: \u00e1cido c\u00edtrico. Alerg\u00e9nios: Ver MAI\u00daSCULAS. Declara\u00e7\u00e3o Nutricional p\/100g: Energia 1001kJ\/239kcal; L\u00edpidos 7,2g (dos quais saturados 1,0g); Hidratos de Carbono 29g (dos quais a\u00e7\u00facares [&hellip;]<\/p>\n","protected":false},"featured_media":1688,"template":"","meta":[],"product_brand":[],"product_cat":[267,266,238,24],"product_tag":[],"class_list":{"0":"post-1687","1":"product","2":"type-product","3":"status-publish","4":"has-post-thumbnail","6":"product_cat-especiarias-especiariasmercearia-salgada","7":"product_cat-especiariasmercearia-salgada","8":"product_cat-mercearia-indiana","9":"product_cat-sabores-do-mundo","10":"pa_marcas-sabita","11":"pa_pais-india","13":"first","14":"instock","15":"taxable","16":"shipping-taxable","17":"product-type-simple"},"_links":{"self":[{"href":"https:\/\/bricer.pt\/index.php?rest_route=\/wp\/v2\/product\/1687","targetHints":{"allow":["GET"]}}],"collection":[{"href":"https:\/\/bricer.pt\/index.php?rest_route=\/wp\/v2\/product"}],"about":[{"href":"https:\/\/bricer.pt\/index.php?rest_route=\/wp\/v2\/types\/product"}],"wp:featuredmedia":[{"embeddable":true,"href":"https:\/\/bricer.pt\/index.php?rest_route=\/wp\/v2\/media\/1688"}],"wp:attachment":[{"href":"https:\/\/bricer.pt\/index.php?rest_route=%2Fwp%2Fv2%2Fmedia&parent=1687"}],"wp:term":[{"taxonomy":"product_brand","embeddable":true,"href":"https:\/\/bricer.pt\/index.php?rest_route=%2Fwp%2Fv2%2Fproduct_brand&post=1687"},{"taxonomy":"product_cat","embeddable":true,"href":"https:\/\/bricer.pt\/index.php?rest_route=%2Fwp%2Fv2%2Fproduct_cat&post=1687"},{"taxonomy":"product_tag","embeddable":true,"href":"https:\/\/bricer.pt\/index.php?rest_route=%2Fwp%2Fv2%2Fproduct_tag&post=1687"}],"curies":[{"name":"wp","href":"https:\/\/api.w.org\/{rel}","templated":true}]}}