{"id":1685,"date":"2023-03-06T11:18:41","date_gmt":"2023-03-06T11:18:41","guid":{"rendered":"https:\/\/bricer.pt\/produto\/sabita-pasta-tikka-masala-suave-frasco-125g\/"},"modified":"2023-04-17T08:00:28","modified_gmt":"2023-04-17T08:00:28","slug":"sabita-pasta-tikka-masala-suave-frasco-125g","status":"publish","type":"product","link":"https:\/\/bricer.pt\/?product=sabita-pasta-tikka-masala-suave-frasco-125g","title":{"rendered":"Sabita Pasta Tikka Masala Suave Frasco 125g"},"content":{"rendered":"<p><strong>Sabita Pasta Tikka Masala Suave<\/strong> Frasco 125g.<\/p>\n<p>&nbsp;<\/p>\n<p><strong>Ingredientes<\/strong>: \u00f3leo de girassol, \u00e1gua, mistura de especiarias Masala (22%: coentros, curcuma, malagueta, cominhos, anis, feno-grego, cebola em p\u00f3, alho em p\u00f3, gengibre), vinagre e sal marinho.<\/p>\n<p><strong>Alerg\u00e9nios<\/strong>: ver MAI\u00daSCULAS.<\/p>\n<p><strong>Declara\u00e7\u00e3o Nutricional p\/100g:<\/strong> Energia 1891kJ\/460kcal; L\u00edpidos 46g (dos quais saturados 4,6g); Hidratos de Carbono 2,1g (dos quais a\u00e7\u00facares 0g); Fibra 10g; Prote\u00ednas 3,8g; Sal 2,5g.<\/p>\n","protected":false},"excerpt":{"rendered":"<p>Sabita Pasta Tikka Masala Suave Frasco 125g. &nbsp; Ingredientes: \u00f3leo de girassol, \u00e1gua, mistura de especiarias Masala (22%: coentros, curcuma, malagueta, cominhos, anis, feno-grego, cebola em p\u00f3, alho em p\u00f3, gengibre), vinagre e sal marinho. Alerg\u00e9nios: ver MAI\u00daSCULAS. Declara\u00e7\u00e3o Nutricional p\/100g: Energia 1891kJ\/460kcal; L\u00edpidos 46g (dos quais saturados 4,6g); Hidratos de Carbono 2,1g (dos quais [&hellip;]<\/p>\n","protected":false},"featured_media":1686,"template":"","meta":[],"product_brand":[],"product_cat":[36,114],"product_tag":[],"class_list":{"0":"post-1685","1":"product","2":"type-product","3":"status-publish","4":"has-post-thumbnail","6":"product_cat-mercearia-salgada","7":"product_cat-pastas-mercearia-salgada","8":"pa_marcas-sabita","9":"pa_pais-india","11":"first","12":"instock","13":"taxable","14":"shipping-taxable","15":"product-type-simple"},"_links":{"self":[{"href":"https:\/\/bricer.pt\/index.php?rest_route=\/wp\/v2\/product\/1685","targetHints":{"allow":["GET"]}}],"collection":[{"href":"https:\/\/bricer.pt\/index.php?rest_route=\/wp\/v2\/product"}],"about":[{"href":"https:\/\/bricer.pt\/index.php?rest_route=\/wp\/v2\/types\/product"}],"wp:featuredmedia":[{"embeddable":true,"href":"https:\/\/bricer.pt\/index.php?rest_route=\/wp\/v2\/media\/1686"}],"wp:attachment":[{"href":"https:\/\/bricer.pt\/index.php?rest_route=%2Fwp%2Fv2%2Fmedia&parent=1685"}],"wp:term":[{"taxonomy":"product_brand","embeddable":true,"href":"https:\/\/bricer.pt\/index.php?rest_route=%2Fwp%2Fv2%2Fproduct_brand&post=1685"},{"taxonomy":"product_cat","embeddable":true,"href":"https:\/\/bricer.pt\/index.php?rest_route=%2Fwp%2Fv2%2Fproduct_cat&post=1685"},{"taxonomy":"product_tag","embeddable":true,"href":"https:\/\/bricer.pt\/index.php?rest_route=%2Fwp%2Fv2%2Fproduct_tag&post=1685"}],"curies":[{"name":"wp","href":"https:\/\/api.w.org\/{rel}","templated":true}]}}