{"id":1683,"date":"2023-03-06T11:18:41","date_gmt":"2023-03-06T11:18:41","guid":{"rendered":"https:\/\/bricer.pt\/produto\/sabita-pasta-tandoori-masala-picante-frasco-125g\/"},"modified":"2023-04-17T08:00:28","modified_gmt":"2023-04-17T08:00:28","slug":"sabita-pasta-tandoori-masala-picante-frasco-125g","status":"publish","type":"product","link":"https:\/\/bricer.pt\/?product=sabita-pasta-tandoori-masala-picante-frasco-125g","title":{"rendered":"Sabita Pasta Tandoori Masala Picante Frasco 125g"},"content":{"rendered":"<p><strong>Sabita Pasta Tandoori Masala Picante<\/strong> Frasco 125g.<\/p>\n<p>&nbsp;<\/p>\n<p><strong>Ingredientes<\/strong>: \u00f3leo de girassol, alho, pimento, \u00e1gua, cebola, vinagre, \u00f3leo de AMENDOIM, malagueta em p\u00f3, cominho, coentro, sumo de beterraba vermelha concentrado, pimenta, curcuma, sal marinho, gengibre, sumo de lima concentrado, noz-moscada, sumo de lim\u00e3o concentrado, corante: extracto de pimento.<\/p>\n<p><strong>Alerg\u00e9nios<\/strong>: ver MAI\u00daSCULAS.<\/p>\n<p><strong> Declara\u00e7\u00e3o Nutricional p\/100g:<\/strong> Energia 1090kJ\/264kcal; L\u00edpidos 22g (dos quais saturados 2,5g); Hidratos de Carbono 9,9g (dos quais a\u00e7\u00facares 6,5g); Fibra 6,0g; Prote\u00ednas 3,3g; Sal 3,2g.<\/p>\n","protected":false},"excerpt":{"rendered":"<p>Sabita Pasta Tandoori Masala Picante Frasco 125g. &nbsp; Ingredientes: \u00f3leo de girassol, alho, pimento, \u00e1gua, cebola, vinagre, \u00f3leo de AMENDOIM, malagueta em p\u00f3, cominho, coentro, sumo de beterraba vermelha concentrado, pimenta, curcuma, sal marinho, gengibre, sumo de lima concentrado, noz-moscada, sumo de lim\u00e3o concentrado, corante: extracto de pimento. Alerg\u00e9nios: ver MAI\u00daSCULAS. Declara\u00e7\u00e3o Nutricional p\/100g: Energia [&hellip;]<\/p>\n","protected":false},"featured_media":1684,"template":"","meta":[],"product_brand":[],"product_cat":[36,114],"product_tag":[],"class_list":{"0":"post-1683","1":"product","2":"type-product","3":"status-publish","4":"has-post-thumbnail","6":"product_cat-mercearia-salgada","7":"product_cat-pastas-mercearia-salgada","8":"pa_marcas-sabita","9":"pa_pais-india","11":"first","12":"instock","13":"taxable","14":"shipping-taxable","15":"product-type-simple"},"_links":{"self":[{"href":"https:\/\/bricer.pt\/index.php?rest_route=\/wp\/v2\/product\/1683","targetHints":{"allow":["GET"]}}],"collection":[{"href":"https:\/\/bricer.pt\/index.php?rest_route=\/wp\/v2\/product"}],"about":[{"href":"https:\/\/bricer.pt\/index.php?rest_route=\/wp\/v2\/types\/product"}],"wp:featuredmedia":[{"embeddable":true,"href":"https:\/\/bricer.pt\/index.php?rest_route=\/wp\/v2\/media\/1684"}],"wp:attachment":[{"href":"https:\/\/bricer.pt\/index.php?rest_route=%2Fwp%2Fv2%2Fmedia&parent=1683"}],"wp:term":[{"taxonomy":"product_brand","embeddable":true,"href":"https:\/\/bricer.pt\/index.php?rest_route=%2Fwp%2Fv2%2Fproduct_brand&post=1683"},{"taxonomy":"product_cat","embeddable":true,"href":"https:\/\/bricer.pt\/index.php?rest_route=%2Fwp%2Fv2%2Fproduct_cat&post=1683"},{"taxonomy":"product_tag","embeddable":true,"href":"https:\/\/bricer.pt\/index.php?rest_route=%2Fwp%2Fv2%2Fproduct_tag&post=1683"}],"curies":[{"name":"wp","href":"https:\/\/api.w.org\/{rel}","templated":true}]}}