{"id":1681,"date":"2023-03-06T11:18:41","date_gmt":"2023-03-06T11:18:41","guid":{"rendered":"https:\/\/bricer.pt\/produto\/sabita-pasta-garam-masala-frasco-125g\/"},"modified":"2023-04-17T08:00:28","modified_gmt":"2023-04-17T08:00:28","slug":"sabita-pasta-garam-masala-frasco-125g","status":"publish","type":"product","link":"https:\/\/bricer.pt\/?product=sabita-pasta-garam-masala-frasco-125g","title":{"rendered":"Sabita Pasta Garam Masala Frasco 125g"},"content":{"rendered":"<p><strong>Sabita Pasta Garam Masala<\/strong> Frasco 125g.<\/p>\n<p>&nbsp;<\/p>\n<p><strong>Ingredientes:<\/strong> \u00e1gua, \u00f3leo de girassol, mistura de especiarias Garam Masala (14%: coentro, cominho, pimenta-da-jamaica, noz-moscada, pimenta, funcho, cardamomo, malagueta, cravinho, folha de louro), vinagre, lentilhas vermelhas, sal marinho, cebola, alho, tomates, pasta de tomate, sumo de tomate concentrado.<\/p>\n<p><strong>Alerg\u00e9nios<\/strong>: ver MAI\u00daSCULAS.<\/p>\n<p><strong> Declara\u00e7\u00e3o Nutricional p\/ 100g:<\/strong> Energia 973kJ\/236kcal; L\u00edpidos 21g (dos quais saturados 2,5g); Hidratos de Carbono 6,3g (dos quais a\u00e7\u00facares 2,6g); Fibra 5,8g; Prote\u00ednas 3,6g; Sal 4,0g.<\/p>\n","protected":false},"excerpt":{"rendered":"<p>Sabita Pasta Garam Masala Frasco 125g. &nbsp; Ingredientes: \u00e1gua, \u00f3leo de girassol, mistura de especiarias Garam Masala (14%: coentro, cominho, pimenta-da-jamaica, noz-moscada, pimenta, funcho, cardamomo, malagueta, cravinho, folha de louro), vinagre, lentilhas vermelhas, sal marinho, cebola, alho, tomates, pasta de tomate, sumo de tomate concentrado. Alerg\u00e9nios: ver MAI\u00daSCULAS. Declara\u00e7\u00e3o Nutricional p\/ 100g: Energia 973kJ\/236kcal; L\u00edpidos [&hellip;]<\/p>\n","protected":false},"featured_media":1682,"template":"","meta":[],"product_brand":[],"product_cat":[36,166],"product_tag":[],"class_list":{"0":"post-1681","1":"product","2":"type-product","3":"status-publish","4":"has-post-thumbnail","6":"product_cat-mercearia-salgada","7":"product_cat-pasta-mercearia-salgada","8":"pa_marcas-sabita","9":"pa_pais-india","11":"first","12":"instock","13":"taxable","14":"shipping-taxable","15":"product-type-simple"},"_links":{"self":[{"href":"https:\/\/bricer.pt\/index.php?rest_route=\/wp\/v2\/product\/1681","targetHints":{"allow":["GET"]}}],"collection":[{"href":"https:\/\/bricer.pt\/index.php?rest_route=\/wp\/v2\/product"}],"about":[{"href":"https:\/\/bricer.pt\/index.php?rest_route=\/wp\/v2\/types\/product"}],"wp:featuredmedia":[{"embeddable":true,"href":"https:\/\/bricer.pt\/index.php?rest_route=\/wp\/v2\/media\/1682"}],"wp:attachment":[{"href":"https:\/\/bricer.pt\/index.php?rest_route=%2Fwp%2Fv2%2Fmedia&parent=1681"}],"wp:term":[{"taxonomy":"product_brand","embeddable":true,"href":"https:\/\/bricer.pt\/index.php?rest_route=%2Fwp%2Fv2%2Fproduct_brand&post=1681"},{"taxonomy":"product_cat","embeddable":true,"href":"https:\/\/bricer.pt\/index.php?rest_route=%2Fwp%2Fv2%2Fproduct_cat&post=1681"},{"taxonomy":"product_tag","embeddable":true,"href":"https:\/\/bricer.pt\/index.php?rest_route=%2Fwp%2Fv2%2Fproduct_tag&post=1681"}],"curies":[{"name":"wp","href":"https:\/\/api.w.org\/{rel}","templated":true}]}}