{"id":1680,"date":"2023-03-06T11:18:41","date_gmt":"2023-03-06T11:18:41","guid":{"rendered":"https:\/\/bricer.pt\/produto\/sabita-pasta-de-caril-suave-frasco-125g\/"},"modified":"2025-09-10T14:08:34","modified_gmt":"2025-09-10T14:08:34","slug":"sabita-pasta-de-caril-suave-frasco-125g","status":"publish","type":"product","link":"https:\/\/bricer.pt\/?product=sabita-pasta-de-caril-suave-frasco-125g","title":{"rendered":"Sabita Pasta de Caril Suave Frasco 125g"},"content":{"rendered":"<p><strong>Sabita Pasta de Caril Suave<\/strong> Frasco 125g.<\/p>\n<p>&nbsp;<\/p>\n<p><strong>Ingredientes<\/strong>: \u00e1gua, \u00f3leo de girassol, caril em p\u00f3 (13%: curcuma, coentro, cominho, feno-grego, pimenta, farinha de MOSTARDA, noz-moscada, malagueta, anis, gengibre, cebola, pimenta-da-jamaica, alho), vinagre, lentilhas vermelhas, cebola, sal marinho, alho.<\/p>\n<p><strong>Alerg\u00e9nios<\/strong>: ver MAI\u00daSCULAS.<\/p>\n<p><strong>Declara\u00e7\u00e3o Nutricional p\/100g:<\/strong> Energia 1155kJ\/279kcal; L\u00edpidos 24g (dos quais saturados 2,7g); Hidratos de Carbono 10g (dos quais a\u00e7\u00facares 2,5g); Fibra 5,1g; Prote\u00ednas 4,0g; Sal 3,8g.<\/p>\n","protected":false},"excerpt":{"rendered":"<p>Sabita Pasta de Caril Suave Frasco 125g. &nbsp; Ingredientes: \u00e1gua, \u00f3leo de girassol, caril em p\u00f3 (13%: curcuma, coentro, cominho, feno-grego, pimenta, farinha de MOSTARDA, noz-moscada, malagueta, anis, gengibre, cebola, pimenta-da-jamaica, alho), vinagre, lentilhas vermelhas, cebola, sal marinho, alho. Alerg\u00e9nios: ver MAI\u00daSCULAS. Declara\u00e7\u00e3o Nutricional p\/100g: Energia 1155kJ\/279kcal; L\u00edpidos 24g (dos quais saturados 2,7g); Hidratos de [&hellip;]<\/p>\n","protected":false},"featured_media":0,"template":"","meta":[],"product_brand":[],"product_cat":[36,114],"product_tag":[],"class_list":{"0":"post-1680","1":"product","2":"type-product","3":"status-publish","5":"product_cat-mercearia-salgada","6":"product_cat-pastas-mercearia-salgada","7":"pa_marcas-sabita","8":"pa_pais-india","10":"first","11":"instock","12":"taxable","13":"shipping-taxable","14":"product-type-simple"},"_links":{"self":[{"href":"https:\/\/bricer.pt\/index.php?rest_route=\/wp\/v2\/product\/1680","targetHints":{"allow":["GET"]}}],"collection":[{"href":"https:\/\/bricer.pt\/index.php?rest_route=\/wp\/v2\/product"}],"about":[{"href":"https:\/\/bricer.pt\/index.php?rest_route=\/wp\/v2\/types\/product"}],"wp:attachment":[{"href":"https:\/\/bricer.pt\/index.php?rest_route=%2Fwp%2Fv2%2Fmedia&parent=1680"}],"wp:term":[{"taxonomy":"product_brand","embeddable":true,"href":"https:\/\/bricer.pt\/index.php?rest_route=%2Fwp%2Fv2%2Fproduct_brand&post=1680"},{"taxonomy":"product_cat","embeddable":true,"href":"https:\/\/bricer.pt\/index.php?rest_route=%2Fwp%2Fv2%2Fproduct_cat&post=1680"},{"taxonomy":"product_tag","embeddable":true,"href":"https:\/\/bricer.pt\/index.php?rest_route=%2Fwp%2Fv2%2Fproduct_tag&post=1680"}],"curies":[{"name":"wp","href":"https:\/\/api.w.org\/{rel}","templated":true}]}}