{"id":1676,"date":"2023-03-06T11:18:41","date_gmt":"2023-03-06T11:18:41","guid":{"rendered":"https:\/\/bricer.pt\/produto\/sabita-molho-vindaloo-picante-e-frutado-frasco-200ml\/"},"modified":"2023-04-17T08:00:28","modified_gmt":"2023-04-17T08:00:28","slug":"sabita-molho-vindaloo-picante-e-frutado-frasco-200ml","status":"publish","type":"product","link":"https:\/\/bricer.pt\/?product=sabita-molho-vindaloo-picante-e-frutado-frasco-200ml","title":{"rendered":"Sabita Molho Vindaloo Picante e Frutado Frasco 200ml"},"content":{"rendered":"<p><strong>Sabita Molho Vindaloo Picante e Frutado<\/strong> Frasco 200ml.<\/p>\n<p>&nbsp;<\/p>\n<p><strong>Ingredientes<\/strong>: cebolas, \u00e1gua, tomates, \u00f3leo de girassol, alho, vinagre, sopa de ervas (cenoura, alho-franc\u00eas, AIPO, salsa, pastinaca), pasta de tomates, a\u00e7\u00facar em<br \/>\np\u00f3, a\u00e7\u00facar, \u00f3leo de S\u00c9SAMO, tamarindo, malaguetas, sal, especiarias (cont\u00e9m MOSTARDA), amido de milho modificado, corante: extracto de paprica.<\/p>\n<p><strong>Alerg\u00e9nios<\/strong>: ver MAI\u00daSCULAS.<\/p>\n<p><strong> Declara\u00e7\u00e3o Nutricional p\/100g:<\/strong> Energia 558kJ\/133kcal; L\u00edpidos 8,3g (dos quais saturados 1,0g); Hidratos de Carbono 11g (dos quais a\u00e7\u00facares 8,8g); Prote\u00ednas 2,1g; Sal 1,0g.<\/p>\n","protected":false},"excerpt":{"rendered":"<p>Sabita Molho Vindaloo Picante e Frutado Frasco 200ml. &nbsp; Ingredientes: cebolas, \u00e1gua, tomates, \u00f3leo de girassol, alho, vinagre, sopa de ervas (cenoura, alho-franc\u00eas, AIPO, salsa, pastinaca), pasta de tomates, a\u00e7\u00facar em p\u00f3, a\u00e7\u00facar, \u00f3leo de S\u00c9SAMO, tamarindo, malaguetas, sal, especiarias (cont\u00e9m MOSTARDA), amido de milho modificado, corante: extracto de paprica. Alerg\u00e9nios: ver MAI\u00daSCULAS. Declara\u00e7\u00e3o Nutricional [&hellip;]<\/p>\n","protected":false},"featured_media":1677,"template":"","meta":[],"product_brand":[],"product_cat":[268,36,269,37],"product_tag":[],"class_list":{"0":"post-1676","1":"product","2":"type-product","3":"status-publish","4":"has-post-thumbnail","6":"product_cat-mercearia-indiana-molhossabores-do-mundo","7":"product_cat-mercearia-salgada","8":"product_cat-molhos-e-chutneys-mercearia-indiana-molhossabores-do-mundo","9":"product_cat-molhossabores-do-mundo","10":"pa_marcas-sabita","11":"pa_pais-india","13":"first","14":"instock","15":"taxable","16":"shipping-taxable","17":"product-type-simple"},"_links":{"self":[{"href":"https:\/\/bricer.pt\/index.php?rest_route=\/wp\/v2\/product\/1676","targetHints":{"allow":["GET"]}}],"collection":[{"href":"https:\/\/bricer.pt\/index.php?rest_route=\/wp\/v2\/product"}],"about":[{"href":"https:\/\/bricer.pt\/index.php?rest_route=\/wp\/v2\/types\/product"}],"wp:featuredmedia":[{"embeddable":true,"href":"https:\/\/bricer.pt\/index.php?rest_route=\/wp\/v2\/media\/1677"}],"wp:attachment":[{"href":"https:\/\/bricer.pt\/index.php?rest_route=%2Fwp%2Fv2%2Fmedia&parent=1676"}],"wp:term":[{"taxonomy":"product_brand","embeddable":true,"href":"https:\/\/bricer.pt\/index.php?rest_route=%2Fwp%2Fv2%2Fproduct_brand&post=1676"},{"taxonomy":"product_cat","embeddable":true,"href":"https:\/\/bricer.pt\/index.php?rest_route=%2Fwp%2Fv2%2Fproduct_cat&post=1676"},{"taxonomy":"product_tag","embeddable":true,"href":"https:\/\/bricer.pt\/index.php?rest_route=%2Fwp%2Fv2%2Fproduct_tag&post=1676"}],"curies":[{"name":"wp","href":"https:\/\/api.w.org\/{rel}","templated":true}]}}