{"id":1674,"date":"2023-03-06T11:18:41","date_gmt":"2023-03-06T11:18:41","guid":{"rendered":"https:\/\/bricer.pt\/produto\/sabita-molho-tikka-masala-picante-frasco-200ml\/"},"modified":"2025-09-10T14:08:14","modified_gmt":"2025-09-10T14:08:14","slug":"sabita-molho-tikka-masala-picante-frasco-200ml","status":"publish","type":"product","link":"https:\/\/bricer.pt\/?product=sabita-molho-tikka-masala-picante-frasco-200ml","title":{"rendered":"Sabita Molho Tikka Masala Picante Frasco 200ml"},"content":{"rendered":"<p><strong>Sabita Molho Tikka Masala Picante<\/strong> Frasco 200ml<\/p>\n<p>&nbsp;<\/p>\n<p><strong>Ingredientes<\/strong>: leite de coco (extrato de coco, \u00e1gua), cebola, tomate, IOGURTE, \u00e1gua, polpa de tomate,cenoura, piment\u00e3o,MANTEIGA concentrada, alho franc\u00eas alho, tomate em p\u00f3, sal,a\u00e7\u00facar, temperos (cont\u00e9m MOSTARDA),IOGURTE em p\u00f3, ervas, lim\u00e3o em p\u00f3, sumo de lim\u00e3o, sumo de lim\u00e3o concentrado, amido de milho modificado, espessante: goma de guar; acidificante: \u00e1cido c\u00edtrico; tintura; betacaroteno, aroma.<\/p>\n<p><strong>Alerg\u00e9nicos<\/strong>: ver MA\u00cdUSCULA.<\/p>\n<p><strong> Declara\u00e7\u00e3o Nutricional p\/100g:<\/strong> Energia 553kJ\/132kcal; L\u00edpidos 9,0g (dos quais saturados 6,8g); Hidratos de Carbono 9,0g (dos quais a\u00e7\u00facares 7,4g); Prote\u00ednas 2,7g; Sal 1,3g.<\/p>\n","protected":false},"excerpt":{"rendered":"<p>Sabita Molho Tikka Masala Picante Frasco 200ml &nbsp; Ingredientes: leite de coco (extrato de coco, \u00e1gua), cebola, tomate, IOGURTE, \u00e1gua, polpa de tomate,cenoura, piment\u00e3o,MANTEIGA concentrada, alho franc\u00eas alho, tomate em p\u00f3, sal,a\u00e7\u00facar, temperos (cont\u00e9m MOSTARDA),IOGURTE em p\u00f3, ervas, lim\u00e3o em p\u00f3, sumo de lim\u00e3o, sumo de lim\u00e3o concentrado, amido de milho modificado, espessante: goma de [&hellip;]<\/p>\n","protected":false},"featured_media":1675,"template":"","meta":[],"product_brand":[],"product_cat":[268,36,269,37],"product_tag":[],"class_list":{"0":"post-1674","1":"product","2":"type-product","3":"status-publish","4":"has-post-thumbnail","6":"product_cat-mercearia-indiana-molhossabores-do-mundo","7":"product_cat-mercearia-salgada","8":"product_cat-molhos-e-chutneys-mercearia-indiana-molhossabores-do-mundo","9":"product_cat-molhossabores-do-mundo","10":"pa_marcas-sabita","11":"pa_pais-india","13":"first","14":"instock","15":"taxable","16":"shipping-taxable","17":"product-type-simple"},"_links":{"self":[{"href":"https:\/\/bricer.pt\/index.php?rest_route=\/wp\/v2\/product\/1674","targetHints":{"allow":["GET"]}}],"collection":[{"href":"https:\/\/bricer.pt\/index.php?rest_route=\/wp\/v2\/product"}],"about":[{"href":"https:\/\/bricer.pt\/index.php?rest_route=\/wp\/v2\/types\/product"}],"wp:featuredmedia":[{"embeddable":true,"href":"https:\/\/bricer.pt\/index.php?rest_route=\/wp\/v2\/media\/1675"}],"wp:attachment":[{"href":"https:\/\/bricer.pt\/index.php?rest_route=%2Fwp%2Fv2%2Fmedia&parent=1674"}],"wp:term":[{"taxonomy":"product_brand","embeddable":true,"href":"https:\/\/bricer.pt\/index.php?rest_route=%2Fwp%2Fv2%2Fproduct_brand&post=1674"},{"taxonomy":"product_cat","embeddable":true,"href":"https:\/\/bricer.pt\/index.php?rest_route=%2Fwp%2Fv2%2Fproduct_cat&post=1674"},{"taxonomy":"product_tag","embeddable":true,"href":"https:\/\/bricer.pt\/index.php?rest_route=%2Fwp%2Fv2%2Fproduct_tag&post=1674"}],"curies":[{"name":"wp","href":"https:\/\/api.w.org\/{rel}","templated":true}]}}