{"id":1672,"date":"2023-03-06T11:18:41","date_gmt":"2023-03-06T11:18:41","guid":{"rendered":"https:\/\/bricer.pt\/produto\/sabita-garam-masala-frasco-20g\/"},"modified":"2023-04-17T08:00:28","modified_gmt":"2023-04-17T08:00:28","slug":"sabita-garam-masala-frasco-20g","status":"publish","type":"product","link":"https:\/\/bricer.pt\/?product=sabita-garam-masala-frasco-20g","title":{"rendered":"Sabita Garam Masala Frasco 20g"},"content":{"rendered":"<p><strong>Sabita Garam Masala<\/strong> Frasco 20g.<\/p>\n<p>&nbsp;<\/p>\n<p><strong>Ingredientes<\/strong>: coentro, cominho, gengibre, pimenta, canela,<br \/>\nalho, cardamomo, cravinho.<\/p>\n<p><strong>Alerg\u00e9nios<\/strong>: Ver MAI\u00daSCULAS.<\/p>\n<p><strong>Informa\u00e7\u00f5es Nutricionais<\/strong>: N\u00e3o Dispon\u00edvel<\/p>\n","protected":false},"excerpt":{"rendered":"<p>Sabita Garam Masala Frasco 20g. &nbsp; Ingredientes: coentro, cominho, gengibre, pimenta, canela, alho, cardamomo, cravinho. Alerg\u00e9nios: Ver MAI\u00daSCULAS. Informa\u00e7\u00f5es Nutricionais: N\u00e3o Dispon\u00edvel<\/p>\n","protected":false},"featured_media":1673,"template":"","meta":[],"product_brand":[],"product_cat":[267,266,238,24],"product_tag":[],"class_list":{"0":"post-1672","1":"product","2":"type-product","3":"status-publish","4":"has-post-thumbnail","6":"product_cat-especiarias-especiariasmercearia-salgada","7":"product_cat-especiariasmercearia-salgada","8":"product_cat-mercearia-indiana","9":"product_cat-sabores-do-mundo","10":"pa_marcas-sabita","11":"pa_pais-india","13":"first","14":"instock","15":"taxable","16":"shipping-taxable","17":"product-type-simple"},"_links":{"self":[{"href":"https:\/\/bricer.pt\/index.php?rest_route=\/wp\/v2\/product\/1672","targetHints":{"allow":["GET"]}}],"collection":[{"href":"https:\/\/bricer.pt\/index.php?rest_route=\/wp\/v2\/product"}],"about":[{"href":"https:\/\/bricer.pt\/index.php?rest_route=\/wp\/v2\/types\/product"}],"wp:featuredmedia":[{"embeddable":true,"href":"https:\/\/bricer.pt\/index.php?rest_route=\/wp\/v2\/media\/1673"}],"wp:attachment":[{"href":"https:\/\/bricer.pt\/index.php?rest_route=%2Fwp%2Fv2%2Fmedia&parent=1672"}],"wp:term":[{"taxonomy":"product_brand","embeddable":true,"href":"https:\/\/bricer.pt\/index.php?rest_route=%2Fwp%2Fv2%2Fproduct_brand&post=1672"},{"taxonomy":"product_cat","embeddable":true,"href":"https:\/\/bricer.pt\/index.php?rest_route=%2Fwp%2Fv2%2Fproduct_cat&post=1672"},{"taxonomy":"product_tag","embeddable":true,"href":"https:\/\/bricer.pt\/index.php?rest_route=%2Fwp%2Fv2%2Fproduct_tag&post=1672"}],"curies":[{"name":"wp","href":"https:\/\/api.w.org\/{rel}","templated":true}]}}