{"id":1668,"date":"2023-03-06T11:18:41","date_gmt":"2023-03-06T11:18:41","guid":{"rendered":"https:\/\/bricer.pt\/produto\/sabita-chutney-de-tamarindo-agridoce-frasco-170g\/"},"modified":"2023-04-17T08:00:27","modified_gmt":"2023-04-17T08:00:27","slug":"sabita-chutney-de-tamarindo-agridoce-frasco-170g","status":"publish","type":"product","link":"https:\/\/bricer.pt\/?product=sabita-chutney-de-tamarindo-agridoce-frasco-170g","title":{"rendered":"Sabita Chutney de Tamarindo Agridoce Frasco 170g"},"content":{"rendered":"<p><strong>Sabita Chutney de Tamarindo Agridoce<\/strong> Frasco 170g.<\/p>\n<p>&nbsp;<\/p>\n<p><strong>Ingredientes:<\/strong> a\u00e7\u00facar, tamarindo (40%), especiarias, sal, acidificante: \u00e1cido ac\u00e9tico.<\/p>\n<p><strong>Alerg\u00e9nios<\/strong>: ver MAI\u00daSCULAS.<\/p>\n<p><strong>Declara\u00e7\u00e3o Nutricional p\/100g:<\/strong> Energia 1059kJ\/253kcal; L\u00edpidos 0g (dos quais saturados 0g); Hidratos de Carbono 55g (dos quais a\u00e7\u00facares 53g); Prote\u00ednas 1,1g; Sal 0,66g.<\/p>\n","protected":false},"excerpt":{"rendered":"<p>Sabita Chutney de Tamarindo Agridoce Frasco 170g. &nbsp; Ingredientes: a\u00e7\u00facar, tamarindo (40%), especiarias, sal, acidificante: \u00e1cido ac\u00e9tico. Alerg\u00e9nios: ver MAI\u00daSCULAS. Declara\u00e7\u00e3o Nutricional p\/100g: Energia 1059kJ\/253kcal; L\u00edpidos 0g (dos quais saturados 0g); Hidratos de Carbono 55g (dos quais a\u00e7\u00facares 53g); Prote\u00ednas 1,1g; Sal 0,66g.<\/p>\n","protected":false},"featured_media":1669,"template":"","meta":[],"product_brand":[],"product_cat":[262,263,36,264],"product_tag":[],"class_list":{"0":"post-1668","1":"product","2":"type-product","3":"status-publish","4":"has-post-thumbnail","6":"product_cat-chutneysabores-do-mundo","7":"product_cat-mercearia-indiana-chutneysabores-do-mundo","8":"product_cat-mercearia-salgada","9":"product_cat-molhos-e-chutneys","10":"pa_marcas-sabita","11":"pa_pais-india","13":"first","14":"instock","15":"taxable","16":"shipping-taxable","17":"product-type-simple"},"_links":{"self":[{"href":"https:\/\/bricer.pt\/index.php?rest_route=\/wp\/v2\/product\/1668","targetHints":{"allow":["GET"]}}],"collection":[{"href":"https:\/\/bricer.pt\/index.php?rest_route=\/wp\/v2\/product"}],"about":[{"href":"https:\/\/bricer.pt\/index.php?rest_route=\/wp\/v2\/types\/product"}],"wp:featuredmedia":[{"embeddable":true,"href":"https:\/\/bricer.pt\/index.php?rest_route=\/wp\/v2\/media\/1669"}],"wp:attachment":[{"href":"https:\/\/bricer.pt\/index.php?rest_route=%2Fwp%2Fv2%2Fmedia&parent=1668"}],"wp:term":[{"taxonomy":"product_brand","embeddable":true,"href":"https:\/\/bricer.pt\/index.php?rest_route=%2Fwp%2Fv2%2Fproduct_brand&post=1668"},{"taxonomy":"product_cat","embeddable":true,"href":"https:\/\/bricer.pt\/index.php?rest_route=%2Fwp%2Fv2%2Fproduct_cat&post=1668"},{"taxonomy":"product_tag","embeddable":true,"href":"https:\/\/bricer.pt\/index.php?rest_route=%2Fwp%2Fv2%2Fproduct_tag&post=1668"}],"curies":[{"name":"wp","href":"https:\/\/api.w.org\/{rel}","templated":true}]}}