{"id":1613,"date":"2023-03-06T11:18:31","date_gmt":"2023-03-06T11:18:31","guid":{"rendered":"https:\/\/bricer.pt\/produto\/rinatura-oleo-de-sesamo-bio-garrafa-05l\/"},"modified":"2023-07-23T11:14:26","modified_gmt":"2023-07-23T11:14:26","slug":"rinatura-oleo-de-sesamo-bio-garrafa-05l","status":"publish","type":"product","link":"https:\/\/bricer.pt\/?product=rinatura-oleo-de-sesamo-bio-garrafa-05l","title":{"rendered":"Rinatura \u00d3leo de S\u00e9samo Bio Garrafa 0,5L"},"content":{"rendered":"<p><strong>Rinatura \u00d3leo de S\u00e9samo Bio Garrafa 0,5L<\/strong><\/p>\n<p><img decoding=\"async\" class=\"alignnone  wp-image-13165\" src=\"https:\/\/bricer.pt\/wp-content\/uploads\/2020\/04\/BRICER_SELOS_BIO_LOW-300x286.png\" alt=\"\" width=\"100\" height=\"95\" \/><\/p>\n<p><strong>Ingredientes<\/strong>: 100% \u00f3leo de S\u00c9SAMO biol\u00f3gico extra\u00eddo a frio.<\/p>\n<p><strong>Declara\u00e7\u00e3o Nutricional p\/ 100ml:<\/strong> Energia 3404kJ\/828kcal; L\u00edpidos 92g (dos quais \u00e1cidos gordos saturados 12g; \u00e1cidos gordos monoinsaturados 39g; \u00e1cidos gordos polinsaturados 41g); Hidratos de Carbono 0g (dos quais a\u00e7\u00facares 0g); Prote\u00ednas 0g; Sal 0g.<\/p>\n","protected":false},"excerpt":{"rendered":"<p>Rinatura \u00d3leo de S\u00e9samo Bio Garrafa 0,5L Ingredientes: 100% \u00f3leo de S\u00c9SAMO biol\u00f3gico extra\u00eddo a frio. Declara\u00e7\u00e3o Nutricional p\/ 100ml: Energia 3404kJ\/828kcal; L\u00edpidos 92g (dos quais \u00e1cidos gordos saturados 12g; \u00e1cidos gordos monoinsaturados 39g; \u00e1cidos gordos polinsaturados 41g); Hidratos de Carbono 0g (dos quais a\u00e7\u00facares 0g); Prote\u00ednas 0g; Sal 0g.<\/p>\n","protected":false},"featured_media":1614,"template":"","meta":[],"product_brand":[],"product_cat":[69,370],"product_tag":[],"class_list":{"0":"post-1613","1":"product","2":"type-product","3":"status-publish","4":"has-post-thumbnail","6":"product_cat-alimentacao-saudavel","7":"product_cat-produtos-biologicos","8":"pa_biologica-biologica","9":"pa_marcas-rinatura","10":"pa_pais-alemanha","12":"first","13":"instock","14":"taxable","15":"shipping-taxable","16":"product-type-simple"},"_links":{"self":[{"href":"https:\/\/bricer.pt\/index.php?rest_route=\/wp\/v2\/product\/1613","targetHints":{"allow":["GET"]}}],"collection":[{"href":"https:\/\/bricer.pt\/index.php?rest_route=\/wp\/v2\/product"}],"about":[{"href":"https:\/\/bricer.pt\/index.php?rest_route=\/wp\/v2\/types\/product"}],"wp:featuredmedia":[{"embeddable":true,"href":"https:\/\/bricer.pt\/index.php?rest_route=\/wp\/v2\/media\/1614"}],"wp:attachment":[{"href":"https:\/\/bricer.pt\/index.php?rest_route=%2Fwp%2Fv2%2Fmedia&parent=1613"}],"wp:term":[{"taxonomy":"product_brand","embeddable":true,"href":"https:\/\/bricer.pt\/index.php?rest_route=%2Fwp%2Fv2%2Fproduct_brand&post=1613"},{"taxonomy":"product_cat","embeddable":true,"href":"https:\/\/bricer.pt\/index.php?rest_route=%2Fwp%2Fv2%2Fproduct_cat&post=1613"},{"taxonomy":"product_tag","embeddable":true,"href":"https:\/\/bricer.pt\/index.php?rest_route=%2Fwp%2Fv2%2Fproduct_tag&post=1613"}],"curies":[{"name":"wp","href":"https:\/\/api.w.org\/{rel}","templated":true}]}}