{"id":1609,"date":"2023-03-06T11:18:31","date_gmt":"2023-03-06T11:18:31","guid":{"rendered":"https:\/\/bricer.pt\/produto\/velvare-oleo-de-nozes-garrafa-05l\/"},"modified":"2025-10-14T09:06:18","modified_gmt":"2025-10-14T09:06:18","slug":"velvare-oleo-de-nozes-garrafa-05l","status":"publish","type":"product","link":"https:\/\/bricer.pt\/?product=velvare-oleo-de-nozes-garrafa-05l","title":{"rendered":"Velvare \u00d3leo de Nozes Garrafa 0,5L"},"content":{"rendered":"<p><strong>Velvare \u00d3leo de Nozes<\/strong> Garrafa 0,5L.<\/p>\n<p>&nbsp;<\/p>\n<p><strong>Caracter\u00edsticas<\/strong>: Este valioso \u00f3leo de nozes \u00e9 ideal para uma cozinha fina e sofisticada, com saladas, vegetais crus, sobremesas e pratos doces.<\/p>\n<p><strong>Ingredientes<\/strong>: O \u00f3leo de NOZES \u00e9 extra\u00eddo dos gr\u00e3os saud\u00e1veis das NOZES amadurecidas ao sol.<\/p>\n<p><strong>Alerg\u00e9nicos<\/strong>: ver MAI\u00daSCULAS<\/p>\n<p><strong>Declara\u00e7\u00e3o Nutricional p\/100g:<\/strong> Energia 3467kJ\/828kcal; L\u00edpidos 92g (dos quais \u00e1cidos gordos saturados 7g); Hidratos de Carbono 0g (dos quais a\u00e7\u00facares 0g); Prote\u00ednas 0g; Sal 0g.<\/p>\n","protected":false},"excerpt":{"rendered":"<p>Velvare \u00d3leo de Nozes Garrafa 0,5L. &nbsp; Caracter\u00edsticas: Este valioso \u00f3leo de nozes \u00e9 ideal para uma cozinha fina e sofisticada, com saladas, vegetais crus, sobremesas e pratos doces. Ingredientes: O \u00f3leo de NOZES \u00e9 extra\u00eddo dos gr\u00e3os saud\u00e1veis das NOZES amadurecidas ao sol. Alerg\u00e9nicos: ver MAI\u00daSCULAS Declara\u00e7\u00e3o Nutricional p\/100g: Energia 3467kJ\/828kcal; L\u00edpidos 92g (dos [&hellip;]<\/p>\n","protected":false},"featured_media":1610,"template":"","meta":[],"product_brand":[],"product_cat":[17,259],"product_tag":[],"class_list":{"0":"post-1609","1":"product","2":"type-product","3":"status-publish","4":"has-post-thumbnail","6":"product_cat-mercearia","7":"product_cat-oleo","8":"pa_marcas-velvare","9":"pa_pais-alemanha","11":"first","12":"outofstock","13":"taxable","14":"shipping-taxable","15":"product-type-simple"},"_links":{"self":[{"href":"https:\/\/bricer.pt\/index.php?rest_route=\/wp\/v2\/product\/1609","targetHints":{"allow":["GET"]}}],"collection":[{"href":"https:\/\/bricer.pt\/index.php?rest_route=\/wp\/v2\/product"}],"about":[{"href":"https:\/\/bricer.pt\/index.php?rest_route=\/wp\/v2\/types\/product"}],"wp:featuredmedia":[{"embeddable":true,"href":"https:\/\/bricer.pt\/index.php?rest_route=\/wp\/v2\/media\/1610"}],"wp:attachment":[{"href":"https:\/\/bricer.pt\/index.php?rest_route=%2Fwp%2Fv2%2Fmedia&parent=1609"}],"wp:term":[{"taxonomy":"product_brand","embeddable":true,"href":"https:\/\/bricer.pt\/index.php?rest_route=%2Fwp%2Fv2%2Fproduct_brand&post=1609"},{"taxonomy":"product_cat","embeddable":true,"href":"https:\/\/bricer.pt\/index.php?rest_route=%2Fwp%2Fv2%2Fproduct_cat&post=1609"},{"taxonomy":"product_tag","embeddable":true,"href":"https:\/\/bricer.pt\/index.php?rest_route=%2Fwp%2Fv2%2Fproduct_tag&post=1609"}],"curies":[{"name":"wp","href":"https:\/\/api.w.org\/{rel}","templated":true}]}}