{"id":1603,"date":"2023-03-06T11:18:31","date_gmt":"2023-03-06T11:18:31","guid":{"rendered":"https:\/\/bricer.pt\/produto\/rinatura-oleo-de-coco-endurecido-bio-frasco-130ml\/"},"modified":"2023-07-23T11:14:26","modified_gmt":"2023-07-23T11:14:26","slug":"rinatura-oleo-de-coco-endurecido-bio-frasco-130ml","status":"publish","type":"product","link":"https:\/\/bricer.pt\/?product=rinatura-oleo-de-coco-endurecido-bio-frasco-130ml","title":{"rendered":"Rinatura \u00d3leo de Coco Endurecido Bio Frasco 130ml"},"content":{"rendered":"<p><strong>Rinatura \u00d3leo de Coco Endurecido Bio Frasco 130ml.<\/strong><\/p>\n<p><img decoding=\"async\" class=\"alignnone  wp-image-13165\" src=\"https:\/\/bricer.pt\/wp-content\/uploads\/2020\/04\/BRICER_SELOS_BIO_LOW-300x286.png\" alt=\"\" width=\"100\" height=\"95\" \/><\/p>\n<p><strong>Ingredientes<\/strong>: 100% \u00f3leo de coco biol\u00f3gico endurecido.<\/p>\n<p><strong>Declara\u00e7\u00e3o Nutricional p\/ 100ml:<\/strong> Energia 3367kJ\/819kcal; L\u00edpidos 91g (dos quais \u00e1cidos gordos saturados 85g); Hidratos de Carbono 0g (dos quais a\u00e7\u00facares 0g); Prote\u00ednas 0g; Sal &lt;0,01g.<\/p>\n","protected":false},"excerpt":{"rendered":"<p>Rinatura \u00d3leo de Coco Endurecido Bio Frasco 130ml. Ingredientes: 100% \u00f3leo de coco biol\u00f3gico endurecido. Declara\u00e7\u00e3o Nutricional p\/ 100ml: Energia 3367kJ\/819kcal; L\u00edpidos 91g (dos quais \u00e1cidos gordos saturados 85g); Hidratos de Carbono 0g (dos quais a\u00e7\u00facares 0g); Prote\u00ednas 0g; Sal &lt;0,01g.<\/p>\n","protected":false},"featured_media":1604,"template":"","meta":[],"product_brand":[],"product_cat":[69,370],"product_tag":[],"class_list":{"0":"post-1603","1":"product","2":"type-product","3":"status-publish","4":"has-post-thumbnail","6":"product_cat-alimentacao-saudavel","7":"product_cat-produtos-biologicos","8":"pa_biologica-biologica","9":"pa_marcas-rinatura","10":"pa_pais-alemanha","12":"first","13":"instock","14":"taxable","15":"shipping-taxable","16":"product-type-simple"},"_links":{"self":[{"href":"https:\/\/bricer.pt\/index.php?rest_route=\/wp\/v2\/product\/1603","targetHints":{"allow":["GET"]}}],"collection":[{"href":"https:\/\/bricer.pt\/index.php?rest_route=\/wp\/v2\/product"}],"about":[{"href":"https:\/\/bricer.pt\/index.php?rest_route=\/wp\/v2\/types\/product"}],"wp:featuredmedia":[{"embeddable":true,"href":"https:\/\/bricer.pt\/index.php?rest_route=\/wp\/v2\/media\/1604"}],"wp:attachment":[{"href":"https:\/\/bricer.pt\/index.php?rest_route=%2Fwp%2Fv2%2Fmedia&parent=1603"}],"wp:term":[{"taxonomy":"product_brand","embeddable":true,"href":"https:\/\/bricer.pt\/index.php?rest_route=%2Fwp%2Fv2%2Fproduct_brand&post=1603"},{"taxonomy":"product_cat","embeddable":true,"href":"https:\/\/bricer.pt\/index.php?rest_route=%2Fwp%2Fv2%2Fproduct_cat&post=1603"},{"taxonomy":"product_tag","embeddable":true,"href":"https:\/\/bricer.pt\/index.php?rest_route=%2Fwp%2Fv2%2Fproduct_tag&post=1603"}],"curies":[{"name":"wp","href":"https:\/\/api.w.org\/{rel}","templated":true}]}}