{"id":1594,"date":"2023-03-06T11:18:26","date_gmt":"2023-03-06T11:18:26","guid":{"rendered":"https:\/\/bricer.pt\/produto\/rinatura-leite-de-coco-bio-lata-400ml\/"},"modified":"2023-07-23T11:14:18","modified_gmt":"2023-07-23T11:14:18","slug":"rinatura-leite-de-coco-bio-lata-400ml","status":"publish","type":"product","link":"https:\/\/bricer.pt\/?product=rinatura-leite-de-coco-bio-lata-400ml","title":{"rendered":"Rinatura Leite de Coco Bio Lata 400ml"},"content":{"rendered":"<p><strong>Rinatura Leite de Coco Bio Lata 400ml<\/strong><\/p>\n<p><img decoding=\"async\" class=\"alignnone  wp-image-13165\" src=\"https:\/\/bricer.pt\/wp-content\/uploads\/2020\/04\/BRICER_SELOS_BIO_LOW-300x286.png\" alt=\"\" width=\"100\" height=\"95\" \/><\/p>\n<p><strong>Ingredientes<\/strong>: extrato de coco* (60%), \u00e1gua, estabilizador: goma de guar. *De agricultura biol\u00f3gica.<\/p>\n<p><strong>Declara\u00e7\u00e3o Nutricional p\/100ml:<\/strong> 697kJ\/169kcal; L\u00edpidos 17g (dos quais \u00e1cidos\u00a0 gordos saturados 16g); Hidratos de Carbono 2,5g (dos quais a\u00e7\u00facares 0,5g); Prote\u00ednas 1,5g; Sal &lt;0,01g.<\/p>\n","protected":false},"excerpt":{"rendered":"<p>Rinatura Leite de Coco Bio Lata 400ml Ingredientes: extrato de coco* (60%), \u00e1gua, estabilizador: goma de guar. *De agricultura biol\u00f3gica. Declara\u00e7\u00e3o Nutricional p\/100ml: 697kJ\/169kcal; L\u00edpidos 17g (dos quais \u00e1cidos\u00a0 gordos saturados 16g); Hidratos de Carbono 2,5g (dos quais a\u00e7\u00facares 0,5g); Prote\u00ednas 1,5g; Sal &lt;0,01g.<\/p>\n","protected":false},"featured_media":1595,"template":"","meta":[],"product_brand":[],"product_cat":[69,370],"product_tag":[],"class_list":{"0":"post-1594","1":"product","2":"type-product","3":"status-publish","4":"has-post-thumbnail","6":"product_cat-alimentacao-saudavel","7":"product_cat-produtos-biologicos","8":"pa_biologica-biologica","9":"pa_marcas-rinatura","10":"pa_pais-alemanha","12":"first","13":"instock","14":"taxable","15":"shipping-taxable","16":"product-type-simple"},"_links":{"self":[{"href":"https:\/\/bricer.pt\/index.php?rest_route=\/wp\/v2\/product\/1594","targetHints":{"allow":["GET"]}}],"collection":[{"href":"https:\/\/bricer.pt\/index.php?rest_route=\/wp\/v2\/product"}],"about":[{"href":"https:\/\/bricer.pt\/index.php?rest_route=\/wp\/v2\/types\/product"}],"wp:featuredmedia":[{"embeddable":true,"href":"https:\/\/bricer.pt\/index.php?rest_route=\/wp\/v2\/media\/1595"}],"wp:attachment":[{"href":"https:\/\/bricer.pt\/index.php?rest_route=%2Fwp%2Fv2%2Fmedia&parent=1594"}],"wp:term":[{"taxonomy":"product_brand","embeddable":true,"href":"https:\/\/bricer.pt\/index.php?rest_route=%2Fwp%2Fv2%2Fproduct_brand&post=1594"},{"taxonomy":"product_cat","embeddable":true,"href":"https:\/\/bricer.pt\/index.php?rest_route=%2Fwp%2Fv2%2Fproduct_cat&post=1594"},{"taxonomy":"product_tag","embeddable":true,"href":"https:\/\/bricer.pt\/index.php?rest_route=%2Fwp%2Fv2%2Fproduct_tag&post=1594"}],"curies":[{"name":"wp","href":"https:\/\/api.w.org\/{rel}","templated":true}]}}