{"id":1588,"date":"2023-03-06T11:18:26","date_gmt":"2023-03-06T11:18:26","guid":{"rendered":"https:\/\/bricer.pt\/produto\/rinatura-flocos-de-espelta-integral-bio-saqueta-500g\/"},"modified":"2025-11-20T11:44:17","modified_gmt":"2025-11-20T11:44:17","slug":"rinatura-flocos-de-espelta-integral-bio-saqueta-500g","status":"publish","type":"product","link":"https:\/\/bricer.pt\/?product=rinatura-flocos-de-espelta-integral-bio-saqueta-500g","title":{"rendered":"Rinatura Flocos de Espelta Integral Bio Saqueta 500g"},"content":{"rendered":"<p><strong>Rinatura Flocos de Espelta Integral Bio Saqueta 500g.<\/strong><\/p>\n<p><img decoding=\"async\" class=\"alignnone  wp-image-13165\" src=\"https:\/\/bricer.pt\/wp-content\/uploads\/2020\/04\/BRICER_SELOS_BIO_LOW-300x286.png\" alt=\"\" width=\"100\" height=\"95\" \/><\/p>\n<p><strong>Ingredientes<\/strong>: 100% Flocos de ESPELTA integral de agricultura biol\u00f3gica da UE.<\/p>\n<p><strong>Alerg\u00e9nios<\/strong>: ver MAI\u00daSCULAS.<\/p>\n<p><strong>Declara\u00e7\u00e3o Nutricional p\/100g:<\/strong> Energia 1476kJ\/349kcal; L\u00edpidos 2,7g (dos quais saturados 0,6g); Hidratos de Carbono 64g (dos quais a\u00e7\u00facares 1,0g); Fibra 8,4g; Prote\u00ednas 13g; Sal &lt;0,10g.<\/p>\n","protected":false},"excerpt":{"rendered":"<p>Rinatura Flocos de Espelta Integral Bio Saqueta 500g. Ingredientes: 100% Flocos de ESPELTA integral de agricultura biol\u00f3gica da UE. Alerg\u00e9nios: ver MAI\u00daSCULAS. Declara\u00e7\u00e3o Nutricional p\/100g: Energia 1476kJ\/349kcal; L\u00edpidos 2,7g (dos quais saturados 0,6g); Hidratos de Carbono 64g (dos quais a\u00e7\u00facares 1,0g); Fibra 8,4g; Prote\u00ednas 13g; Sal &lt;0,10g.<\/p>\n","protected":false},"featured_media":1589,"template":"","meta":[],"product_brand":[],"product_cat":[69,370],"product_tag":[],"class_list":{"0":"post-1588","1":"product","2":"type-product","3":"status-publish","4":"has-post-thumbnail","6":"product_cat-alimentacao-saudavel","7":"product_cat-produtos-biologicos","8":"pa_biologica-biologica","9":"pa_marcas-rinatura","10":"pa_pais-alemanha","12":"first","13":"outofstock","14":"taxable","15":"shipping-taxable","16":"product-type-simple"},"_links":{"self":[{"href":"https:\/\/bricer.pt\/index.php?rest_route=\/wp\/v2\/product\/1588","targetHints":{"allow":["GET"]}}],"collection":[{"href":"https:\/\/bricer.pt\/index.php?rest_route=\/wp\/v2\/product"}],"about":[{"href":"https:\/\/bricer.pt\/index.php?rest_route=\/wp\/v2\/types\/product"}],"wp:featuredmedia":[{"embeddable":true,"href":"https:\/\/bricer.pt\/index.php?rest_route=\/wp\/v2\/media\/1589"}],"wp:attachment":[{"href":"https:\/\/bricer.pt\/index.php?rest_route=%2Fwp%2Fv2%2Fmedia&parent=1588"}],"wp:term":[{"taxonomy":"product_brand","embeddable":true,"href":"https:\/\/bricer.pt\/index.php?rest_route=%2Fwp%2Fv2%2Fproduct_brand&post=1588"},{"taxonomy":"product_cat","embeddable":true,"href":"https:\/\/bricer.pt\/index.php?rest_route=%2Fwp%2Fv2%2Fproduct_cat&post=1588"},{"taxonomy":"product_tag","embeddable":true,"href":"https:\/\/bricer.pt\/index.php?rest_route=%2Fwp%2Fv2%2Fproduct_tag&post=1588"}],"curies":[{"name":"wp","href":"https:\/\/api.w.org\/{rel}","templated":true}]}}