{"id":1582,"date":"2023-03-06T11:18:26","date_gmt":"2023-03-06T11:18:26","guid":{"rendered":"https:\/\/bricer.pt\/produto\/rinatura-espelta-tufada-c-mel-bio-saqueta-200g\/"},"modified":"2025-11-20T11:43:10","modified_gmt":"2025-11-20T11:43:10","slug":"rinatura-espelta-tufada-c-mel-bio-saqueta-200g","status":"publish","type":"product","link":"https:\/\/bricer.pt\/?product=rinatura-espelta-tufada-c-mel-bio-saqueta-200g","title":{"rendered":"Rinatura Espelta Tufada c\/Mel Bio Saqueta 200g"},"content":{"rendered":"<p><strong>Rinatura Espelta Tufada c\/Mel Bio Saqueta 200g.<\/strong><\/p>\n<p><img decoding=\"async\" class=\"alignnone  wp-image-13165\" src=\"https:\/\/bricer.pt\/wp-content\/uploads\/2020\/04\/BRICER_SELOS_BIO_LOW-300x286.png\" alt=\"\" width=\"100\" height=\"95\" \/><\/p>\n<p>Ingredientes: ESPELTA* tufada, mel* (30%). *De produ\u00e7\u00e3o biol\u00f3gica.<\/p>\n<p>Alerg\u00e9nicos: Cont\u00e9m GL\u00daTEN. Ver MAI\u00daSCULAS.<\/p>\n<p>Declara\u00e7\u00e3o Nutricional p\/100g: Energia 1654kJ\/391kcal; L\u00edpidos 3,4g (dos quais saturados 0,5g); Hidratos de Carbono 78g (dos quais a\u00e7\u00facares 24g); Fibra 6,4g; Prote\u00ednas 8,5g; Sal 0,01g.<\/p>\n","protected":false},"excerpt":{"rendered":"<p>Rinatura Espelta Tufada c\/Mel Bio Saqueta 200g. Ingredientes: ESPELTA* tufada, mel* (30%). *De produ\u00e7\u00e3o biol\u00f3gica. Alerg\u00e9nicos: Cont\u00e9m GL\u00daTEN. Ver MAI\u00daSCULAS. Declara\u00e7\u00e3o Nutricional p\/100g: Energia 1654kJ\/391kcal; L\u00edpidos 3,4g (dos quais saturados 0,5g); Hidratos de Carbono 78g (dos quais a\u00e7\u00facares 24g); Fibra 6,4g; Prote\u00ednas 8,5g; Sal 0,01g.<\/p>\n","protected":false},"featured_media":1583,"template":"","meta":[],"product_brand":[],"product_cat":[69,370],"product_tag":[],"class_list":{"0":"post-1582","1":"product","2":"type-product","3":"status-publish","4":"has-post-thumbnail","6":"product_cat-alimentacao-saudavel","7":"product_cat-produtos-biologicos","8":"pa_biologica-biologica","9":"pa_marcas-rinatura","10":"pa_pais-alemanha","12":"first","13":"instock","14":"taxable","15":"shipping-taxable","16":"product-type-simple"},"_links":{"self":[{"href":"https:\/\/bricer.pt\/index.php?rest_route=\/wp\/v2\/product\/1582","targetHints":{"allow":["GET"]}}],"collection":[{"href":"https:\/\/bricer.pt\/index.php?rest_route=\/wp\/v2\/product"}],"about":[{"href":"https:\/\/bricer.pt\/index.php?rest_route=\/wp\/v2\/types\/product"}],"wp:featuredmedia":[{"embeddable":true,"href":"https:\/\/bricer.pt\/index.php?rest_route=\/wp\/v2\/media\/1583"}],"wp:attachment":[{"href":"https:\/\/bricer.pt\/index.php?rest_route=%2Fwp%2Fv2%2Fmedia&parent=1582"}],"wp:term":[{"taxonomy":"product_brand","embeddable":true,"href":"https:\/\/bricer.pt\/index.php?rest_route=%2Fwp%2Fv2%2Fproduct_brand&post=1582"},{"taxonomy":"product_cat","embeddable":true,"href":"https:\/\/bricer.pt\/index.php?rest_route=%2Fwp%2Fv2%2Fproduct_cat&post=1582"},{"taxonomy":"product_tag","embeddable":true,"href":"https:\/\/bricer.pt\/index.php?rest_route=%2Fwp%2Fv2%2Fproduct_tag&post=1582"}],"curies":[{"name":"wp","href":"https:\/\/api.w.org\/{rel}","templated":true}]}}