{"id":1562,"date":"2023-03-06T11:18:21","date_gmt":"2023-03-06T11:18:21","guid":{"rendered":"https:\/\/bricer.pt\/produto\/regilait-leite-magro-em-po-cx-250g\/"},"modified":"2023-07-23T11:02:16","modified_gmt":"2023-07-23T11:02:16","slug":"regilait-leite-magro-em-po-cx-250g","status":"publish","type":"product","link":"https:\/\/bricer.pt\/?product=regilait-leite-magro-em-po-cx-250g","title":{"rendered":"R\u00e9gilait Leite Magro em P\u00f3 Cx. 250g"},"content":{"rendered":"<p><strong>R\u00e9gilait Leite Magro em P\u00f3 Cx. 250g<\/strong><\/p>\n<p>&nbsp;<\/p>\n<p><strong>Ingredientes<\/strong>: LEITE magro em p\u00f3. Pode conter vest\u00edgios de SOJA.<\/p>\n<p><strong>Alerg\u00e9nios<\/strong>: ver MAI\u00daSCULAS.<\/p>\n<p><strong> Advert\u00eancias<\/strong>: Este leite n\u00e3o se destina \u00e0 alimenta\u00e7\u00e3o de crian\u00e7as com menos de 12 meses de idade.<\/p>\n<p><strong>Declara\u00e7\u00e3o Nutricional p\/100g:<\/strong> Energia 1526kJ\/359kcal; L\u00edpidos 0,8g (dos quais saturados 0,5g); Hidratos de Carbono 52g (dos quais a\u00e7\u00facares 52g); Prote\u00ednas 36g; Sal 1,1g; C\u00e1lcio 1230mg.<\/p>\n","protected":false},"excerpt":{"rendered":"<p>R\u00e9gilait Leite Magro em P\u00f3 Cx. 250g &nbsp; Ingredientes: LEITE magro em p\u00f3. Pode conter vest\u00edgios de SOJA. Alerg\u00e9nios: ver MAI\u00daSCULAS. Advert\u00eancias: Este leite n\u00e3o se destina \u00e0 alimenta\u00e7\u00e3o de crian\u00e7as com menos de 12 meses de idade. Declara\u00e7\u00e3o Nutricional p\/100g: Energia 1526kJ\/359kcal; L\u00edpidos 0,8g (dos quais saturados 0,5g); Hidratos de Carbono 52g (dos quais [&hellip;]<\/p>\n","protected":false},"featured_media":1563,"template":"","meta":[],"product_brand":[],"product_cat":[252,17],"product_tag":[],"class_list":{"0":"post-1562","1":"product","2":"type-product","3":"status-publish","4":"has-post-thumbnail","6":"product_cat-bebidas-em-po","7":"product_cat-mercearia","8":"pa_marcas-regilait","9":"pa_pais-franca","11":"first","12":"instock","13":"taxable","14":"shipping-taxable","15":"product-type-simple"},"_links":{"self":[{"href":"https:\/\/bricer.pt\/index.php?rest_route=\/wp\/v2\/product\/1562","targetHints":{"allow":["GET"]}}],"collection":[{"href":"https:\/\/bricer.pt\/index.php?rest_route=\/wp\/v2\/product"}],"about":[{"href":"https:\/\/bricer.pt\/index.php?rest_route=\/wp\/v2\/types\/product"}],"wp:featuredmedia":[{"embeddable":true,"href":"https:\/\/bricer.pt\/index.php?rest_route=\/wp\/v2\/media\/1563"}],"wp:attachment":[{"href":"https:\/\/bricer.pt\/index.php?rest_route=%2Fwp%2Fv2%2Fmedia&parent=1562"}],"wp:term":[{"taxonomy":"product_brand","embeddable":true,"href":"https:\/\/bricer.pt\/index.php?rest_route=%2Fwp%2Fv2%2Fproduct_brand&post=1562"},{"taxonomy":"product_cat","embeddable":true,"href":"https:\/\/bricer.pt\/index.php?rest_route=%2Fwp%2Fv2%2Fproduct_cat&post=1562"},{"taxonomy":"product_tag","embeddable":true,"href":"https:\/\/bricer.pt\/index.php?rest_route=%2Fwp%2Fv2%2Fproduct_tag&post=1562"}],"curies":[{"name":"wp","href":"https:\/\/api.w.org\/{rel}","templated":true}]}}