{"id":1560,"date":"2023-03-06T11:18:21","date_gmt":"2023-03-06T11:18:21","guid":{"rendered":"https:\/\/bricer.pt\/produto\/regilait-leite-em-po-em-sticks-cx-60g-15x4g\/"},"modified":"2023-07-23T11:02:16","modified_gmt":"2023-07-23T11:02:16","slug":"regilait-leite-em-po-em-sticks-cx-60g-15x4g","status":"publish","type":"product","link":"https:\/\/bricer.pt\/?product=regilait-leite-em-po-em-sticks-cx-60g-15x4g","title":{"rendered":"R\u00e9gilait Leite em P\u00f3 em Sticks Cx. 60g (15x4g)"},"content":{"rendered":"<p><strong>R\u00e9gilait Leite em P\u00f3 em Sticks Cx. 60g (15x4g).<\/strong><\/p>\n<p>&nbsp;<\/p>\n<p><strong>Ingredientes<\/strong>: LEITE em p\u00f3 desnatado (origem: Fran\u00e7a), aroma. Pode conter<br \/>\nvest\u00edgios de SOJA. Mat\u00e9ria gorda: 0,3g\/Litro de caf\u00e9 c\/leite.<\/p>\n<p><strong>Alerg\u00e9nios<\/strong>: ver MAI\u00daSCULAS.<\/p>\n<p><strong>Advert\u00eancias<\/strong>: Este leite n\u00e3o se destina \u00e0 alimenta\u00e7\u00e3o de crian\u00e7as com menos de 12 meses.<\/p>\n<p><strong>Declara\u00e7\u00e3o Nutricional p\/ 100g:<\/strong> Energia 1526kJ\/359kcal; L\u00edpidos 0,8g (dos quais saturados 0,5g); Hidratos de Carbono 52g (dos quais a\u00e7\u00facares 52g); Prote\u00ednas 36g; Sal 1,1g.<\/p>\n","protected":false},"excerpt":{"rendered":"<p>R\u00e9gilait Leite em P\u00f3 em Sticks Cx. 60g (15x4g). &nbsp; Ingredientes: LEITE em p\u00f3 desnatado (origem: Fran\u00e7a), aroma. Pode conter vest\u00edgios de SOJA. Mat\u00e9ria gorda: 0,3g\/Litro de caf\u00e9 c\/leite. Alerg\u00e9nios: ver MAI\u00daSCULAS. Advert\u00eancias: Este leite n\u00e3o se destina \u00e0 alimenta\u00e7\u00e3o de crian\u00e7as com menos de 12 meses. Declara\u00e7\u00e3o Nutricional p\/ 100g: Energia 1526kJ\/359kcal; L\u00edpidos 0,8g [&hellip;]<\/p>\n","protected":false},"featured_media":1561,"template":"","meta":[],"product_brand":[],"product_cat":[252,17],"product_tag":[],"class_list":{"0":"post-1560","1":"product","2":"type-product","3":"status-publish","4":"has-post-thumbnail","6":"product_cat-bebidas-em-po","7":"product_cat-mercearia","8":"pa_marcas-regilait","9":"pa_pais-franca","11":"first","12":"instock","13":"taxable","14":"shipping-taxable","15":"product-type-simple"},"_links":{"self":[{"href":"https:\/\/bricer.pt\/index.php?rest_route=\/wp\/v2\/product\/1560","targetHints":{"allow":["GET"]}}],"collection":[{"href":"https:\/\/bricer.pt\/index.php?rest_route=\/wp\/v2\/product"}],"about":[{"href":"https:\/\/bricer.pt\/index.php?rest_route=\/wp\/v2\/types\/product"}],"wp:featuredmedia":[{"embeddable":true,"href":"https:\/\/bricer.pt\/index.php?rest_route=\/wp\/v2\/media\/1561"}],"wp:attachment":[{"href":"https:\/\/bricer.pt\/index.php?rest_route=%2Fwp%2Fv2%2Fmedia&parent=1560"}],"wp:term":[{"taxonomy":"product_brand","embeddable":true,"href":"https:\/\/bricer.pt\/index.php?rest_route=%2Fwp%2Fv2%2Fproduct_brand&post=1560"},{"taxonomy":"product_cat","embeddable":true,"href":"https:\/\/bricer.pt\/index.php?rest_route=%2Fwp%2Fv2%2Fproduct_cat&post=1560"},{"taxonomy":"product_tag","embeddable":true,"href":"https:\/\/bricer.pt\/index.php?rest_route=%2Fwp%2Fv2%2Fproduct_tag&post=1560"}],"curies":[{"name":"wp","href":"https:\/\/api.w.org\/{rel}","templated":true}]}}