{"id":1558,"date":"2023-03-06T11:18:21","date_gmt":"2023-03-06T11:18:21","guid":{"rendered":"https:\/\/bricer.pt\/produto\/regilait-leite-desnatado-em-po-lata-700g\/"},"modified":"2023-07-23T11:02:16","modified_gmt":"2023-07-23T11:02:16","slug":"regilait-leite-desnatado-em-po-lata-700g","status":"publish","type":"product","link":"https:\/\/bricer.pt\/?product=regilait-leite-desnatado-em-po-lata-700g","title":{"rendered":"R\u00e9gilait Leite Desnatado em P\u00f3 Lata 700g"},"content":{"rendered":"<p><strong>R\u00e9gilait Leite Desnatado em P\u00f3 Lata 700g<\/strong><\/p>\n<p>&nbsp;<\/p>\n<p><strong>Ingredientes<\/strong>: LEITE desnatado em p\u00f3 (LEITE).<\/p>\n<p><strong>Alerg\u00e9nios<\/strong>: ver MAI\u00daSCULAS. Pode conter vest\u00edgios de soja.<\/p>\n<p><strong>Advert\u00eancias<\/strong>: Este leite n\u00e3o se destina \u00e0 alimenta\u00e7\u00e3o de crian\u00e7as com menos de 12 meses de idade.<\/p>\n<p><strong>Declara\u00e7\u00e3o Nutricional p\/100g:<\/strong> Energia 1526kJ\/359kcal; L\u00edpidos 0,8g (dos quais saturados 0,5g); Hidratos de Carbono 52g (dos quais a\u00e7\u00facares 52g); Prote\u00ednas 36g; Sal 1,1g.<\/p>\n","protected":false},"excerpt":{"rendered":"<p>R\u00e9gilait Leite Desnatado em P\u00f3 Lata 700g &nbsp; Ingredientes: LEITE desnatado em p\u00f3 (LEITE). Alerg\u00e9nios: ver MAI\u00daSCULAS. Pode conter vest\u00edgios de soja. Advert\u00eancias: Este leite n\u00e3o se destina \u00e0 alimenta\u00e7\u00e3o de crian\u00e7as com menos de 12 meses de idade. Declara\u00e7\u00e3o Nutricional p\/100g: Energia 1526kJ\/359kcal; L\u00edpidos 0,8g (dos quais saturados 0,5g); Hidratos de Carbono 52g (dos [&hellip;]<\/p>\n","protected":false},"featured_media":1559,"template":"","meta":[],"product_brand":[],"product_cat":[254,17,255],"product_tag":[],"class_list":{"0":"post-1558","1":"product","2":"type-product","3":"status-publish","4":"has-post-thumbnail","6":"product_cat-bebidas-em-posabores-da-europa","7":"product_cat-mercearia","8":"product_cat-mercearia-francesa-bebidas-em-posabores-da-europa","9":"pa_marcas-regilait","10":"pa_pais-franca","12":"first","13":"instock","14":"taxable","15":"shipping-taxable","16":"product-type-simple"},"_links":{"self":[{"href":"https:\/\/bricer.pt\/index.php?rest_route=\/wp\/v2\/product\/1558","targetHints":{"allow":["GET"]}}],"collection":[{"href":"https:\/\/bricer.pt\/index.php?rest_route=\/wp\/v2\/product"}],"about":[{"href":"https:\/\/bricer.pt\/index.php?rest_route=\/wp\/v2\/types\/product"}],"wp:featuredmedia":[{"embeddable":true,"href":"https:\/\/bricer.pt\/index.php?rest_route=\/wp\/v2\/media\/1559"}],"wp:attachment":[{"href":"https:\/\/bricer.pt\/index.php?rest_route=%2Fwp%2Fv2%2Fmedia&parent=1558"}],"wp:term":[{"taxonomy":"product_brand","embeddable":true,"href":"https:\/\/bricer.pt\/index.php?rest_route=%2Fwp%2Fv2%2Fproduct_brand&post=1558"},{"taxonomy":"product_cat","embeddable":true,"href":"https:\/\/bricer.pt\/index.php?rest_route=%2Fwp%2Fv2%2Fproduct_cat&post=1558"},{"taxonomy":"product_tag","embeddable":true,"href":"https:\/\/bricer.pt\/index.php?rest_route=%2Fwp%2Fv2%2Fproduct_tag&post=1558"}],"curies":[{"name":"wp","href":"https:\/\/api.w.org\/{rel}","templated":true}]}}