{"id":155,"date":"2023-03-06T11:01:27","date_gmt":"2023-03-06T11:01:27","guid":{"rendered":"https:\/\/bricer.pt\/produto\/batiste-champo-seco-original-spray-200ml\/"},"modified":"2023-04-17T07:57:19","modified_gmt":"2023-04-17T07:57:19","slug":"batiste-champo-seco-original-spray-200ml","status":"publish","type":"product","link":"https:\/\/bricer.pt\/?product=batiste-champo-seco-original-spray-200ml","title":{"rendered":"Batiste Champ\u00f4 Seco Original Spray 200ml"},"content":{"rendered":"<p><strong>Batiste Champ\u00f4 Seco Original<\/strong> Spray 200ml.<\/p>\n<p>&nbsp;<\/p>\n<p><strong>Caracter\u00edsticas<\/strong>: O champ\u00f4 seco Batiste elimina a oleosidade das ra\u00edzes e refresca o cabelo sem o uso de \u00e1gua.<\/p>\n<p><strong>Ingredientes<\/strong>: Butane, Isobutane, Propane, Oryza Sativa (Rice) Starch, Alcohol Denat., Parfum (Fragrance), Limonene, Linalool, Geraniol, Benzyl Benzoate, Distearyldimonium Chloride, Cetrimonium Chloride.<\/p>\n<p><strong>Instru\u00e7\u00f5es<\/strong>: 1- Agite bem. Aplique nas ra\u00edzes secas, por sec\u00e7\u00e3o, a uma dist\u00e2ncia<br \/>\nde 30cm\/12in; 2- Massaje o couro cabeludo com a ponta dos dedos para garantir<br \/>\nque as ra\u00edzes est\u00e3o totalmente cobertas; 3- Escova o cabelo para remover o<br \/>\nexcesso de res\u00edduos. Fa\u00e7a o penteado que desejar.<\/p>\n<p><strong>Advert\u00eancias<\/strong>: Aerossol extremamente inflam\u00e1vel. Manter afastado do calor\/fa\u00edscas\/chamas\/superf\u00edcies aquecidas &#8211; N\u00e3o fumar. N\u00e3o vaporizar sobre uma chama ou outras fontes de igni\u00e7\u00e3o. Recipiente pressurizado. Pode rebentar se aquecido. N\u00e3o furar ou queimar, mesmo ap\u00f3s utilizar. N\u00e3o expor a temperaturas superiores a 50\u00b0C \/ 120\u00b0F. A utiliza\u00e7\u00e3o abusiva, deliberadamente concentrando ou inalando o produto, pode ser prejudicial ou fatal. Utilizar apenas como instru\u00eddo. N\u00e3o aplicar em pele ferida ou irritada. Produto n\u00e3o destinado \u00e0 higiene \u00edntima. Evitar a pulveriza\u00e7\u00e3o nos olhos. MANTER FORA DO ALCANCE DAS CRIAN\u00c7AS.<br \/>\nPERIGO: ABUSO DE SOLVENTES PODE MATAR INSTANTANEAMENTE.<br \/>\nEXTREMAMENTE INFLAM\u00c1VEL<\/p>\n","protected":false},"excerpt":{"rendered":"<p>Batiste Champ\u00f4 Seco Original Spray 200ml. &nbsp; Caracter\u00edsticas: O champ\u00f4 seco Batiste elimina a oleosidade das ra\u00edzes e refresca o cabelo sem o uso de \u00e1gua. Ingredientes: Butane, Isobutane, Propane, Oryza Sativa (Rice) Starch, Alcohol Denat., Parfum (Fragrance), Limonene, Linalool, Geraniol, Benzyl Benzoate, Distearyldimonium Chloride, Cetrimonium Chloride. Instru\u00e7\u00f5es: 1- Agite bem. Aplique nas ra\u00edzes secas, [&hellip;]<\/p>\n","protected":false},"featured_media":156,"template":"","meta":[],"product_brand":[],"product_cat":[55,61],"product_tag":[],"class_list":{"0":"post-155","1":"product","2":"type-product","3":"status-publish","4":"has-post-thumbnail","6":"product_cat-dph","7":"product_cat-higiene-e-beleza-cabelo","8":"pa_marcas-batiste","9":"pa_pais-reino-unido","11":"first","12":"instock","13":"taxable","14":"shipping-taxable","15":"product-type-simple"},"_links":{"self":[{"href":"https:\/\/bricer.pt\/index.php?rest_route=\/wp\/v2\/product\/155","targetHints":{"allow":["GET"]}}],"collection":[{"href":"https:\/\/bricer.pt\/index.php?rest_route=\/wp\/v2\/product"}],"about":[{"href":"https:\/\/bricer.pt\/index.php?rest_route=\/wp\/v2\/types\/product"}],"wp:featuredmedia":[{"embeddable":true,"href":"https:\/\/bricer.pt\/index.php?rest_route=\/wp\/v2\/media\/156"}],"wp:attachment":[{"href":"https:\/\/bricer.pt\/index.php?rest_route=%2Fwp%2Fv2%2Fmedia&parent=155"}],"wp:term":[{"taxonomy":"product_brand","embeddable":true,"href":"https:\/\/bricer.pt\/index.php?rest_route=%2Fwp%2Fv2%2Fproduct_brand&post=155"},{"taxonomy":"product_cat","embeddable":true,"href":"https:\/\/bricer.pt\/index.php?rest_route=%2Fwp%2Fv2%2Fproduct_cat&post=155"},{"taxonomy":"product_tag","embeddable":true,"href":"https:\/\/bricer.pt\/index.php?rest_route=%2Fwp%2Fv2%2Fproduct_tag&post=155"}],"curies":[{"name":"wp","href":"https:\/\/api.w.org\/{rel}","templated":true}]}}